{"id":385,"date":"2023-02-16T22:20:41","date_gmt":"2023-02-16T22:20:41","guid":{"rendered":"https:\/\/sodes-shop.com\/?post_type=product&#038;p=385"},"modified":"2023-02-16T22:45:46","modified_gmt":"2023-02-16T22:45:46","slug":"bullet-ds-2ce16d0t-vfir3e","status":"publish","type":"product","link":"https:\/\/sodes-shop.com\/index.php\/product\/bullet-ds-2ce16d0t-vfir3e\/","title":{"rendered":"BULLET-DS-2CE16D0T-VFIR3E"},"content":{"rendered":"<p align=\"JUSTIFY\">Camera m\u00e9gapixels avec convertisseur Progressive Scan CMOS et interface HD-TVI (High Definition Transport Video Interface).<\/p>\n<p align=\"JUSTIFY\">L&#8217;interface HD-TVI permet la transmission du signal vid\u00e9o analogique via le c\u00e2ble coaxial avec une r\u00e9solution jusqu&#8217;\u00e0 8 Mpx (4K). Pendant la transmission il n&#8217;y a pas de retards et l&#8217;image est de haute qualit\u00e9. Le support int\u00e9gr\u00e9 de la cam\u00e9ra 3-Axis est r\u00e9glable sur tous les trois plans et permet la rotation de la cam\u00e9ra dans n\u2019importe quelle direction.<\/p>\n<p align=\"JUSTIFY\">La possibilit\u00e9 d\u2019alimenter la cam\u00e9ra avec un c\u00e2ble coaxial conform\u00e9ment \u00e0 un standard innovant PoC (Power over Coaxial) permet d&#8217;\u00e9liminer la n\u00e9cessit\u00e9 d&#8217;introduire des c\u00e2bles suppl\u00e9mentaires au dispositif. La cam\u00e9ra est conforme \u00e0 la classe d&#8217;\u00e9tanch\u00e9it\u00e9 IP66.<\/p>\n","protected":false},"excerpt":{"rendered":"<p><strong>\u00a0 \u00a0 \u00a0 \u00a0Caract\u00e9ristiques<\/strong><\/p>\n<ul>\n<li>Marque : Hikvision<\/li>\n<li>Nom\/num\u00e9ro de mod\u00e8le :DS-2CE16D0T-VFIR3F<\/li>\n<li>Technologie de cam\u00e9ra: Appareil photo num\u00e9rique<\/li>\n<li>Utilisation\/Application: Utilisation \u00e0 l\u2019ext\u00e9rieur<\/li>\n<li>R\u00e9solution de la cam\u00e9ra : 2 MP<\/li>\n<li>Gamme de cam\u00e9ras : 40m<\/li>\n<li>Vision Type : Jour et nuit<\/li>\n<li>R\u00e9solution d\u2019image max : 1920 x 1080<\/li>\n<li>R\u00e9duction num\u00e9rique du bruit\u00a0 : DNR 2D<\/li>\n<li>Syst\u00e8me de signalisation : PAL\/NTSC<\/li>\n<li>Type de lentille : 3.6mm Objectif focal fixe<\/li>\n<li>Capteur d\u2019image : 2 MP CMOS<\/li>\n<li>Min. Illumination : 0,01 Lux<\/li>\n<li>Temps d\u2019obturation : 1\/25 s<\/li>\n<li>Sortie vid\u00e9o : 1 sortie analogique HD<\/li>\n<\/ul>\n","protected":false},"featured_media":391,"comment_status":"open","ping_status":"closed","template":"","meta":{"_joinchat":[]},"product_cat":[19,17],"product_tag":[],"_links":{"self":[{"href":"https:\/\/sodes-shop.com\/index.php\/wp-json\/wp\/v2\/product\/385"}],"collection":[{"href":"https:\/\/sodes-shop.com\/index.php\/wp-json\/wp\/v2\/product"}],"about":[{"href":"https:\/\/sodes-shop.com\/index.php\/wp-json\/wp\/v2\/types\/product"}],"replies":[{"embeddable":true,"href":"https:\/\/sodes-shop.com\/index.php\/wp-json\/wp\/v2\/comments?post=385"}],"wp:featuredmedia":[{"embeddable":true,"href":"https:\/\/sodes-shop.com\/index.php\/wp-json\/wp\/v2\/media\/391"}],"wp:attachment":[{"href":"https:\/\/sodes-shop.com\/index.php\/wp-json\/wp\/v2\/media?parent=385"}],"wp:term":[{"taxonomy":"product_cat","embeddable":true,"href":"https:\/\/sodes-shop.com\/index.php\/wp-json\/wp\/v2\/product_cat?post=385"},{"taxonomy":"product_tag","embeddable":true,"href":"https:\/\/sodes-shop.com\/index.php\/wp-json\/wp\/v2\/product_tag?post=385"}],"curies":[{"name":"wp","href":"https:\/\/api.w.org\/{rel}","templated":true}]}}