{"id":37,"date":"2023-02-11T13:03:30","date_gmt":"2023-02-11T13:03:30","guid":{"rendered":"https:\/\/sodes-shop.com\/?post_type=product&#038;p=37"},"modified":"2023-02-11T13:41:34","modified_gmt":"2023-02-11T13:41:34","slug":"dome-dh-ipc-hdw1239t1-led-s5","status":"publish","type":"product","link":"https:\/\/sodes-shop.com\/index.php\/product\/dome-dh-ipc-hdw1239t1-led-s5\/","title":{"rendered":"D\u00f4me-DH-IPC-HDW1239T1-LED-S5"},"content":{"rendered":"<h2><span id=\"Thong_so_Ky_Thuat_Camera_IP_Dome_20_Megapixel_DAHUA_DH-IPC-HDW1239T1P-LED-S5\"><em><strong>2.0 m\u00e9gapixels Sp\u00e9cifications de la cam\u00e9ra d\u00f4me IP DAHUA DH-IPC-HDW1239T1P-LED-S5<\/strong><\/em><\/span><\/h2>\n<p>\u2013\u00a0<strong>Cam\u00e9ra IP<\/strong>\u00a02MP Globe oculaire en couleur.<\/p>\n<p>\u2013 R\u00e9solution: 2,0 m\u00e9gapixels.<\/p>\n<p>\u2013 Capteur d\u2019image: CMOS 1 \/ 2,7 pouces.<\/p>\n<p>\u2013 Norme de compression d\u2019image: H265+.<\/p>\n<p>\u2013 Fr\u00e9quence d\u2019images: 25\/30fps@1080P.<\/p>\n<p>\u2013 Sensibilit\u00e9 minimale \u00e0 la lumi\u00e8re: 0.005Lux@F1.6.<\/p>\n<p>\u2013<em><strong>\u00a0La cam\u00e9ra Dahua<\/strong>\u00a0<\/em>prend en charge les fonctions suivantes: mode jour et nuit (ICR), DWDR anti-r\u00e9tro\u00e9clairage, balance des blancs automatique (AWB), compensation automatique du signal d\u2019image (AGC), anti-r\u00e9tro\u00e9clairage (BLC), interf\u00e9rences anti-num\u00e9riques (3D-DNR).<\/p>\n<p>\u2013 Distance de lumi\u00e8re LED: 15 m\u00e8tres.<\/p>\n<p>\u2013 Objectif fixe: 3.6mm.<\/p>\n<p>\u2013 Norme de compatibilit\u00e9 Onvif 2.4.<\/p>\n<p>\u2013 Norme \u00e9tanche: IP67 (adapt\u00e9 pour une utilisation int\u00e9rieure et ext\u00e9rieure).<\/p>\n<p>\u2013 Alimentation: DC12V ou PoE (802.3af).<\/p>\n<p>\u2013 Puissance: &lt;6W.<\/p>\n<p>\u2013 Temp\u00e9rature de fonctionnement: -40 \u00b0C ~ + 60 \u00b0C.<\/p>\n<p>\u2013 Mat\u00e9riau de la coque: m\u00e9tal + plastique.<\/p>\n","protected":false},"excerpt":{"rendered":"<h3>\u00a0 \u00a0 \u00a0Principales caract\u00e9ristiques :<\/h3>\n<ul>\n<li class=\"description\"><strong>Mod\u00e8le<\/strong>\u00a0: DH-IPC-HDW1239T1-LED-S5<\/li>\n<li class=\"description\"><strong>Angle de vue<\/strong>\u00a0: 106 \u00b0<\/li>\n<li class=\"description\"><strong>Distance focale<\/strong>\u00a0: 2,8 mm<\/li>\n<li class=\"description\"><strong>R\u00e9solution maximale<\/strong>\u00a0: 2Mp (1920x1080px)<\/li>\n<li class=\"description\"><strong>Prise en charge PoE<\/strong>\u00a0: Oui<\/li>\n<li class=\"description\"><strong>Vitesse d&#8217;enregistrement<\/strong>\u00a0: 25 images \/ s<\/li>\n<li class=\"description\">Port\u00e9e jusqu&#8217;\u00e0 30 m\u00e8tres.<\/li>\n<li class=\"description\">Changement automatique jour \/ nuit, r\u00e9tro \u00e9clairage LED<\/li>\n<li class=\"description\">Capteur 1 \/ 2,8 avec une sensibilit\u00e9 de 0,005 lux<\/li>\n<li class=\"description\"><strong>Norme de protection<\/strong>\u00a0: IP67,<\/li>\n<li class=\"description\"><strong>Temp\u00e9ratures de fonctionnement<\/strong>\u00a0: -40 \u00b0 C \u00e0 + 60 \u00b0 C<\/li>\n<li class=\"description\"><strong>Interface r\u00e9seau<\/strong>\u00a0: Rj45<\/li>\n<\/ul>\n","protected":false},"featured_media":39,"comment_status":"open","ping_status":"closed","template":"","meta":{"_joinchat":[]},"product_cat":[18,17],"product_tag":[],"_links":{"self":[{"href":"https:\/\/sodes-shop.com\/index.php\/wp-json\/wp\/v2\/product\/37"}],"collection":[{"href":"https:\/\/sodes-shop.com\/index.php\/wp-json\/wp\/v2\/product"}],"about":[{"href":"https:\/\/sodes-shop.com\/index.php\/wp-json\/wp\/v2\/types\/product"}],"replies":[{"embeddable":true,"href":"https:\/\/sodes-shop.com\/index.php\/wp-json\/wp\/v2\/comments?post=37"}],"wp:featuredmedia":[{"embeddable":true,"href":"https:\/\/sodes-shop.com\/index.php\/wp-json\/wp\/v2\/media\/39"}],"wp:attachment":[{"href":"https:\/\/sodes-shop.com\/index.php\/wp-json\/wp\/v2\/media?parent=37"}],"wp:term":[{"taxonomy":"product_cat","embeddable":true,"href":"https:\/\/sodes-shop.com\/index.php\/wp-json\/wp\/v2\/product_cat?post=37"},{"taxonomy":"product_tag","embeddable":true,"href":"https:\/\/sodes-shop.com\/index.php\/wp-json\/wp\/v2\/product_tag?post=37"}],"curies":[{"name":"wp","href":"https:\/\/api.w.org\/{rel}","templated":true}]}}