{"id":33,"date":"2023-02-11T12:43:58","date_gmt":"2023-02-11T12:43:58","guid":{"rendered":"https:\/\/sodes-shop.com\/?post_type=product&#038;p=33"},"modified":"2025-11-03T21:15:46","modified_gmt":"2025-11-03T21:15:46","slug":"dome-dh-ipc-hdw2439tp-as-led-s2","status":"publish","type":"product","link":"https:\/\/sodes-shop.com\/index.php\/product\/dome-dh-ipc-hdw2439tp-as-led-s2\/","title":{"rendered":"D\u00f4me-DH-IPC-HDW2439TP-AS-LED-S2"},"content":{"rendered":"<p>DH-IPC-HDW2439T-AS-LED-S2<br \/>\nCam\u00e9ra R\u00e9seau Sph\u00e9rique Polychrome \u00e0 Focale Fixe Lite 4 Mpx<br \/>\nR\u00e9f. constructeur : IPC-HDW2439T-AS-LED-S2<br \/>\nDahua IPC-HDW2439T-AS-LED-S2. Dahua StarLight Full Color IP Fixed Dome avec \u00e9clairage ext\u00e9rieur blanc de 30 m. CMOS 4MP 1\/3 \u201d. Double flux. Format H.265 + \/ H.265 \/ H.264 + \/ H.264 \/ MJPEG. R\u00e9solution jusqu&#8217;\u00e0 4MP \u00e0 25ips. 0,004 lux F1.0. Objectif fixe de 2,8 mm (96 \u00b0). OSD, AWB, AGC, BLC, HLC, WDR 120dB, 3D-DNR, 4 zones ROI, miroir, capteur vid\u00e9o et masques de confidentialit\u00e9. D\u00e9tection intelligente (IVS). Il int\u00e8gre un microphone. Emplacement MicroSD. Onvif, CGI, P2P, Milestone, Genetec. IP67. 3AXIS. 12V DC. PoE.<\/p>\n","protected":false},"excerpt":{"rendered":"<h3>\u00a0 \u00a0 \u00a0Principales caract\u00e9ristiques :<\/h3>\n<ul>\n<li>4MP, capteur d\u2019image CMOS 1\/3\u00a0\u00bb, faible \u00e9clairement, haute d\u00e9finition d\u2019image<\/li>\n<li>Sorties 4MP (2560 \u00d7 1440) @ 25\/30 fps, Max. prend en charge 4MP (2688 \u00d7 1520) @ 20 fps<\/li>\n<li>Codec H.265, taux de compression \u00e9lev\u00e9, d\u00e9bit binaire ultra-faible<\/li>\n<li>Lumi\u00e8res chaudes int\u00e9gr\u00e9es, distance d\u2019\u00e9clairage maximale: 30 m<\/li>\n<li>ROI, SMART H.264+\/H.265+, codage flexible, applicable \u00e0 divers environnements de bande passante et de stockage<\/li>\n<li>Mode de rotation, WDR, 3D NR, HLC, BLC, filigrane num\u00e9rique, applicable \u00e0 diverses sc\u00e8nes de surveillance<\/li>\n<li>D\u00e9tection intelligente : intrusion, fil d\u00e9clencheur<\/li>\n<li>D\u00e9tection d\u2019anomalie: d\u00e9tection de mouvement, falsification vid\u00e9o, changement de sc\u00e8ne, pas de carte SD, carte SD pleine, erreur de carte SD, d\u00e9connexion r\u00e9seau, conflit IP, acc\u00e8s ill\u00e9gal, d\u00e9tection de tension<\/li>\n<li>Prend en charge max. 256 Go de carte Micro SD et micro int\u00e9gr\u00e9<\/li>\n<li>Alimentation 12V DC\/PoE<\/li>\n<li>Protection IP67<\/li>\n<\/ul>\n","protected":false},"featured_media":36,"comment_status":"open","ping_status":"closed","template":"","meta":{"_joinchat":[]},"product_cat":[18,17],"product_tag":[],"_links":{"self":[{"href":"https:\/\/sodes-shop.com\/index.php\/wp-json\/wp\/v2\/product\/33"}],"collection":[{"href":"https:\/\/sodes-shop.com\/index.php\/wp-json\/wp\/v2\/product"}],"about":[{"href":"https:\/\/sodes-shop.com\/index.php\/wp-json\/wp\/v2\/types\/product"}],"replies":[{"embeddable":true,"href":"https:\/\/sodes-shop.com\/index.php\/wp-json\/wp\/v2\/comments?post=33"}],"wp:featuredmedia":[{"embeddable":true,"href":"https:\/\/sodes-shop.com\/index.php\/wp-json\/wp\/v2\/media\/36"}],"wp:attachment":[{"href":"https:\/\/sodes-shop.com\/index.php\/wp-json\/wp\/v2\/media?parent=33"}],"wp:term":[{"taxonomy":"product_cat","embeddable":true,"href":"https:\/\/sodes-shop.com\/index.php\/wp-json\/wp\/v2\/product_cat?post=33"},{"taxonomy":"product_tag","embeddable":true,"href":"https:\/\/sodes-shop.com\/index.php\/wp-json\/wp\/v2\/product_tag?post=33"}],"curies":[{"name":"wp","href":"https:\/\/api.w.org\/{rel}","templated":true}]}}