{"id":23,"date":"2023-02-11T12:09:56","date_gmt":"2023-02-11T12:09:56","guid":{"rendered":"https:\/\/sodes-shop.com\/?post_type=product&#038;p=23"},"modified":"2023-02-11T12:09:56","modified_gmt":"2023-02-11T12:09:56","slug":"dome-ds-2cd1143g0-i-2","status":"publish","type":"product","link":"https:\/\/sodes-shop.com\/index.php\/product\/dome-ds-2cd1143g0-i-2\/","title":{"rendered":"D\u00f4me-DS-2CD1143G0-I"},"content":{"rendered":"<h2>Cam\u00e9ra de surveillance\u00a0full\u00a0HD+ 4MP vision de nuit 30 m\u00e8tres EXIR<\/h2>\n<p>Cette cam\u00e9ra d\u00f4me anti-vandale offre une excellente solution pour s\u00e9curiser son\u00a0habitation, son bureau ou son commerce.<\/p>\n<p>Cette\u00a0cam\u00e9ra IP\u00a0de\u00a0vid\u00e9o surveillance\u00a0s&#8217;utilise et se configure tr\u00e8s simplement. Elle est livr\u00e9e avec l&#8217;application gratuite\u00a0Hik-Connect\u00a0recommand\u00e9e par Ubitech disponible pour Android et iPhone. Cette application permet de consulter la cam\u00e9ra \u00e0 distance de n&#8217;importe o\u00f9 dans le monde.<\/p>\n<p>Discr\u00e8te et design cette cam\u00e9ra de\u00a0vid\u00e9osurveillance\u00a0IP d&#8217;ext\u00e9rieur peut \u00e9galement s&#8217;installer en int\u00e9rieur.<\/p>\n<p>\u00c9quip\u00e9e d&#8217;un capteur full HD+ 4 MP (2560 x 1440 pixels) elle offre une grande richesse de d\u00e9tails et restitue fid\u00e8lement les couleurs.<\/p>\n<p>Elle est IP67, ce qui signifie qu&#8217;elle est \u00e9tanche et antipoussi\u00e8re. Elle est \u00e9galement anti vandale (norme IK10).<\/p>\n<p>Elle g\u00e8re les flux vid\u00e9o au format\u00a0<strong>H265, H265+, H264 et\u00a0H264+<\/strong><strong>.<\/strong><\/p>\n","protected":false},"excerpt":{"rendered":"<ul>\n<li>Capteur full HD+ 4MP<\/li>\n<li>Codecs vid\u00e9o optimis\u00e9s : H265 et H265+<\/li>\n<li>Angle de vision extra large de 100\u00b0 &#8211; Lentille 2.8mm<\/li>\n<li><a title=\"Solution de cam\u00e9ra de surveillance infrarouge et vision nocturne\" href=\"https:\/\/www.ubitech.fr\/sks\/camera-infrarouge\" target=\"_blank\" rel=\"noopener\">Vision nocturne<\/a>\u00a0jusqu&#8217;\u00e0 30 m\u00e8tres technologie EXIR<\/li>\n<li>Visualisation \u00e0 distance sur smartphone ou tablette avec application gratuite Hik-Connect<\/li>\n<li>Anti-vandale : indice de protection IK10<\/li>\n<li>\u00c9tanche : indice de protection IP67<\/li>\n<li>Emplacement carte SD : aucun &#8211; il faut un\u00a0<a href=\"https:\/\/www.ubitech.fr\/70-nvr-enregistreur-video\" target=\"_blank\" rel=\"noopener\">NVR<\/a>\u00a0pour l&#8217;enregistrement<\/li>\n<li>Audio : ne g\u00e8re pas l&#8217;audio<\/li>\n<\/ul>\n<p>Compatible Windows XP, Windows 7, Windows 8 et Windows 10 et Mac<\/p>\n<p>Navigateurs : IE8+, Chrome 31.0 44, Firefox 30.0 51<\/p>\n<p>Logiciels\u00a0<a title=\"Voir les produits Hikvision\" href=\"https:\/\/www.ubitech.fr\/99-hikvision\">Hikvision<\/a>\u00a0: iVMS 4200,\u00a0<a title=\"\" href=\"https:\/\/www.ubitech.fr\/blog\/15-comment-configurer-hik-connect-\" target=\"_blank\" rel=\"noopener\">Hik Connect<\/a>, iVMS 5200, iVMS 4500<\/p>\n","protected":false},"featured_media":25,"comment_status":"open","ping_status":"closed","template":"","meta":{"_joinchat":[]},"product_cat":[18,17],"product_tag":[],"_links":{"self":[{"href":"https:\/\/sodes-shop.com\/index.php\/wp-json\/wp\/v2\/product\/23"}],"collection":[{"href":"https:\/\/sodes-shop.com\/index.php\/wp-json\/wp\/v2\/product"}],"about":[{"href":"https:\/\/sodes-shop.com\/index.php\/wp-json\/wp\/v2\/types\/product"}],"replies":[{"embeddable":true,"href":"https:\/\/sodes-shop.com\/index.php\/wp-json\/wp\/v2\/comments?post=23"}],"wp:featuredmedia":[{"embeddable":true,"href":"https:\/\/sodes-shop.com\/index.php\/wp-json\/wp\/v2\/media\/25"}],"wp:attachment":[{"href":"https:\/\/sodes-shop.com\/index.php\/wp-json\/wp\/v2\/media?parent=23"}],"wp:term":[{"taxonomy":"product_cat","embeddable":true,"href":"https:\/\/sodes-shop.com\/index.php\/wp-json\/wp\/v2\/product_cat?post=23"},{"taxonomy":"product_tag","embeddable":true,"href":"https:\/\/sodes-shop.com\/index.php\/wp-json\/wp\/v2\/product_tag?post=23"}],"curies":[{"name":"wp","href":"https:\/\/api.w.org\/{rel}","templated":true}]}}