{"id":197,"date":"2023-02-14T10:43:17","date_gmt":"2023-02-14T10:43:17","guid":{"rendered":"https:\/\/sodes-shop.com\/?post_type=product&#038;p=197"},"modified":"2023-02-14T10:56:49","modified_gmt":"2023-02-14T10:56:49","slug":"bullet-dh-ipc-hfw3441ep-sa","status":"publish","type":"product","link":"https:\/\/sodes-shop.com\/index.php\/product\/bullet-dh-ipc-hfw3441ep-sa\/","title":{"rendered":"BULLET-DH-IPC-HFW3441EP-SA"},"content":{"rendered":"<p>Le Dahua IPC-HFW3441EP-SA est une cam\u00e9ra Starlight WizSense AI Full HD de 4 m\u00e9gapixels avec un capteur d\u2019image tr\u00e8s sensible \u00e0 la lumi\u00e8re et une vision nocturne infrarouge de 50 m\u00e8tres, un microphone int\u00e9gr\u00e9, un WDR 120db, une alimentation PoE et un enregistrement microSD pour une utilisation int\u00e9rieure ou ext\u00e9rieure.<\/p>\n<p>La cam\u00e9ra appartient \u00e0 la s\u00e9rie Dahua WizSense AI avec une puce d\u2019intelligence artificielle pour la prise en charge de fonctions intelligentes telles que la s\u00e9curit\u00e9 p\u00e9rim\u00e9trique et Smart Motion Detection Plus (SMD Plus). SMD assure une d\u00e9tection de mouvement fiable gr\u00e2ce au filtrage d\u2019objets. Les fausses alarmes, par exemple les animaux domestiques, les feuilles, la lumi\u00e8re et d\u2019autres objets perturbateurs, sont ainsi minimis\u00e9es. L\u2019Al avanc\u00e9 prend \u00e9galement en charge la recherche rapide \u00e0 partir de vid\u00e9os enregistr\u00e9es, car il est capable d\u2019extraire et de classer des personnes et des v\u00e9hicules \u00e0 partir de grandes quantit\u00e9s de donn\u00e9es vid\u00e9o.<\/p>\n<p><strong>Caract\u00e9ristiques<\/strong><br \/>\nLe Dahua IPC-HFW3441EP-SA affiche des images dans une r\u00e9solution Full HD 2688&#215;1520. La cam\u00e9ra a un objectif fixe. La cam\u00e9ra est dot\u00e9e de la technologie Dahua Starlight, ce qui la rend id\u00e9ale pour les applications dans des conditions d\u2019\u00e9clairage difficiles. Gr\u00e2ce au capteur d\u2019image tr\u00e8s sensible \u00e0 la lumi\u00e8re, la cam\u00e9ra fournit toujours des images couleur utilisables avec un minimum de lumi\u00e8re ambiante, m\u00eame dans l\u2019obscurit\u00e9 presque compl\u00e8te (0,005 lux).<\/p>\n<p>La cam\u00e9ra dispose d\u2019un filtre IR automatique jour\/nuit int\u00e9gr\u00e9 et peut \u00e9galement allumer l\u2019\u00e9clairage IR int\u00e9gr\u00e9 dans des conditions sombres, de sorte que m\u00eame dans l\u2019obscurit\u00e9 totale (0 Lux), il y a une image d\u2019une nettet\u00e9 exceptionnelle. L\u2019\u00e9clairage IR a une tr\u00e8s longue port\u00e9e de pas moins de 50 m\u00e8tres. La cam\u00e9ra dispose d\u2019une plage dynamique large (WDR) de 120 dB qui permet \u00e0 la cam\u00e9ra de g\u00e9rer tr\u00e8s bien des conditions d\u2019\u00e9clairage complexes gr\u00e2ce, par exemple, au r\u00e9tro\u00e9clairage du soleil ou des phares de voiture.<\/p>\n<p>Entre autres choses, les images peuvent \u00eatre stock\u00e9es sur un enregistreur vid\u00e9o r\u00e9seau (NVR). L\u2019appareil photo a \u00e9galement la possibilit\u00e9 d\u2019enregistrer dans l\u2019appareil photo sur une carte m\u00e9moire microSD jusqu\u2019\u00e0 un maximum de 256 Go (non inclus). La cam\u00e9ra dispose d\u2019un microphone int\u00e9gr\u00e9.<\/p>\n<p>Dahua a une application n\u00e9erlandaise gratuite disponible pour Apple iOS et Android. La cam\u00e9ra dispose d\u2019un serveur Web interne qui peut \u00eatre visualis\u00e9 et g\u00e9r\u00e9 avec un navigateur Web. Un logiciel de gestion vid\u00e9o (VMS) gratuit pour ordinateur peut \u00eatre t\u00e9l\u00e9charg\u00e9 \u00e0 partir du site Web de Dahua. Sous l\u2019onglet \u00ab\u00a0Documentation\u00a0\u00bb, il y a, entre autres, un lien vers la page produit du fabricant.<\/p>\n<p><span>Le Dahua IPC-HFW3441EP-SA a un indice de protection IP67, ce qui rend la cam\u00e9ra extr\u00eamement adapt\u00e9e \u00e0 une utilisation en ext\u00e9rieur. Pour faciliter l\u2019installation, la cam\u00e9ra peut \u00eatre aliment\u00e9e via le c\u00e2ble r\u00e9seau avec Power over Ethernet (standard 802.3af P0E). Le PoE peut \u00eatre obtenu par un NVR PoE, un commutateur PoE ou avec un injecteur PoE. La cam\u00e9ra peut \u00e9galement \u00eatre aliment\u00e9e par un adaptateur secteur 12V en option. Sous l\u2019onglet options, il peut \u00eatre indiqu\u00e9 si un adaptateur et\/ou un support de montage Dahua doit \u00eatre inclus. La cam\u00e9ra est r\u00e9glable sur 3 axes et donc \u00e9galement tr\u00e8s appropri\u00e9e pour placer verticalement contre un mur.<\/span><\/p>\n","protected":false},"excerpt":{"rendered":"<p><strong>\u00a0 \u00a0 \u00a0 \u00a0 Caract\u00e9ristiques\u00a0<\/strong><\/p>\n<ul>\n<li>Capteur d\u2019image CMOS 4MP, 1\/3\u00a0\u00bb, faible \u00e9clairement, haute d\u00e9finition<br \/>\nd\u2019image \u00b7 Sorties max. 4MP (2688 \u00d7 1520)@30 fps<\/li>\n<li>H.H.. Codec 265, taux de compression \u00e9lev\u00e9, faible d\u00e9bit<br \/>\nbinaire \u00b7 LED IR int\u00e9gr\u00e9e, distance IR max. : 50 m<\/li>\n<li>ROI, SMART H.264+\/H.265+, codage flexible, applicable \u00e0 divers environnements<br \/>\nde bande passante et de stockage \u00b7 Mode de rotation, WDR, 3D DNR, HLC, BLC, filigrane num\u00e9rique, applicable \u00e0 diverses sc\u00e8nes de surveillance \u00b7 D\u00e9tection intelligente: intrusion, fil d\u00e9clencheur (prise en charge de<br \/>\nla classification et de la d\u00e9tection pr\u00e9cise du v\u00e9hicule et de l\u2019homme)<\/li>\n<li>D\u00e9tection d\u2019anomalie: d\u00e9tection de mouvement, alt\u00e9ration vid\u00e9o, changement de sc\u00e8ne, d\u00e9tection audio, pas de carte SD pleine, erreur de carte SD, d\u00e9connexion r\u00e9seau, conflit IP, acc\u00e8s ill\u00e9gal, d\u00e9tection<br \/>\nde tension \u00b7 Prend en charge max. 256 G carte Micro SD, micro int\u00e9gr\u00e9 \u00b7 Alimentation<br \/>\n12V DC\/POE \u00b7 Protection IP67<\/li>\n<\/ul>\n","protected":false},"featured_media":200,"comment_status":"open","ping_status":"closed","template":"","meta":{"_joinchat":[]},"product_cat":[18,17],"product_tag":[],"_links":{"self":[{"href":"https:\/\/sodes-shop.com\/index.php\/wp-json\/wp\/v2\/product\/197"}],"collection":[{"href":"https:\/\/sodes-shop.com\/index.php\/wp-json\/wp\/v2\/product"}],"about":[{"href":"https:\/\/sodes-shop.com\/index.php\/wp-json\/wp\/v2\/types\/product"}],"replies":[{"embeddable":true,"href":"https:\/\/sodes-shop.com\/index.php\/wp-json\/wp\/v2\/comments?post=197"}],"wp:featuredmedia":[{"embeddable":true,"href":"https:\/\/sodes-shop.com\/index.php\/wp-json\/wp\/v2\/media\/200"}],"wp:attachment":[{"href":"https:\/\/sodes-shop.com\/index.php\/wp-json\/wp\/v2\/media?parent=197"}],"wp:term":[{"taxonomy":"product_cat","embeddable":true,"href":"https:\/\/sodes-shop.com\/index.php\/wp-json\/wp\/v2\/product_cat?post=197"},{"taxonomy":"product_tag","embeddable":true,"href":"https:\/\/sodes-shop.com\/index.php\/wp-json\/wp\/v2\/product_tag?post=197"}],"curies":[{"name":"wp","href":"https:\/\/api.w.org\/{rel}","templated":true}]}}