{"id":192,"date":"2023-02-14T10:29:45","date_gmt":"2023-02-14T10:29:45","guid":{"rendered":"https:\/\/sodes-shop.com\/?post_type=product&#038;p=192"},"modified":"2023-02-14T11:04:10","modified_gmt":"2023-02-14T11:04:10","slug":"bullet-dh-ipc-hfw243itp-zs-s2","status":"publish","type":"product","link":"https:\/\/sodes-shop.com\/index.php\/product\/bullet-dh-ipc-hfw243itp-zs-s2\/","title":{"rendered":"BULLET-DH-IPC-HFW243ITP-ZS-S2"},"content":{"rendered":"<p><strong>DH-IPC-HFW2431T-ZS-S2<\/strong><br \/>\nCam\u00e9ra r\u00e9seau IR \u00e0 plage dynamique \u00e9tendue (WDR) de type bullet 4 m\u00e9gapixels.<br \/>\nGr\u00e2ce \u00e0 la technologie d\u2019encodage H.265 mise \u00e0 niveau, la cam\u00e9ra de la s\u00e9rie Lite de Dahua offre une capacit\u00e9 d\u2019encodage vid\u00e9o efficace qui permet d\u2019\u00e9conomiser de la bande passante et de l\u2019espace de stockage. Cette cam\u00e9ra emploie la toute derni\u00e8re technologie Starlight et produit des images en couleur plus vives dans les environnements les plus sombres. Elle prend en charge le stockage sur carte SD, est \u00e9tanche \u00e0 la poussi\u00e8re et \u00e0 l\u2019eau et est conforme \u00e0 la norme IP67.<\/p>\n<p><strong>Caract\u00e9ristiques techniques :<br \/>\n<\/strong><br \/>\n4MP, capteur d&#8217;image CMOS 1\/3 \u201d, faible \u00e9clairement, haute d\u00e9finition d&#8217;image<br \/>\nSorties 4MP (2560 \u00d7 1440) \u00e0 25\/30 ips, max.\u00a0prend en charge 4MP (2688 \u00d7 1520) \u00e0 20 ips<br \/>\nCodec H.265, taux de compression \u00e9lev\u00e9, d\u00e9bit binaire ultra-bas<br \/>\nLED IR int\u00e9gr\u00e9e, distance IR maximale: 60 m<br \/>\nROI, SMART H.264 + \/ H.265 +, codage flexible, applicable \u00e0 divers environnements de bande passante et de stockage<br \/>\nMode de rotation, WDR, 3D NR, HLC, BLC, filigrane num\u00e9rique, applicable \u00e0 diverses sc\u00e8nes de surveillance<br \/>\nD\u00e9tection intelligente: intrusion, tripwire<br \/>\nD\u00e9tection d&#8217;anomalies: d\u00e9tection de mouvement, sabotage vid\u00e9o, pas de carte SD, carte SD pleine, erreur de carte SD, r\u00e9seau d\u00e9connect\u00e9, conflit IP, acc\u00e8s ill\u00e9gal, d\u00e9tection de tension<br \/>\nPrend en charge max. Carte Micro SD de 256 Go<br \/>\nAlimentation 12V DC \/ PoE<br \/>\nProtection IP67, protection IK10 (en option)<\/p>\n","protected":false},"excerpt":{"rendered":"<p><strong>\u00a0 \u00a0 \u00a0 \u00a0 \u00a0 Caract\u00e9ristiques<\/strong><\/p>\n<ul>\n<li>4 MP, capteur d\u2019image CMOS 1\/3 \u00bb, faible \u00e9clairement, haute d\u00e9finition d\u2019image<\/li>\n<li>Sorties 4MP (2560 \u00d7 1440) @ 25\/30 fps, max. prend en charge 4MP (2688 \u00d7 1520) @ 20 fps\u00a0 Codec H.265 &gt;, taux de compression \u00e9lev\u00e9, d\u00e9bit binaire ultra-faible<\/li>\n<li>LED IR int\u00e9gr\u00e9e, distance IR maximale: 60 m<\/li>\n<li>ROI, SMART H.264+\/H.265+, codage flexible, applicable \u00e0 divers environnements de bande passante et de stockage<\/li>\n<li>Mode rotation, WDR, 3D NR, HLC, BLC, filigrane num\u00e9rique, applicable \u00e0 diverses sc\u00e8nes de surveillance<\/li>\n<li>D\u00e9tection intelligente : intrusion, fil d\u00e9clencheur<\/li>\n<li>D\u00e9tection d\u2019anomalie: d\u00e9tection de mouvement, falsification vid\u00e9o, pas de carte SD, carte SD pleine, erreur de carte SD, r\u00e9seau d\u00e9connect\u00e9, conflit IP, acc\u00e8s ill\u00e9gal, d\u00e9tection de tension<\/li>\n<li>Prend en charge max. 256 Go de carte Micro SD<\/li>\n<li>\u00a0Alimentation 12V DC\/PoE\u00a0 \u00a0 Protection &gt; IP67, protection IK10 (en option)<\/li>\n<\/ul>\n","protected":false},"featured_media":196,"comment_status":"open","ping_status":"closed","template":"","meta":{"_joinchat":[]},"product_cat":[19,23,17],"product_tag":[],"_links":{"self":[{"href":"https:\/\/sodes-shop.com\/index.php\/wp-json\/wp\/v2\/product\/192"}],"collection":[{"href":"https:\/\/sodes-shop.com\/index.php\/wp-json\/wp\/v2\/product"}],"about":[{"href":"https:\/\/sodes-shop.com\/index.php\/wp-json\/wp\/v2\/types\/product"}],"replies":[{"embeddable":true,"href":"https:\/\/sodes-shop.com\/index.php\/wp-json\/wp\/v2\/comments?post=192"}],"wp:featuredmedia":[{"embeddable":true,"href":"https:\/\/sodes-shop.com\/index.php\/wp-json\/wp\/v2\/media\/196"}],"wp:attachment":[{"href":"https:\/\/sodes-shop.com\/index.php\/wp-json\/wp\/v2\/media?parent=192"}],"wp:term":[{"taxonomy":"product_cat","embeddable":true,"href":"https:\/\/sodes-shop.com\/index.php\/wp-json\/wp\/v2\/product_cat?post=192"},{"taxonomy":"product_tag","embeddable":true,"href":"https:\/\/sodes-shop.com\/index.php\/wp-json\/wp\/v2\/product_tag?post=192"}],"curies":[{"name":"wp","href":"https:\/\/api.w.org\/{rel}","templated":true}]}}