{"id":186,"date":"2023-02-14T10:07:02","date_gmt":"2023-02-14T10:07:02","guid":{"rendered":"https:\/\/sodes-shop.com\/?post_type=product&#038;p=186"},"modified":"2023-02-14T10:08:15","modified_gmt":"2023-02-14T10:08:15","slug":"ds-de16h0t-itpf","status":"publish","type":"product","link":"https:\/\/sodes-shop.com\/index.php\/product\/ds-de16h0t-itpf\/","title":{"rendered":"BULLET-DS-DE16H0T-ITPF"},"content":{"rendered":"<h3>DS-2CE16H0T-ITPF CAM\u00c9RA ANALOGIQUE FIXE HIKVISION 5MP (3,6 MM)<\/h3>\n<p>La cam\u00e9ra balle analogique\u00a0<b>DS-2CE16H0T-ITPF<\/b>\u00a0prend en charge 4 sorties vid\u00e9o diff\u00e9rentes &#8211;\u00a0<b>TVI \/ AHD \/ CVI \/ CVBS<\/b>\u00a0&#8211; vous pouvez basculer entre elles \u00e0 l\u2019aide d\u2019un bouton sur la cam\u00e9ra. Il convient comme un remplacement bon march\u00e9 pour les anciennes cam\u00e9ras analogiques. Vous pouvez utiliser la sortie vid\u00e9o HD plus tard lorsque vous achetez le DVR appropri\u00e9.<\/p>\n<p><b>Le capteur 5MPx<\/b>\u00a0est \u00e9quip\u00e9 d\u2019un objectif fixe\u00a0<b>de 2,8 mm<\/b>. Le champ de vision est de 85,5\u00b0, l\u2019\u00e9clairage IR jusqu\u2019\u00e0 20m. La cam\u00e9ra est aliment\u00e9e par une tension 12V DC et sa consommation est la seule max.\u00a0<b>4.3W.<\/b>\u00a0Il r\u00e9pond \u00e0 la certification\u00a0<b>IP67<\/b>\u00a0pour une utilisation en ext\u00e9rieur bien qu\u2019il soit fabriqu\u00e9 en plastique.<\/p>\n<ul class=\"product_description_item-list\">\n<li class=\"product_description_item\">Cam\u00e9ra balle 5 MP<\/li>\n<li class=\"product_description_item\">EXIR 2.0 : technologie infrarouge avanc\u00e9e avec une distance IR de 20 m<\/li>\n<li class=\"product_description_item\">R\u00e9sistant \u00e0 l\u2019eau et \u00e0 la poussi\u00e8re (IP67)<\/li>\n<li class=\"product_description_item\">4 en 1 (4 signaux commutables TVI\/AHD\/CVI\/CVBS);<\/li>\n<\/ul>\n","protected":false},"excerpt":{"rendered":"<p><strong>\u00a0 \u00a0 \u00a0 \u00a0Caract\u00e9ristiques<\/strong><\/p>\n<ul>\n<li>Marque Hikvision<\/li>\n<li>R\u00e9solution de la cam\u00e9ra 2560 (H) x 1944 (V)<\/li>\n<li>Nom\/num\u00e9ro de mod\u00e8le DS-2CE16H0T-ITPF<\/li>\n<li>Lentille Lentille fixe 2,8 mm, 3,6 mm, 6 mm<\/li>\n<li>Champ de vision horizontal 85,5 degr\u00e9s (2,8 mm), 80,1 degr\u00e9s (3,6 mm), 57,1 degr\u00e9s (6 mm)<\/li>\n<li>Monture M12<\/li>\n<li>Jour et nuit Filtre \u00e0 coupe IR<\/li>\n<li>Synchronisation Synchronisation interne<\/li>\n<li>Capteur d\u2019image Capteur d\u2019image CMOS 5 MP<\/li>\n<li>Fr\u00e9quence d\u2019images PAL: 5 MP@20fps,4 MP@25fps,1080p@25fps NTSC: 5 MP@20fps,4 MP@30fps,1080p@30fps<\/li>\n<li>Min. illumination Couleur: 0.01 Lux @ (F1.2, AGC ON), 0 Lux avec IR<\/li>\n<li>Temps d\u2019obturation PAL: 1\/25 s \u00e0 1\/50 000 s NTSC: 1\/30 s \u00e0 1\/50 000 s<\/li>\n<\/ul>\n","protected":false},"featured_media":191,"comment_status":"open","ping_status":"closed","template":"","meta":{"_joinchat":[]},"product_cat":[19,17],"product_tag":[],"_links":{"self":[{"href":"https:\/\/sodes-shop.com\/index.php\/wp-json\/wp\/v2\/product\/186"}],"collection":[{"href":"https:\/\/sodes-shop.com\/index.php\/wp-json\/wp\/v2\/product"}],"about":[{"href":"https:\/\/sodes-shop.com\/index.php\/wp-json\/wp\/v2\/types\/product"}],"replies":[{"embeddable":true,"href":"https:\/\/sodes-shop.com\/index.php\/wp-json\/wp\/v2\/comments?post=186"}],"wp:featuredmedia":[{"embeddable":true,"href":"https:\/\/sodes-shop.com\/index.php\/wp-json\/wp\/v2\/media\/191"}],"wp:attachment":[{"href":"https:\/\/sodes-shop.com\/index.php\/wp-json\/wp\/v2\/media?parent=186"}],"wp:term":[{"taxonomy":"product_cat","embeddable":true,"href":"https:\/\/sodes-shop.com\/index.php\/wp-json\/wp\/v2\/product_cat?post=186"},{"taxonomy":"product_tag","embeddable":true,"href":"https:\/\/sodes-shop.com\/index.php\/wp-json\/wp\/v2\/product_tag?post=186"}],"curies":[{"name":"wp","href":"https:\/\/api.w.org\/{rel}","templated":true}]}}