{"id":181,"date":"2023-02-14T09:36:02","date_gmt":"2023-02-14T09:36:02","guid":{"rendered":"https:\/\/sodes-shop.com\/?post_type=product&#038;p=181"},"modified":"2023-02-14T09:44:08","modified_gmt":"2023-02-14T09:44:08","slug":"bullet-ds-de16d0t-itpf","status":"publish","type":"product","link":"https:\/\/sodes-shop.com\/index.php\/product\/bullet-ds-de16d0t-itpf\/","title":{"rendered":"BULLET-DS-DE16D0T-ITPF"},"content":{"rendered":"<p>Fabricant Hikvision<br \/>\nCat\u00e9gorie Cam\u00e9ras de vid\u00e9osurveillance&gt; cam\u00e9ras de vid\u00e9osurveillance<br \/>\nCode du mod\u00e8le DS-2CE16D0T-ITPF(C)<br \/>\nS\u00e9rie S\u00e9rie Valeur Hikvision<br \/>\nType de couleur Couleur \/ Monochrome<br \/>\nR\u00e9solution TVL 2 MP<br \/>\nDisque dur Oui<br \/>\nNum\u00e9rique (DSP) Oui<br \/>\nTypes de sp\u00e9cialistes Infrarouge<br \/>\nSensibilit\u00e9 lux 0,01 Lux @ (F1.2, AGC ON), 0 Lux avec IR<br \/>\nSp\u00e9cifications \u00e9lectriques Tension: 12 V DC Consommation<br \/>\n\u00e9lectrique: 2,2 W<br \/>\nDistance focale mm 2.8; 3.6; 6<br \/>\nLarge plage dynamique Oui<br \/>\n\u00c9l\u00e9ments d\u2019image HxV 1920 x 1080<br \/>\nCompensation du contre-jour Oui<br \/>\nContr\u00f4le automatique du gain Oui<br \/>\nBalance des blancs Oui<br \/>\nGamme d\u2019obturateurs \u00e9lectroniques PAL : 1\/25 s ~ 1\/50 000 s ; NTSC: 1\/30 s ~ 1\/50,000 s<br \/>\nSignal Mode PAL, NTSC<br \/>\nMini ou Compact Mini<br \/>\nSortie vid\u00e9o TVI\/AHD\/CVI\/CVBS commutables<br \/>\nSp\u00e9cifications physiques Dimension mm: 58 x 61 x 139<br \/>\nPoids g: 141<br \/>\nSp\u00e9cifications environnementales Temp\u00e9rature de fonctionnement oC: -40 ~ 60 C (-40 ~ 140 F)<br \/>\nProtection: IP67 Humidit\u00e9<br \/>\nde fonctionnement %: &lt; 90<\/p>\n","protected":false},"excerpt":{"rendered":"<p><strong>\u00a0 \u00a0 \u00a0 Caracteristiques<\/strong><\/p>\n<ul class=\"product_description_item-list\">\n<li class=\"list-group-item\">Marque: Hikvision<\/li>\n<li class=\"list-group-item\">Code mod\u00e8le: DS-2CE16D0T-ITPF(C)<\/li>\n<li class=\"list-group-item\">S\u00e9rie:\u00a0Hikvision Value Series<\/li>\n<li class=\"list-group-item\">Type de couleur: Couleur \/ Monochrome<\/li>\n<li class=\"list-group-item\">R\u00e9solution TVL : 2 MP<\/li>\n<\/ul>\n","protected":false},"featured_media":182,"comment_status":"open","ping_status":"closed","template":"","meta":{"_joinchat":[]},"product_cat":[19,17],"product_tag":[],"_links":{"self":[{"href":"https:\/\/sodes-shop.com\/index.php\/wp-json\/wp\/v2\/product\/181"}],"collection":[{"href":"https:\/\/sodes-shop.com\/index.php\/wp-json\/wp\/v2\/product"}],"about":[{"href":"https:\/\/sodes-shop.com\/index.php\/wp-json\/wp\/v2\/types\/product"}],"replies":[{"embeddable":true,"href":"https:\/\/sodes-shop.com\/index.php\/wp-json\/wp\/v2\/comments?post=181"}],"wp:featuredmedia":[{"embeddable":true,"href":"https:\/\/sodes-shop.com\/index.php\/wp-json\/wp\/v2\/media\/182"}],"wp:attachment":[{"href":"https:\/\/sodes-shop.com\/index.php\/wp-json\/wp\/v2\/media?parent=181"}],"wp:term":[{"taxonomy":"product_cat","embeddable":true,"href":"https:\/\/sodes-shop.com\/index.php\/wp-json\/wp\/v2\/product_cat?post=181"},{"taxonomy":"product_tag","embeddable":true,"href":"https:\/\/sodes-shop.com\/index.php\/wp-json\/wp\/v2\/product_tag?post=181"}],"curies":[{"name":"wp","href":"https:\/\/api.w.org\/{rel}","templated":true}]}}