{"id":18,"date":"2023-02-11T11:37:06","date_gmt":"2023-02-11T11:37:06","guid":{"rendered":"https:\/\/sodes-shop.com\/?post_type=product&#038;p=18"},"modified":"2025-11-03T21:16:02","modified_gmt":"2025-11-03T21:16:02","slug":"dome-ds-2cd1143g0-i","status":"publish","type":"product","link":"https:\/\/sodes-shop.com\/index.php\/product\/dome-ds-2cd1143g0-i\/","title":{"rendered":"D\u00f4me-DS-2CD1123GOE-I"},"content":{"rendered":"<p>La cam\u00e9ra DS-2CD1123G0E-I est une cam\u00e9ra d\u00f4me anti-vandale (IK10) Full HD de 2MP (1080p) qui offre des images de tr\u00e8s bonne qualit\u00e9 avec un rendu des couleurs fid\u00e8le.<\/p>\n<p>Vision nocturne<br \/>\nGr\u00e2ce \u00e0 son syst\u00e8me de LED infrarouge elle voit la nuit jusqu&#8217;\u00e0 30 environ m\u00e8tres.<\/p>\n<p>Emplacement<br \/>\nElle peut \u00eatre install\u00e9e aussi bien en ext\u00e9rieur qu&#8217;en int\u00e9rieur. Elle est discr\u00e8te et esth\u00e9tique.<\/p>\n<p>Certification<br \/>\nLa cam\u00e9ra DS-2CD1123G0E-I est certifi\u00e9e IP67. Elle b\u00e9n\u00e9ficie d&#8217;une \u00e9tanch\u00e9it\u00e9 totale et d&#8217;une parfaite r\u00e9sistance contre tous types d&#8217;intemp\u00e9ries.<\/p>\n<p>Elle est \u00e9galement certifi\u00e9e IK10 pour r\u00e9sister aux actes de vandalisme<\/p>\n<p>Alimentation<br \/>\nLa cam\u00e9ra DS-2CD1123G0E-I peut \u00eatre aliment\u00e9 de deux mani\u00e8res :<\/p>\n<p>Soit en PoE, cette fonction lui permet d&#8217;\u00eatre directement aliment\u00e9e par un c\u00e2ble RJ45. Plus besoin de la brancher au secteur. Pour fonctionner en PoE elle doit \u00eatre reli\u00e9e \u00e0 un \u00e9quipement PoE comme un NVR PoE, un injecteur PoE ou un switch PoE (les box internet du march\u00e9 ne sont pas PoE).<br \/>\nSoit via une alimentation 12V (non fournie avec la cam\u00e9ra) \u00e0 brancher sur une prise \u00e9lectrique.<br \/>\nVisualisation \u00e0 distance<br \/>\nConsultez en temps r\u00e9el votre cam\u00e9ra, d&#8217;o\u00f9 que vous soyez dans le monde gr\u00e2ce \u00e0 l&#8217;application gratuite Hik-Connect. Cette application est compatible avec les smartphones Android ou iOS. Si vous la connectez \u00e0 un NVR (enregistreur vid\u00e9o) vous pourrez m\u00eame consulter les vid\u00e9os enregistr\u00e9es.<\/p>\n<p>Elle vous permet d&#8217;\u00eatre averti en temps r\u00e9el en cas d&#8217;intrusion gr\u00e2ce \u00e0 ses fonctions d&#8217;alertes avanc\u00e9es.<\/p>\n<p>Fonctions d&#8217;alertes intelligentes<br \/>\nCette cam\u00e9ra de surveillance embarque des fonctionnalit\u00e9s intelligentes de s\u00e9curit\u00e9 telles que :<\/p>\n<p>D\u00e9tection de mouvement<br \/>\nMasque de confidentialit\u00e9<br \/>\nAm\u00e9lioration du traitement de l&#8217;image<br \/>\nAvec le tout nouveau processeur Hikvision int\u00e9gr\u00e9 sur la cam\u00e9ra DS-2CD1123G0E-I vous b\u00e9n\u00e9ficiez d&#8217;un traitement d&#8217;image pouss\u00e9 pour optimiser la qualit\u00e9 des vid\u00e9os.<\/p>\n<p>Digital WDR &#8211; Wide Dynamic Range (gestion des contre-jours pour voir les d\u00e9tails dans toutes les situations)<br \/>\n3D DNR (r\u00e9duction des erreurs lors des m\u00e9langes des couleurs et diminution des bruits d&#8217;image)<br \/>\nBLC (am\u00e9lioration des images en basse luminosit\u00e9)<br \/>\nOptimisation des flux<br \/>\nCette cam\u00e9ra b\u00e9n\u00e9ficie des codecs permettant une compression importante des flux vid\u00e9os sans d\u00e9gradation de la qualit\u00e9. Cela permet de b\u00e9n\u00e9ficier de flux plus l\u00e9gers pour afficher des images en Full HD m\u00eame sur des connexions internet un peu faible. C&#8217;est \u00e9galement un point important pour le stockage des vid\u00e9os sur un NVR par exemple, elle consommera moins d&#8217;espace disque.<\/p>\n<p>Elle g\u00e8re les codecs :<\/p>\n<p>H265+<br \/>\nH265<br \/>\nH264+<br \/>\nH264<br \/>\nMJPEG<br \/>\nStockage des vid\u00e9os<\/p>\n<p>La cam\u00e9ra DS-2CD1123G0E-I ne poss\u00e8de pas d&#8217;emplacement pour carte SD. Si vous souhaitez conserver les vid\u00e9os prises par la cam\u00e9ra il faut l&#8217;associer \u00e0 un enregistreur vid\u00e9o (NVR).<\/p>\n<p>Syst\u00e8me d&#8217;exploitation (OS)<br \/>\nCompatible Windows (XP, 7, 8 et 10) et Mac<\/p>\n<p>Compatible iOS et Android<\/p>\n","protected":false},"excerpt":{"rendered":"<p>Les points forts de la DS-2CD1123G0E-I<br \/>\nCapteur Full HD 2MP<br \/>\nAngle de vision extra large de 114\u00b0 &#8211; Lentille 2.8mm<br \/>\nVision nocturne jusqu&#8217;\u00e0 30 m\u00e8tres<br \/>\nVisualisation \u00e0 distance sur smartphone ou tablette avec application gratuite Hik-Connect<br \/>\nCodecs vid\u00e9o optimis\u00e9s : H265 et H265+<br \/>\nAnti-vandale indice de protection IK10<br \/>\n\u00c9tanche indice de protection IP67<br \/>\nGarantie 3 ans<br \/>\nCompatible Windows XP, Windows 7, Windows 8 et Windows 10 et Mac<\/p>\n<p>Navigateurs : IE8+, Chrome 31.0 44, Firefox 30.0 51<\/p>\n<p>Logiciels Hikvision : iVMS 4200, Hik Connect, iVMS 5200, iVMS 4500<\/p>\n","protected":false},"featured_media":19,"comment_status":"open","ping_status":"closed","template":"","meta":{"_joinchat":[]},"product_cat":[18,17],"product_tag":[],"_links":{"self":[{"href":"https:\/\/sodes-shop.com\/index.php\/wp-json\/wp\/v2\/product\/18"}],"collection":[{"href":"https:\/\/sodes-shop.com\/index.php\/wp-json\/wp\/v2\/product"}],"about":[{"href":"https:\/\/sodes-shop.com\/index.php\/wp-json\/wp\/v2\/types\/product"}],"replies":[{"embeddable":true,"href":"https:\/\/sodes-shop.com\/index.php\/wp-json\/wp\/v2\/comments?post=18"}],"wp:featuredmedia":[{"embeddable":true,"href":"https:\/\/sodes-shop.com\/index.php\/wp-json\/wp\/v2\/media\/19"}],"wp:attachment":[{"href":"https:\/\/sodes-shop.com\/index.php\/wp-json\/wp\/v2\/media?parent=18"}],"wp:term":[{"taxonomy":"product_cat","embeddable":true,"href":"https:\/\/sodes-shop.com\/index.php\/wp-json\/wp\/v2\/product_cat?post=18"},{"taxonomy":"product_tag","embeddable":true,"href":"https:\/\/sodes-shop.com\/index.php\/wp-json\/wp\/v2\/product_tag?post=18"}],"curies":[{"name":"wp","href":"https:\/\/api.w.org\/{rel}","templated":true}]}}