{"id":172,"date":"2023-02-13T10:05:34","date_gmt":"2023-02-13T10:05:34","guid":{"rendered":"https:\/\/sodes-shop.com\/?post_type=product&#038;p=172"},"modified":"2023-02-13T10:16:09","modified_gmt":"2023-02-13T10:16:09","slug":"ds-2cd2663g1-izs","status":"publish","type":"product","link":"https:\/\/sodes-shop.com\/index.php\/product\/ds-2cd2663g1-izs\/","title":{"rendered":"BULLET-DS-2CD2663G1-IZ(S)"},"content":{"rendered":"<p>Hikvision DS-2CD2663G1-IZS 6 MP 26 Series Motorized VF EXIR Bullet Camera (avec pigtail) utilise la technologie PoE + afin que vous puissiez ex\u00e9cuter un seul c\u00e2ble pour les donn\u00e9es et l\u2019alimentation. Sont \u00e9galement en vedette un emplacement pour carte microSD int\u00e9gr\u00e9 pour le stockage en p\u00e9riph\u00e9rie et des ports d\u2019entr\u00e9e et de sortie audio pour une conversation bidirectionnelle. La cam\u00e9ra est class\u00e9e IP67 pour la r\u00e9sistance aux intemp\u00e9ries. La conformit\u00e9 ONVIF garantit la compatibilit\u00e9 avec une large gamme d\u2019\u00e9quipements de surveillance.<\/p>\n","protected":false},"excerpt":{"rendered":"<ul>\n<li>Marque: Hikvision<\/li>\n<li>Produit: Cam\u00e9ra Bullet<\/li>\n<li>CMOS \u00e0 balayage progressif 1\/2,9\u00a0\u00bb<\/li>\n<li>H.265+\/H.265\/H.264+\/H.264\/MJPEG<\/li>\n<li>Couleur: 0.018 Lux @ (F1.6, AGC ON), 0 lux avec IR<\/li>\n<li>3072 \u00d7 2048@20 ips<\/li>\n<li>Lentille varifocale de 2,8 \u00e0 12 mm<\/li>\n<li>2 Analyses de comportement, IP67<\/li>\n<li>BLC\/3D DNR\/ROI\/HLC<\/li>\n<\/ul>\n","protected":false},"featured_media":176,"comment_status":"open","ping_status":"closed","template":"","meta":{"_joinchat":[]},"product_cat":[18,17],"product_tag":[],"_links":{"self":[{"href":"https:\/\/sodes-shop.com\/index.php\/wp-json\/wp\/v2\/product\/172"}],"collection":[{"href":"https:\/\/sodes-shop.com\/index.php\/wp-json\/wp\/v2\/product"}],"about":[{"href":"https:\/\/sodes-shop.com\/index.php\/wp-json\/wp\/v2\/types\/product"}],"replies":[{"embeddable":true,"href":"https:\/\/sodes-shop.com\/index.php\/wp-json\/wp\/v2\/comments?post=172"}],"wp:featuredmedia":[{"embeddable":true,"href":"https:\/\/sodes-shop.com\/index.php\/wp-json\/wp\/v2\/media\/176"}],"wp:attachment":[{"href":"https:\/\/sodes-shop.com\/index.php\/wp-json\/wp\/v2\/media?parent=172"}],"wp:term":[{"taxonomy":"product_cat","embeddable":true,"href":"https:\/\/sodes-shop.com\/index.php\/wp-json\/wp\/v2\/product_cat?post=172"},{"taxonomy":"product_tag","embeddable":true,"href":"https:\/\/sodes-shop.com\/index.php\/wp-json\/wp\/v2\/product_tag?post=172"}],"curies":[{"name":"wp","href":"https:\/\/api.w.org\/{rel}","templated":true}]}}