{"id":162,"date":"2023-02-13T08:33:01","date_gmt":"2023-02-13T08:33:01","guid":{"rendered":"https:\/\/sodes-shop.com\/?post_type=product&#038;p=162"},"modified":"2023-02-13T10:03:16","modified_gmt":"2023-02-13T10:03:16","slug":"ds-2cd1043go-i","status":"publish","type":"product","link":"https:\/\/sodes-shop.com\/index.php\/product\/ds-2cd1043go-i\/","title":{"rendered":"BULLET-DS-2CD1043GO-I"},"content":{"rendered":"<div class=\"wpb_text_column wpb_content_element \">\n<div class=\"wpb_wrapper\">\n<p>La cam\u00e9ra balle ext\u00e9rieure Hikvision DS-2CD1043G0-I est d\u00e9di\u00e9e aux syst\u00e8mes professionnels de vid\u00e9osurveillance IP. Cet appareil photo compact \u00e0 balle fixe IR a \u00e9t\u00e9 \u00e9quip\u00e9 d\u2019un capteur CMOS 4 MP 1\/3\u00a0\u00bb offrant une bonne couverture vid\u00e9o, m\u00eame dans des conditions de faible luminosit\u00e9. Avec l\u2019illuminateur IR fabriqu\u00e9 en technologie EXIR 2.0 avec une port\u00e9e allant jusqu\u2019\u00e0 30 m, la cam\u00e9ra peut \u00e9galement fonctionner dans l\u2019obscurit\u00e9 totale. L\u2019objectif int\u00e9gr\u00e9 de 2,8 mm a un angle de vision de 100\u00b0. Le bo\u00eetier IP67 de la cam\u00e9ra prot\u00e8ge l\u2019\u00e9lectronique contre les intemp\u00e9ries. La cam\u00e9ra peut \u00eatre aliment\u00e9e de mani\u00e8re conventionnelle avec une source 12 VCC ou avec l\u2019utilisation de l\u2019option PoE (802.3af).<\/p>\n<p><strong>Conditions de fonctionnement<\/strong>\u00a0: -30 \u00b0C \u00e0 50 \u00b0C (-22 \u00b0F \u00e0 122 \u00b0F), humidit\u00e9 : 95 % ou moins (sans condensation)<\/p>\n<p><strong>Alimentation :<\/strong>\u00a012 VCC \u00b1 25 %, fiche d\u2019alimentation coaxiale 5,5 mm PoE (802.3af, classe 3)<\/p>\n<p><strong>Consommation \u00e9lectrique et courant<\/strong>\u00a0: 12 VCC, 0,4 A, Max : 5 W PoE : (802,3 af, 36 V \u00e0 57 V), 0,2 A \u00e0 0,13 A, Max : 7 W<\/p>\n<p><strong>Niveau de protection :<\/strong>\u00a0Protection contre la foudre IP67 TVS 2000V, protection contre les surtensions et protection transitoire de tension<\/p>\n<p><strong>Mat\u00e9riel:<\/strong>\u00a0M\u00e9tal &amp; Plastique<\/p>\n<p><strong>Taille:<\/strong>\u00a0Appareil photo: \u00d8 70 mm \u00d7 172.7mm ( 2.7\u00a0\u00bb \u00d7 6.8\u00a0\u00bb) Avec paquet: 216 mm \u00d7 121 mm \u00d7 118 mm (8.5\u00a0\u00bb \u00d7 4.8\u00a0\u00bb \u00d7 4.6\u00a0\u00bb)<\/p>\n<p><strong>Poids:<\/strong>\u00a0Appareil photo : env. 280 g (0,62 lb) Avec emballage : env. : 530 g (1,17 lb)<\/p>\n<\/div>\n<\/div>\n<div class=\"vc_row wpb_row vc_inner vc_row-fluid\">\n<div class=\"wpb_column vc_column_container vc_col-sm-4\">\n<div class=\"vc_column-inner \">\n<div class=\"wpb_wrapper\">\n<p class=\"vc_custom_heading\"><strong>Sp\u00e9cification de la cam\u00e9ra<\/strong><\/p>\n<div class=\"wpb_text_column wpb_content_element \">\n<div class=\"wpb_wrapper\">\n<ul>\n<li><strong>Capteur d\u2019image :<\/strong>\u00a0CMOS \u00e0 balayage progressif 1\/3\u00a0\u00bb<\/li>\n<li><strong>Min. \u00c9clairage :<\/strong>\u00a0Couleur: 0.01 Lux @ (F1.2, AGC ON), 0.028 Lux @ (F2.0, AGC ON)<\/li>\n<li><strong>Vitesse d\u2019obturation :<\/strong>\u00a01\/3 s \u00e0 1\/100, 000 s<\/li>\n<li><strong>Obturateur lent :<\/strong>\u00a0Oui<\/li>\n<li><strong>Auto-Iris :<\/strong>\u00a0Non<\/li>\n<li><strong>Jour &amp;Nuit :<\/strong>\u00a0Filtre \u00e0 coupe IR<\/li>\n<li><strong>DNR (Digital Noise Reduction) : DNR<\/strong>\u00a03D<\/li>\n<li><strong>WDR (Wide Dynamic Range) :<\/strong>\u00a0WDR num\u00e9rique<\/li>\n<li><strong>R\u00e9glage de l\u2019angle (support) :<\/strong>\u00a0Pan: 0\u00b0 \u00e0 360\u00b0, inclinaison: 0\u00b0 \u00e0 180\u00b0, rotation: 0\u00b0 \u00e0 360\u00b0<\/li>\n<\/ul>\n<\/div>\n<\/div>\n<\/div>\n<\/div>\n<\/div>\n<div class=\"wpb_column vc_column_container vc_col-sm-4\">\n<div class=\"vc_column-inner \">\n<div class=\"wpb_wrapper\">\n<p class=\"vc_custom_heading\"><strong>Lentille de cam\u00e9ra \/ infrarouge<\/strong><\/p>\n<div class=\"wpb_text_column wpb_content_element \">\n<div class=\"wpb_wrapper\">\n<ul>\n<li><strong>Distance focale :<\/strong>\u00a04 mm<\/li>\n<li><strong>Ouverture:<\/strong>\u00a0F2.0<\/li>\n<li><strong>Foyer:<\/strong>\u00a0Non<\/li>\n<li><strong>Monture:<\/strong>\u00a0M12<\/li>\n<\/ul>\n<p><strong>Infrarouge (IR)<\/strong><\/p>\n<ul>\n<li><strong>Gamme IR :<\/strong>\u00a0Jusqu\u2019\u00e0 30 m<\/li>\n<li><strong>Longueur d\u2019onde :<\/strong>\u00a0850 nm<\/li>\n<\/ul>\n<\/div>\n<\/div>\n<\/div>\n<\/div>\n<\/div>\n<\/div>\n","protected":false},"excerpt":{"rendered":"<ul>\n<li>CMOS \u00e0 balayage progressif 1\/3\u00a0\u00bb<\/li>\n<li>3D DNR (r\u00e9duction num\u00e9rique du bruit)<\/li>\n<li>2560 \u00d7 1440@20fps 4MP<\/li>\n<li>Port\u00e9e IR jusqu\u2019\u00e0 30 m<\/li>\n<li>Objectif fixe 2,8 mm\/4 mm\/6 mm<\/li>\n<li>PoE (Power over Ethernet)<\/li>\n<li>H.265+, H.265, H.264+, H.264<\/li>\n<li>IP67<\/li>\n<li>Double flux<\/li>\n<li>WDR num\u00e9rique (plage dynamique \u00e9tendue)<\/li>\n<\/ul>\n","protected":false},"featured_media":171,"comment_status":"open","ping_status":"closed","template":"","meta":{"_joinchat":[]},"product_cat":[18,17],"product_tag":[],"_links":{"self":[{"href":"https:\/\/sodes-shop.com\/index.php\/wp-json\/wp\/v2\/product\/162"}],"collection":[{"href":"https:\/\/sodes-shop.com\/index.php\/wp-json\/wp\/v2\/product"}],"about":[{"href":"https:\/\/sodes-shop.com\/index.php\/wp-json\/wp\/v2\/types\/product"}],"replies":[{"embeddable":true,"href":"https:\/\/sodes-shop.com\/index.php\/wp-json\/wp\/v2\/comments?post=162"}],"wp:featuredmedia":[{"embeddable":true,"href":"https:\/\/sodes-shop.com\/index.php\/wp-json\/wp\/v2\/media\/171"}],"wp:attachment":[{"href":"https:\/\/sodes-shop.com\/index.php\/wp-json\/wp\/v2\/media?parent=162"}],"wp:term":[{"taxonomy":"product_cat","embeddable":true,"href":"https:\/\/sodes-shop.com\/index.php\/wp-json\/wp\/v2\/product_cat?post=162"},{"taxonomy":"product_tag","embeddable":true,"href":"https:\/\/sodes-shop.com\/index.php\/wp-json\/wp\/v2\/product_tag?post=162"}],"curies":[{"name":"wp","href":"https:\/\/api.w.org\/{rel}","templated":true}]}}