{"id":155,"date":"2023-02-13T08:17:44","date_gmt":"2023-02-13T08:17:44","guid":{"rendered":"https:\/\/sodes-shop.com\/?post_type=product&#038;p=155"},"modified":"2025-12-14T02:20:15","modified_gmt":"2025-12-14T02:20:15","slug":"nvr-dhi-nvr1104hs-p-s3-h","status":"publish","type":"product","link":"https:\/\/sodes-shop.com\/index.php\/product\/nvr-dhi-nvr1104hs-p-s3-h\/","title":{"rendered":"NVR-DHI-NVR1104HS-P-S3\/H"},"content":{"rendered":"<h1>Pr\u00e9sentation du syst\u00e8me Dahua-NVR1104HS-P-S3\/H<\/h1>\n<p>Dahua-NVR1104HS-P-S3 \/ H 80mbps 4 canaux compact 1U 4PoE Lite H.265 Enregistreur vid\u00e9o r\u00e9seau. Cet enregistreur vid\u00e9o r\u00e9seau est un produit tr\u00e8s rentable, offrant des fonctions telles que l\u2019affichage en direct local, l\u2019affichage multi-\u00e9crans, le stockage en temps r\u00e9el sur disque dur local, le fonctionnement rapide \u00e0 la souris, ainsi que la gestion et le contr\u00f4le \u00e0 distance.<\/p>\n<h2>Dahua-NVR1104HS-P-S3\/H Sp\u00e9cification<\/h2>\n<p><strong>Syst\u00e8me<\/strong><\/p>\n<p>Processeur principal: Processeur<br \/>\nembarqu\u00e9 de qualit\u00e9 industrielle Syst\u00e8me d\u2019exploitation: Embedded Linux<br \/>\nInterface d\u2019op\u00e9ration: Web \/ fonctionnant dans une interface graphique locale<\/p>\n<p><strong>Vid\u00e9o<\/strong><\/p>\n<p>Canal d\u2019acc\u00e8s : 4 canaux<br \/>\nBande passante r\u00e9seau : 80 Mbps pour l\u2019acc\u00e8s, 80 Mbps pour le stockage et 60 Mbps pour le transfert.<br \/>\nR\u00e9solution: 8MP \/ 5MP \/ 4MP \/ 3MP \/ 1080P \/ 720P \/ D1 \/ CIF<br \/>\nCapacit\u00e9 de d\u00e9codage: 1-ch@8MP (30FPS) ou 1-ch@5MP (30FPS) ou 2-ch@4MP (30FPS) ou 2-ch@3MP (30FPS) ou 4-ch@1080P (30FPS)<br \/>\nSortie vid\u00e9o: 1 sortie vid\u00e9o simultan\u00e9e VGA \/ 1 HDMI, r\u00e9solution maximale 1080P<br \/>\nAffichage multi-\u00e9cran: 1\/4<br \/>\nAcc\u00e8s \u00e0 la cam\u00e9ra tierce: Onvif, RTSC<\/p>\n<p><strong>Compression<\/strong><\/p>\n<p>Vid\u00e9o: Smart H.265 + \/ H.265 \/ Smart H.264 + \/ H.264<br \/>\nAudio: PCM \/ G711A \/ G711U \/ G726 \/ AAC<\/p>\n<p><strong>R\u00e9seau<\/strong><\/p>\n<p>Protocole r\u00e9seau: HTTP, HTTPS, TCP \/ IP, IPv4, IPv6, RTSP, UDP, NTP, DHCP, DNS, P2P<br \/>\nAcc\u00e8s au t\u00e9l\u00e9phone mobile: IDMSS (iOS), GDMSS (Android)<br \/>\nNorme d\u2019acc\u00e8s: ONVIF (profil T \/ profil S \/ profil G), CGI, SDK<br \/>\nNavigateur: Chrome, IE9 ou sup\u00e9rieur, Firefox<\/p>\n<p><strong>Enregistrement de la lecture<\/strong><\/p>\n<p>Lecture multicanal: Jusqu\u2019\u00e0 4 canaux de lecture Mode d\u2019enregistrement: Priorit\u00e9 du mode d\u2019enregistrement: Enregistrement manuel &gt; enregistrement<br \/>\nd\u2019alarme &gt; enregistrement de d\u00e9tection de mouvement &gt; enregistrement<br \/>\nchronom\u00e9tr\u00e9 Stockage: Disque dur local et r\u00e9seau<br \/>\nSauvegarde: p\u00e9riph\u00e9rique<br \/>\nUSB Fonction de lecture: 1. Lecture, pause, arr\u00eat, avance rapide, retour arri\u00e8re rapide, rembobinage et lecture par image 2. Plein \u00e9cran, sauvegarde (couper\/fichier), agrandir partiellement, audio activ\u00e9\/d\u00e9sactiv\u00e9<\/p>\n<p><strong>Alarme<\/strong><\/p>\n<p>Alarme g\u00e9n\u00e9rale: d\u00e9tection de mouvement, masquage de confidentialit\u00e9, perte vid\u00e9o, alarme PIR, alarme IPC Alarme d\u2019anomalie: p\u00e9riph\u00e9rique frontal hors ligne, erreur de stockage, stockage complet, conflit IP, conflit MAC, verrouillage de connexion, anomalie<br \/>\nde s\u00e9curit\u00e9 r\u00e9seau Liaison d\u2019alarme<br \/>\n: enregistrement vid\u00e9o, instantan\u00e9, journal, pr\u00e9r\u00e9glage, visite<\/p>\n<p><strong>Port externe<\/strong><\/p>\n<p>Disque dur : 1 port USB 2.0 avant, 1 port USB 2.0 arri\u00e8re USB : 1<br \/>\nHDMI : 1<br \/>\nVGA : 1 RCA Entr\u00e9e : 1<\/p>\n<p>RCA Sortie : 1 Alarme : Aucune<br \/>\nR\u00e9seau : 1<br \/>\nport<br \/>\nRJ\u201345 (10\/100 Mbit\/s), 4 ports RJ\u201345 avec alimentation PoE (10\/100 Mbps)<\/p>\n<p><strong>Param\u00e8tre g\u00e9n\u00e9ral<\/strong><\/p>\n<p>Alimentation: DC48V \/ 53V, 1.25A \/ 1.22A<br \/>\nConsommation \u00e9lectrique: La sortie totale du NVR est de \u2264 10W (sans disque dur) La puissance de sortie totale du PoE est de 36 W et la puissance de sortie maximale d\u2019un seul port est de 25,5 W<br \/>\nPoids net : 0,84 kg (1,85 lb) Poids brut : 1,86 kg (4,10 lb) Dimensions du produit: 260 mm \u00d7 225 mm \u00d7 47,6 mm (L \u00d7 L \u00d7 H)<\/p>\n<p>Dimensions de la bo\u00eete: 87 mm\u00d7331 mm\u00d7312 mm (L \u00d7 L \u00d7 H) Temp\u00e9rature de fonctionnement: -10 \u00b0C \u00e0 45 \u00b0C (+34 \u00b0F \u00e0 +113 \u00b0F) Temp\u00e9rature de stockage: 0 \u00b0C \u00e0 40 \u00b0C (+32 \u00b0F \u00e0 +104 \u00b0F) Humidit\u00e9 de fonctionnement: 10% ~ 93% Humidit\u00e9 de stockage: 30% ~ 85%<\/p>\n<p>Altitude de fonctionnement: 3000 m (9843 ft)<\/p>\n","protected":false},"excerpt":{"rendered":"<h3>Principales caract\u00e9ristiques :<\/h3>\n<ul>\n<li>Nouvelle interface<\/li>\n<li>utilisateur 4.0\u00a0<strong>\u00b7<\/strong>\u00a0Surveillance \u00e0 distance P2P, lecture vid\u00e9o sur un appareil<br \/>\nmobile \u00b7 4\u2013ch@1080P (30 ips), capacit\u00e9 de d\u00e9codage auto-adaptatif\u00a0<strong>\u00b7<\/strong>\u00a0Prise en charge des cam\u00e9ras grand public des protocoles<br \/>\nONVIF et RTSP\u00a0<strong>\u00b7<\/strong> Intelligent H.265+\/Smart H.264+\/H.265\/H.264<\/li>\n<li>Sortie vid\u00e9o simultan\u00e9e VGA \/ HDMI, la r\u00e9solution maximale de HDMI<br \/>\nest de 1080P<\/li>\n<li>Configuration et gestion \u00e0 distance des IPC, telles que la d\u00e9finition des param\u00e8tres, l\u2019acquisition d\u2019informations et la mise \u00e0 niveau des IPC du m\u00eame mod\u00e8le par lots<\/li>\n<li>DHCP (Dynamic Host Configuration Protocol), HTTP (Hypertext Transfer<br \/>\nProtocol), NTP (Network Time Protocol) et DDNS (Dynamic Domain Name<br \/>\nSystem)<\/li>\n<\/ul>\n","protected":false},"featured_media":156,"comment_status":"open","ping_status":"closed","template":"","meta":{"_joinchat":[]},"product_cat":[22,17],"product_tag":[],"_links":{"self":[{"href":"https:\/\/sodes-shop.com\/index.php\/wp-json\/wp\/v2\/product\/155"}],"collection":[{"href":"https:\/\/sodes-shop.com\/index.php\/wp-json\/wp\/v2\/product"}],"about":[{"href":"https:\/\/sodes-shop.com\/index.php\/wp-json\/wp\/v2\/types\/product"}],"replies":[{"embeddable":true,"href":"https:\/\/sodes-shop.com\/index.php\/wp-json\/wp\/v2\/comments?post=155"}],"wp:featuredmedia":[{"embeddable":true,"href":"https:\/\/sodes-shop.com\/index.php\/wp-json\/wp\/v2\/media\/156"}],"wp:attachment":[{"href":"https:\/\/sodes-shop.com\/index.php\/wp-json\/wp\/v2\/media?parent=155"}],"wp:term":[{"taxonomy":"product_cat","embeddable":true,"href":"https:\/\/sodes-shop.com\/index.php\/wp-json\/wp\/v2\/product_cat?post=155"},{"taxonomy":"product_tag","embeddable":true,"href":"https:\/\/sodes-shop.com\/index.php\/wp-json\/wp\/v2\/product_tag?post=155"}],"curies":[{"name":"wp","href":"https:\/\/api.w.org\/{rel}","templated":true}]}}