{"id":140,"date":"2023-02-12T18:50:09","date_gmt":"2023-02-12T18:50:09","guid":{"rendered":"https:\/\/sodes-shop.com\/?post_type=product&#038;p=140"},"modified":"2023-02-12T21:05:32","modified_gmt":"2023-02-12T21:05:32","slug":"bullet-dh-hac-b2a21p","status":"publish","type":"product","link":"https:\/\/sodes-shop.com\/index.php\/product\/bullet-dh-hac-b2a21p\/","title":{"rendered":"BULLET-DH-HAC-B2A21P"},"content":{"rendered":"<p>Dahua HAC-B2A21P 2MP HD CCTV Cam\u00e9ra Bullet en m\u00e9tal<\/p>\n<p>D\u00e9couvrez la vid\u00e9o Full HD 1080P et la simplicit\u00e9 d\u2019utilisation du c\u00e2blage existant<\/p>\n<p>infrastructure avec HDCVI. La cam\u00e9ra Cooper s\u00e9rie 1080P HDCVI<\/p>\n<p>Dispose d\u2019un design compact et offre une image de haute qualit\u00e9 \u00e0 un<\/p>\n<p>prix. Il propose diff\u00e9rents mod\u00e8les de lentilles varifocales \/ fixes avec un multilingue<\/p>\n<p>Sortie commutable OSD et HD\/SD. Sa flexibilit\u00e9 structurelle et ses performances co\u00fbteuses font de la cam\u00e9ra un choix id\u00e9al pour les solutions PME.<\/p>\n<p>Fonctions<\/p>\n<p>4 signaux sur 1 c\u00e2ble coaxial<\/p>\n<p>La technologie HDCVI prend en charge 4 signaux \u00e0 transmettre sur 1 coaxial<\/p>\n<p>c\u00e2ble simultan\u00e9ment, c\u2019est-\u00e0-dire vid\u00e9o, audio*, donn\u00e9es et alimentation. Donn\u00e9es bidirectionnelles<\/p>\n<p>permet \u00e0 la cam\u00e9ra HDCVI d\u2019interagir avec le HCVR, par exemple :<\/p>\n<p>l\u2019envoi d\u2019un signal de commande ou le d\u00e9clenchement de l\u2019alarme. De plus, la technologie HDCVI<\/p>\n<p>prend en charge PoC pour la flexibilit\u00e9 de la construction.<\/p>\n<p>* L\u2019entr\u00e9e audio est disponible pour certains mod\u00e8les de cam\u00e9ras HDCVI.<\/p>\n<p>Transmission longue distance<\/p>\n<p>La technologie HDCVI garantit une transmission en temps r\u00e9el \u00e0 longue distance<\/p>\n<p>sans aucune perte. Il prend en charge jusqu\u2019\u00e0 800m (1080P) \/ 1200m (720P) transmission via c\u00e2ble coaxial, et jusqu\u2019\u00e0 300m (1080P) \/ 450m (720P) via UTP<\/p>\n<p>c\u00e2ble.<\/p>\n<p>La cam\u00e9ra prend en charge plusieurs formats vid\u00e9o, notamment HDCVI, CVBS et<\/p>\n<p>deux autres formats analogiques HD courants sur le march\u00e9. Les quatre formats peuvent<\/p>\n<p>\u00eatre bascul\u00e9 via le menu OSD ou par PFM820 (contr\u00f4leur UTC). Ceci<\/p>\n<p>rend la cam\u00e9ra compatible non seulement avec les HCVR, mais aussi avec les<\/p>\n<p>les DVR HD\/SD existants de la plupart des utilisateurs finaux.<\/p>\n","protected":false},"excerpt":{"rendered":"<p><strong>\u00a0 \u00a0 \u00a0Caract\u00e9ristiques<\/strong><\/p>\n<ul>\n<li>Max. 30fps@1080P<\/li>\n<li>Sortie HD et SD commutable<\/li>\n<li>Objectif fixe 3,6 mm (2,8 mm, 6 mm en option)<\/li>\n<li>Angle de vue 93 degr\u00e9s<\/li>\n<li>Longueur IR max. 20m, Smart IR<\/li>\n<li>IP67, DC12V<\/li>\n<li>Corps m\u00e9tallique<\/li>\n<\/ul>\n","protected":false},"featured_media":145,"comment_status":"open","ping_status":"closed","template":"","meta":{"_joinchat":[]},"product_cat":[18,17],"product_tag":[],"_links":{"self":[{"href":"https:\/\/sodes-shop.com\/index.php\/wp-json\/wp\/v2\/product\/140"}],"collection":[{"href":"https:\/\/sodes-shop.com\/index.php\/wp-json\/wp\/v2\/product"}],"about":[{"href":"https:\/\/sodes-shop.com\/index.php\/wp-json\/wp\/v2\/types\/product"}],"replies":[{"embeddable":true,"href":"https:\/\/sodes-shop.com\/index.php\/wp-json\/wp\/v2\/comments?post=140"}],"wp:featuredmedia":[{"embeddable":true,"href":"https:\/\/sodes-shop.com\/index.php\/wp-json\/wp\/v2\/media\/145"}],"wp:attachment":[{"href":"https:\/\/sodes-shop.com\/index.php\/wp-json\/wp\/v2\/media?parent=140"}],"wp:term":[{"taxonomy":"product_cat","embeddable":true,"href":"https:\/\/sodes-shop.com\/index.php\/wp-json\/wp\/v2\/product_cat?post=140"},{"taxonomy":"product_tag","embeddable":true,"href":"https:\/\/sodes-shop.com\/index.php\/wp-json\/wp\/v2\/product_tag?post=140"}],"curies":[{"name":"wp","href":"https:\/\/api.w.org\/{rel}","templated":true}]}}