{"id":133,"date":"2023-02-12T15:20:28","date_gmt":"2023-02-12T15:20:28","guid":{"rendered":"https:\/\/sodes-shop.com\/?post_type=product&#038;p=133"},"modified":"2025-11-03T21:10:14","modified_gmt":"2025-11-03T21:10:14","slug":"bullet-dh-hac-hfw1209cp-led","status":"publish","type":"product","link":"https:\/\/sodes-shop.com\/index.php\/product\/bullet-dh-hac-hfw1209cp-led\/","title":{"rendered":"BULLET-DH-HAC-HFW1209CP-LED"},"content":{"rendered":"<table id=\"table001\" class=\"NEW-TABLE TableOverride-1 tab-drag\">\n<tbody>\n<tr>\n<td colspan=\"60\"><strong>Cam\u00e9ra<\/strong><\/td>\n<\/tr>\n<tr>\n<td colspan=\"18\">Capteur d\u2019image<\/td>\n<td colspan=\"42\">CMOS 1\/2,8 pouces<\/td>\n<\/tr>\n<tr>\n<td colspan=\"18\">Pixels effectifs<\/td>\n<td colspan=\"42\">1920 (H) \u00d7 1080 (V), 2MP<\/td>\n<\/tr>\n<tr>\n<td colspan=\"18\">Syst\u00e8me de num\u00e9risation<\/td>\n<td colspan=\"42\">Progressif<\/td>\n<\/tr>\n<tr>\n<td colspan=\"18\">Vitesse d\u2019obturation \u00e9lectronique<\/td>\n<td colspan=\"42\">PAL: 1\/25s\u20131\/100000s NTSC: 1\/30s\u20131\/100000s<\/td>\n<\/tr>\n<tr>\n<td colspan=\"18\">Rapport signal\/bruit<\/td>\n<td colspan=\"42\">&gt; 65dB<\/td>\n<\/tr>\n<tr>\n<td colspan=\"18\">\u00c9clairage minimal<\/td>\n<td colspan=\"42\">0.01Lux\/F1.6, 0Lux lumi\u00e8re blanche allum\u00e9e<\/td>\n<\/tr>\n<tr>\n<td colspan=\"18\">Distance d\u2019\u00e9clairage<\/td>\n<td colspan=\"42\">Distance jusqu\u2019\u00e0 20 m (65,61 pi)<\/td>\n<\/tr>\n<tr>\n<td colspan=\"18\">Contr\u00f4le marche\/arr\u00eat de l\u2019illuminateur<\/td>\n<td colspan=\"42\">Auto; Manuelle<\/td>\n<\/tr>\n<tr>\n<td colspan=\"18\">Num\u00e9ro de l\u2019illuminateur<\/td>\n<td colspan=\"42\">1<\/td>\n<\/tr>\n<tr>\n<td colspan=\"18\">Plage de panoramique\/inclinaison\/rotation<\/td>\n<td colspan=\"42\">Pan: 0 \u00b0 &#8211; 360 \u00b0 Inclinaison: 0 \u00b0 &#8211; 180 \u00b0 Rotation: 0 \u00b0 &#8211; 360 \u00b0<\/td>\n<\/tr>\n<tr>\n<td colspan=\"60\"><strong>Lentille<\/strong><\/td>\n<\/tr>\n<tr>\n<td colspan=\"18\">Type de lentille<\/td>\n<td colspan=\"42\">Foyer fixe<\/td>\n<\/tr>\n<tr>\n<td colspan=\"18\">Type de montage<\/td>\n<td colspan=\"42\">M12<\/td>\n<\/tr>\n<tr>\n<td colspan=\"18\">Focale<\/td>\n<td colspan=\"42\">3,6 mm<\/td>\n<\/tr>\n<tr>\n<td colspan=\"18\">Ouverture max.<\/td>\n<td colspan=\"42\">F1.6 ; F1.6<\/td>\n<\/tr>\n<tr>\n<td colspan=\"18\">Champ de vision<\/td>\n<td colspan=\"42\">3,6 mm : 103,6\u00b0 \u00d7 86,9\u00b0 \u00d7 46,3\u00b0<\/p>\n<p>(diagonale \u00d7 horizontale \u00d7 verticale)<\/td>\n<\/tr>\n<tr>\n<td colspan=\"18\">Type d\u2019iris<\/td>\n<td colspan=\"42\">Iris fixe<\/td>\n<\/tr>\n<tr>\n<td colspan=\"18\">Distance de mise au point rapproch\u00e9e<\/td>\n<td colspan=\"42\">3,6 mm : 1,2 m (3,94 pi)<\/td>\n<\/tr>\n<tr>\n<td colspan=\"18\" rowspan=\"3\">DORI Distance<\/td>\n<td colspan=\"8\">Lentille<\/td>\n<td colspan=\"8\">D\u00e9tecter<\/td>\n<td colspan=\"8\">Observer<\/td>\n<td colspan=\"8\">Reconna\u00eetre<\/td>\n<td colspan=\"10\">Identifier<\/td>\n<\/tr>\n<tr>\n<td colspan=\"8\"><\/td>\n<td colspan=\"8\"><\/td>\n<td colspan=\"8\"><\/td>\n<td colspan=\"8\"><\/td>\n<td colspan=\"10\"><\/td>\n<\/tr>\n<tr>\n<td colspan=\"8\">3,6 mm<\/td>\n<td colspan=\"8\">55.2 m (181.1 ft)<\/td>\n<td colspan=\"8\">22.1 m (72.5 ft)<\/td>\n<td colspan=\"8\">11.0 m (36.1 ft)<\/td>\n<td colspan=\"10\">5,5 m<\/p>\n<p>(18,0 pi)<\/td>\n<\/tr>\n<tr>\n<td colspan=\"60\">Vid\u00e9o<\/td>\n<\/tr>\n<tr>\n<td colspan=\"18\">Fr\u00e9quence d\u2019images<\/td>\n<td colspan=\"42\">CVI : PAL :<br \/>\n1080P@25fps; 720P@25fps;<br \/>\nNTSC : 1080P@30fps; 720P@30fps;<br \/>\nAHD: PAL:<br \/>\n1080P@25fps;<br \/>\nNTSC: 1080P@30fps<br \/>\nTVI: PAL:<br \/>\n1080P@25fps;<br \/>\nNTSC: 1080P@30fps<br \/>\nCVBS: PAL:<br \/>\n960H;<br \/>\nNTSC: 960H<\/td>\n<\/tr>\n<tr>\n<td colspan=\"18\">R\u00e9solution<\/td>\n<td colspan=\"42\">1080P (1920 \u00d7 1080); 720P (1280 \u00d7 720); 960H (960 \u00d7 576\/960 \u00d7 480)<\/td>\n<\/tr>\n<tr>\n<td colspan=\"18\">BLC (en anglais seulement)<\/td>\n<td colspan=\"42\">BLC\/WDR<\/td>\n<\/tr>\n<tr>\n<td colspan=\"18\">Le<\/td>\n<td colspan=\"42\">DWDR<\/td>\n<\/tr>\n<tr>\n<td colspan=\"18\">Balance des blancs<\/td>\n<td colspan=\"42\">Auto; Manuelle<\/td>\n<\/tr>\n<tr>\n<td colspan=\"18\">Contr\u00f4le du gain<\/td>\n<td colspan=\"42\">Auto; Manuelle<\/td>\n<\/tr>\n<tr>\n<td colspan=\"18\">R\u00e9duction du bruit<\/td>\n<td colspan=\"42\">2D NR<\/td>\n<\/tr>\n<tr>\n<td colspan=\"18\">Lumi\u00e8re intelligente<\/td>\n<td colspan=\"42\">Oui<\/td>\n<\/tr>\n<tr>\n<td colspan=\"18\">Miroir<\/td>\n<td colspan=\"42\">D\u00e9sactiv\u00e9\/Activ\u00e9<\/td>\n<\/tr>\n<tr>\n<td colspan=\"18\">Masquage de confidentialit\u00e9<\/td>\n<td colspan=\"42\">Off\/On (8 zones, rectangle)<\/td>\n<\/tr>\n<tr>\n<td colspan=\"60\">Certifications<\/td>\n<\/tr>\n<tr>\n<td colspan=\"18\">Certifications<\/td>\n<td colspan=\"42\">CE (EN55032, EN55024, EN50130-4, EN60950-1) FCC (CFR 47 FCC Part 15 subpart B, ANSI C63.4-2014)<\/td>\n<\/tr>\n<tr>\n<td colspan=\"60\">Port<\/td>\n<\/tr>\n<tr>\n<td colspan=\"18\">Sortie vid\u00e9o<\/td>\n<td colspan=\"42\">Choix de sortie vid\u00e9o CVI\/TVI\/AHD\/CVBS par un port BNC<\/td>\n<\/tr>\n<tr>\n<td colspan=\"18\">Audio Interface<\/td>\n<td colspan=\"42\">N\/A<\/td>\n<\/tr>\n<tr>\n<td colspan=\"60\">Pouvoir<\/td>\n<\/tr>\n<tr>\n<td colspan=\"18\">Alimentation<\/td>\n<td colspan=\"42\">12V \u00b130% DC<\/td>\n<\/tr>\n<tr>\n<td colspan=\"18\">Consommation d\u2019\u00e9nergie<\/td>\n<td colspan=\"42\">Max 3.0W (12V DC, lumi\u00e8re blanche allum\u00e9e)<\/td>\n<\/tr>\n<tr>\n<td colspan=\"60\">Environnement<\/td>\n<\/tr>\n<tr>\n<td colspan=\"18\">Temp\u00e9rature de fonctionnement<\/td>\n<td colspan=\"42\">-40 \u00b0C \u00e0 +60 \u00b0C (-40 \u00b0F \u00e0 140 \u00b0F); &lt;95 % (sans condensation)<\/td>\n<\/tr>\n<tr>\n<td colspan=\"18\">Temp\u00e9rature de stockage<\/td>\n<td colspan=\"42\">-40 \u00b0C \u00e0 +60 \u00b0C (-40 \u00b0F \u00e0 140 \u00b0F); &lt;95 % (sans condensation)<\/td>\n<\/tr>\n<tr>\n<td colspan=\"18\">Protection Grade<\/td>\n<td colspan=\"42\">IP67<\/td>\n<\/tr>\n<tr>\n<td colspan=\"60\">Structure<\/td>\n<\/tr>\n<tr>\n<td colspan=\"18\">Gaine<\/td>\n<td colspan=\"42\">Couvercle avant en m\u00e9tal + corps principal en plastique + support en plastique<\/td>\n<\/tr>\n<tr>\n<td colspan=\"18\">Dimensions de la cam\u00e9ra<\/td>\n<td colspan=\"42\">161,3 mm \u00d7 69,7 mm \u00d7 70,0 mm (6,35\u00a0\u00bb \u00d7 2,75\u00a0\u00bb \u00d7 2,75\u00a0\u00bb)<\/td>\n<\/tr>\n<tr>\n<td colspan=\"18\">Poids net<\/td>\n<td colspan=\"42\">0,20 kg (0,44 lb)<\/td>\n<\/tr>\n<tr>\n<td colspan=\"18\">Poids brut<\/td>\n<td colspan=\"42\">0,28 kg (0,62 lb)<\/td>\n<\/tr>\n<\/tbody>\n<\/table>\n","protected":false},"excerpt":{"rendered":"<p>.Marque Dahua<br \/>\n.Mod\u00e8le Dahua DH-HAC-HFW1209CP-A-LED<br \/>\n.Usage Int\u00e9rieur et ext\u00e9rieur<br \/>\n.Type Cam\u00e9ra CC<br \/>\n.N\u00b0 de la pi\u00e8ce DH-HAC-HFW1209CP-A-LED<br \/>\n.M\u00e9ga pixels 2.0MP<br \/>\n.R\u00e9solutions. 1080p<br \/>\n.R\u00e9solution max. de la cam\u00e9ra 1920 x 1080<br \/>\n.Rapport signal\/bruit &gt; 65 dB<br \/>\n.Temps d\u2019obturation PAL: 1\/25 s-1\/100000s, NTSC: 1\/30 s-1\/100000s<br \/>\n.Type de capteur. CMOS 1\/2,8 pouces<br \/>\n.Nyctalopie Oui<\/p>\n","protected":false},"featured_media":134,"comment_status":"open","ping_status":"closed","template":"","meta":{"_joinchat":[]},"product_cat":[18,17],"product_tag":[],"_links":{"self":[{"href":"https:\/\/sodes-shop.com\/index.php\/wp-json\/wp\/v2\/product\/133"}],"collection":[{"href":"https:\/\/sodes-shop.com\/index.php\/wp-json\/wp\/v2\/product"}],"about":[{"href":"https:\/\/sodes-shop.com\/index.php\/wp-json\/wp\/v2\/types\/product"}],"replies":[{"embeddable":true,"href":"https:\/\/sodes-shop.com\/index.php\/wp-json\/wp\/v2\/comments?post=133"}],"wp:featuredmedia":[{"embeddable":true,"href":"https:\/\/sodes-shop.com\/index.php\/wp-json\/wp\/v2\/media\/134"}],"wp:attachment":[{"href":"https:\/\/sodes-shop.com\/index.php\/wp-json\/wp\/v2\/media?parent=133"}],"wp:term":[{"taxonomy":"product_cat","embeddable":true,"href":"https:\/\/sodes-shop.com\/index.php\/wp-json\/wp\/v2\/product_cat?post=133"},{"taxonomy":"product_tag","embeddable":true,"href":"https:\/\/sodes-shop.com\/index.php\/wp-json\/wp\/v2\/product_tag?post=133"}],"curies":[{"name":"wp","href":"https:\/\/api.w.org\/{rel}","templated":true}]}}