{"id":1193,"date":"2023-02-25T23:39:52","date_gmt":"2023-02-25T23:39:52","guid":{"rendered":"https:\/\/sodes-shop.com\/?post_type=product&#038;p=1193"},"modified":"2023-03-06T10:29:50","modified_gmt":"2023-03-06T10:29:50","slug":"1193","status":"publish","type":"product","link":"https:\/\/sodes-shop.com\/index.php\/product\/1193\/","title":{"rendered":"DH-XVR5116HS-I2"},"content":{"rendered":"<ul>\n<li>Compression vid\u00e9o double flux H.265+\/H.265\u00b7 Prend en charge les entr\u00e9es vid\u00e9o HDCVI \/ AHD \/ TVI \/ CVBS \/ IP<\/li>\n<li>Max 24 canaux entr\u00e9es de cam\u00e9ra IP, chaque canal jusqu\u2019\u00e0 6MP; Bande passante entrante maximale de 128 Mbps\u00b7 Jusqu\u2019\u00e0 2 canaux flux vid\u00e9o (canal analogique) Protection p\u00e9rim\u00e9trique<\/li>\n<li>Jusqu\u2019\u00e0 16 canaux flux vid\u00e9o (canal analogique) SMD Plus<\/li>\n<li>Jusqu\u2019\u00e0 2 canaux flux vid\u00e9o (canal analogique) reconnaissance<br \/>\nfaciale humaine\u00b7 Fonctionnalit\u00e9s IoT &amp; POS<\/li>\n<\/ul>\n<p>Dahua a optimis\u00e9 H.265 avec son codec H.265+ Smart, offrant jusqu\u2019\u00e0 80% d\u2019\u00e9conomies de bande passante et de stockage par rapport \u00e0 la norme H.264. Quatre technologies innovantes travaillent ensemble pour rendre Smart H.265+ si puissant<\/p>\n","protected":false},"excerpt":{"rendered":"<h3>\u00a0caract\u00e9ristiques :<\/h3>\n<p>Le XVR1816HS-I2 dispose d\u2019analyses intelligentes telles que le tripwire et l\u2019intrusion qui vous permettent de prot\u00e9ger les zones ; Aliment\u00e9s par sa puce d\u2019apprentissage profond et son algorithme, ils g\u00e9n\u00e8rent un haut degr\u00e9 de pr\u00e9cision.<br \/>\nH.265+<\/p>\n","protected":false},"featured_media":1195,"comment_status":"open","ping_status":"closed","template":"","meta":{"_joinchat":{"message_send":"Bonjour cet article m'intersse https:\/\/sodes-shop.com\/index.php\/product\/1193\/"}},"product_cat":[52,17],"product_tag":[],"_links":{"self":[{"href":"https:\/\/sodes-shop.com\/index.php\/wp-json\/wp\/v2\/product\/1193"}],"collection":[{"href":"https:\/\/sodes-shop.com\/index.php\/wp-json\/wp\/v2\/product"}],"about":[{"href":"https:\/\/sodes-shop.com\/index.php\/wp-json\/wp\/v2\/types\/product"}],"replies":[{"embeddable":true,"href":"https:\/\/sodes-shop.com\/index.php\/wp-json\/wp\/v2\/comments?post=1193"}],"wp:featuredmedia":[{"embeddable":true,"href":"https:\/\/sodes-shop.com\/index.php\/wp-json\/wp\/v2\/media\/1195"}],"wp:attachment":[{"href":"https:\/\/sodes-shop.com\/index.php\/wp-json\/wp\/v2\/media?parent=1193"}],"wp:term":[{"taxonomy":"product_cat","embeddable":true,"href":"https:\/\/sodes-shop.com\/index.php\/wp-json\/wp\/v2\/product_cat?post=1193"},{"taxonomy":"product_tag","embeddable":true,"href":"https:\/\/sodes-shop.com\/index.php\/wp-json\/wp\/v2\/product_tag?post=1193"}],"curies":[{"name":"wp","href":"https:\/\/api.w.org\/{rel}","templated":true}]}}