{"id":1191,"date":"2023-02-25T23:27:32","date_gmt":"2023-02-25T23:27:32","guid":{"rendered":"https:\/\/sodes-shop.com\/?post_type=product&#038;p=1191"},"modified":"2023-03-06T10:35:29","modified_gmt":"2023-03-06T10:35:29","slug":"dh-xvr4116hs-i","status":"publish","type":"product","link":"https:\/\/sodes-shop.com\/index.php\/product\/dh-xvr4116hs-i\/","title":{"rendered":"DH-XVR4116HS-I"},"content":{"rendered":"<ul>\n<li>Compression vid\u00e9o H.265+\/H.265<\/li>\n<li>Prise en charge du codage IA \u00e0 canal complet<\/li>\n<li>Prend en charge les entr\u00e9es vid\u00e9o HDCVI \/ AHD \/ TVI \/ CVBS \/ IP<\/li>\n<li>Max 18 canaux entr\u00e9es de cam\u00e9ra IP, chaque canal jusqu\u2019\u00e0 6MP; Max Bande passante entrante de 64 Mbit\/s<\/li>\n<li>Longue distance de transmission sur c\u00e2ble coaxial<\/li>\n<li>Flux vid\u00e9o jusqu\u2019\u00e0 8 canaux (canal analogique) SMD Plus<\/li>\n<li>Double flux : Oui<\/li>\n<li data-gtm-vis-has-fired-10552706_181=\"1\" data-gtm-vis-recent-on-screen-10552706_184=\"6522\" data-gtm-vis-first-on-screen-10552706_184=\"6522\" data-gtm-vis-total-visible-time-10552706_184=\"100\" data-gtm-vis-has-fired-10552706_184=\"1\" data-gtm-vis-recent-on-screen-10552706_192=\"6642\" data-gtm-vis-first-on-screen-10552706_192=\"6642\" data-gtm-vis-total-visible-time-10552706_192=\"100\" data-gtm-vis-has-fired-10552706_192=\"1\" data-gtm-vis-recent-on-screen-10552706_193=\"6691\" data-gtm-vis-first-on-screen-10552706_193=\"6691\" data-gtm-vis-total-visible-time-10552706_193=\"100\" data-gtm-vis-has-fired-10552706_193=\"1\" data-gtm-vis-recent-on-screen-10552706_194=\"6747\" data-gtm-vis-first-on-screen-10552706_194=\"6747\" data-gtm-vis-total-visible-time-10552706_194=\"100\" data-gtm-vis-has-fired-10552706_194=\"1\" data-gtm-vis-has-fired-10552706_195=\"1\" data-gtm-vis-recent-on-screen-10552706_196=\"6789\" data-gtm-vis-first-on-screen-10552706_196=\"6789\" data-gtm-vis-total-visible-time-10552706_196=\"100\" data-gtm-vis-has-fired-10552706_196=\"1\" data-gtm-vis-recent-on-screen-10552706_217=\"6868\" data-gtm-vis-first-on-screen-10552706_217=\"6868\" data-gtm-vis-total-visible-time-10552706_217=\"100\" data-gtm-vis-has-fired-10552706_217=\"1\">D\u00e9bit binaire vid\u00e9o : 32 Kbits\/s \u00e0 6144 Kbits\/s<\/li>\n<li data-gtm-vis-has-fired-10552706_181=\"1\" data-gtm-vis-recent-on-screen-10552706_184=\"6522\" data-gtm-vis-first-on-screen-10552706_184=\"6522\" data-gtm-vis-total-visible-time-10552706_184=\"100\" data-gtm-vis-has-fired-10552706_184=\"1\" data-gtm-vis-recent-on-screen-10552706_192=\"6642\" data-gtm-vis-first-on-screen-10552706_192=\"6642\" data-gtm-vis-total-visible-time-10552706_192=\"100\" data-gtm-vis-has-fired-10552706_192=\"1\" data-gtm-vis-recent-on-screen-10552706_193=\"6691\" data-gtm-vis-first-on-screen-10552706_193=\"6691\" data-gtm-vis-total-visible-time-10552706_193=\"100\" data-gtm-vis-has-fired-10552706_193=\"1\" data-gtm-vis-recent-on-screen-10552706_194=\"6747\" data-gtm-vis-first-on-screen-10552706_194=\"6747\" data-gtm-vis-total-visible-time-10552706_194=\"100\" data-gtm-vis-has-fired-10552706_194=\"1\" data-gtm-vis-has-fired-10552706_195=\"1\" data-gtm-vis-recent-on-screen-10552706_196=\"6789\" data-gtm-vis-first-on-screen-10552706_196=\"6789\" data-gtm-vis-total-visible-time-10552706_196=\"100\" data-gtm-vis-has-fired-10552706_196=\"1\" data-gtm-vis-recent-on-screen-10552706_217=\"6868\" data-gtm-vis-first-on-screen-10552706_217=\"6868\" data-gtm-vis-total-visible-time-10552706_217=\"100\" data-gtm-vis-has-fired-10552706_217=\"1\">\u00c9chantillonnage audio : 8 kHz, 16 bits<\/li>\n<li data-gtm-vis-has-fired-10552706_181=\"1\" data-gtm-vis-recent-on-screen-10552706_184=\"6522\" data-gtm-vis-first-on-screen-10552706_184=\"6522\" data-gtm-vis-total-visible-time-10552706_184=\"100\" data-gtm-vis-has-fired-10552706_184=\"1\" data-gtm-vis-recent-on-screen-10552706_192=\"6642\" data-gtm-vis-first-on-screen-10552706_192=\"6642\" data-gtm-vis-total-visible-time-10552706_192=\"100\" data-gtm-vis-has-fired-10552706_192=\"1\" data-gtm-vis-recent-on-screen-10552706_193=\"6691\" data-gtm-vis-first-on-screen-10552706_193=\"6691\" data-gtm-vis-total-visible-time-10552706_193=\"100\" data-gtm-vis-has-fired-10552706_193=\"1\" data-gtm-vis-recent-on-screen-10552706_194=\"6747\" data-gtm-vis-first-on-screen-10552706_194=\"6747\" data-gtm-vis-total-visible-time-10552706_194=\"100\" data-gtm-vis-has-fired-10552706_194=\"1\" data-gtm-vis-has-fired-10552706_195=\"1\" data-gtm-vis-recent-on-screen-10552706_196=\"6789\" data-gtm-vis-first-on-screen-10552706_196=\"6789\" data-gtm-vis-total-visible-time-10552706_196=\"100\" data-gtm-vis-has-fired-10552706_196=\"1\" data-gtm-vis-recent-on-screen-10552706_217=\"6868\" data-gtm-vis-first-on-screen-10552706_217=\"6868\" data-gtm-vis-total-visible-time-10552706_217=\"100\" data-gtm-vis-has-fired-10552706_217=\"1\">D\u00e9bit binaire audio : 64 Kbits\/s<\/li>\n<li data-gtm-vis-has-fired-10552706_181=\"1\" data-gtm-vis-recent-on-screen-10552706_184=\"6522\" data-gtm-vis-first-on-screen-10552706_184=\"6522\" data-gtm-vis-total-visible-time-10552706_184=\"100\" data-gtm-vis-has-fired-10552706_184=\"1\" data-gtm-vis-recent-on-screen-10552706_192=\"6642\" data-gtm-vis-first-on-screen-10552706_192=\"6642\" data-gtm-vis-total-visible-time-10552706_192=\"100\" data-gtm-vis-has-fired-10552706_192=\"1\" data-gtm-vis-recent-on-screen-10552706_193=\"6691\" data-gtm-vis-first-on-screen-10552706_193=\"6691\" data-gtm-vis-total-visible-time-10552706_193=\"100\" data-gtm-vis-has-fired-10552706_193=\"1\" data-gtm-vis-recent-on-screen-10552706_194=\"6747\" data-gtm-vis-first-on-screen-10552706_194=\"6747\" data-gtm-vis-total-visible-time-10552706_194=\"100\" data-gtm-vis-has-fired-10552706_194=\"1\" data-gtm-vis-has-fired-10552706_195=\"1\" data-gtm-vis-recent-on-screen-10552706_196=\"6789\" data-gtm-vis-first-on-screen-10552706_196=\"6789\" data-gtm-vis-total-visible-time-10552706_196=\"100\" data-gtm-vis-has-fired-10552706_196=\"1\" data-gtm-vis-recent-on-screen-10552706_217=\"6868\" data-gtm-vis-first-on-screen-10552706_217=\"6868\" data-gtm-vis-total-visible-time-10552706_217=\"100\" data-gtm-vis-has-fired-10552706_217=\"1\">Sortie vid\u00e9o : 1 HDMI, 1 VGA HDMI\/VGA : 1920 \u00d7 1080, 1280 \u00d7 1024, 1280 \u00d7 720<\/li>\n<li data-gtm-vis-has-fired-10552706_181=\"1\" data-gtm-vis-recent-on-screen-10552706_184=\"6522\" data-gtm-vis-first-on-screen-10552706_184=\"6522\" data-gtm-vis-total-visible-time-10552706_184=\"100\" data-gtm-vis-has-fired-10552706_184=\"1\" data-gtm-vis-recent-on-screen-10552706_192=\"6642\" data-gtm-vis-first-on-screen-10552706_192=\"6642\" data-gtm-vis-total-visible-time-10552706_192=\"100\" data-gtm-vis-has-fired-10552706_192=\"1\" data-gtm-vis-recent-on-screen-10552706_193=\"6691\" data-gtm-vis-first-on-screen-10552706_193=\"6691\" data-gtm-vis-total-visible-time-10552706_193=\"100\" data-gtm-vis-has-fired-10552706_193=\"1\" data-gtm-vis-recent-on-screen-10552706_194=\"6747\" data-gtm-vis-first-on-screen-10552706_194=\"6747\" data-gtm-vis-total-visible-time-10552706_194=\"100\" data-gtm-vis-has-fired-10552706_194=\"1\" data-gtm-vis-has-fired-10552706_195=\"1\" data-gtm-vis-recent-on-screen-10552706_196=\"6789\" data-gtm-vis-first-on-screen-10552706_196=\"6789\" data-gtm-vis-total-visible-time-10552706_196=\"100\" data-gtm-vis-has-fired-10552706_196=\"1\" data-gtm-vis-recent-on-screen-10552706_217=\"6868\" data-gtm-vis-first-on-screen-10552706_217=\"6868\" data-gtm-vis-total-visible-time-10552706_217=\"100\" data-gtm-vis-has-fired-10552706_217=\"1\">Affichage multi-\u00e9crans : 1\/4\/8\/9\/16<\/li>\n<\/ul>\n","protected":false},"excerpt":{"rendered":"<h3>\u00a0caract\u00e9ristiques :<\/h3>\n<p>DH-XVR4116HS-I\u00a016 canaux Penta-brid 720p Compact 1U 1HDD Enregistreur vid\u00e9o num\u00e9rique WizSense<\/p>\n<ul>\n<li>Compression vid\u00e9o H.265+\/H.265 \u00b7 Prise en charge du codage IA \u00e0 canal complet<\/li>\n<li>\u00a0Prend en charge les entr\u00e9es vid\u00e9o HDCVI \/ AHD \/ TVI \/ CVBS \/ IP<\/li>\n<li>Max 18 canaux entr\u00e9es de cam\u00e9ra IP, chaque canal jusqu\u2019\u00e0 6MP;<\/li>\n<\/ul>\n<p>Bande passante entrante maximale de 64 Mbps<\/p>\n","protected":false},"featured_media":1192,"comment_status":"open","ping_status":"closed","template":"","meta":{"_joinchat":{"message_send":"Bonjour cet article m'intersse\nhttps:\/\/sodes-shop.com\/index.php\/product\/dh-xvr4116hs-i\/"}},"product_cat":[52,17],"product_tag":[],"_links":{"self":[{"href":"https:\/\/sodes-shop.com\/index.php\/wp-json\/wp\/v2\/product\/1191"}],"collection":[{"href":"https:\/\/sodes-shop.com\/index.php\/wp-json\/wp\/v2\/product"}],"about":[{"href":"https:\/\/sodes-shop.com\/index.php\/wp-json\/wp\/v2\/types\/product"}],"replies":[{"embeddable":true,"href":"https:\/\/sodes-shop.com\/index.php\/wp-json\/wp\/v2\/comments?post=1191"}],"wp:featuredmedia":[{"embeddable":true,"href":"https:\/\/sodes-shop.com\/index.php\/wp-json\/wp\/v2\/media\/1192"}],"wp:attachment":[{"href":"https:\/\/sodes-shop.com\/index.php\/wp-json\/wp\/v2\/media?parent=1191"}],"wp:term":[{"taxonomy":"product_cat","embeddable":true,"href":"https:\/\/sodes-shop.com\/index.php\/wp-json\/wp\/v2\/product_cat?post=1191"},{"taxonomy":"product_tag","embeddable":true,"href":"https:\/\/sodes-shop.com\/index.php\/wp-json\/wp\/v2\/product_tag?post=1191"}],"curies":[{"name":"wp","href":"https:\/\/api.w.org\/{rel}","templated":true}]}}