{"id":1189,"date":"2023-02-25T23:17:27","date_gmt":"2023-02-25T23:17:27","guid":{"rendered":"https:\/\/sodes-shop.com\/?post_type=product&#038;p=1189"},"modified":"2023-03-06T11:04:48","modified_gmt":"2023-03-06T11:04:48","slug":"dh-xvr5104hs-i3","status":"publish","type":"product","link":"https:\/\/sodes-shop.com\/index.php\/product\/dh-xvr5104hs-i3\/","title":{"rendered":"DH-XVR5104HS-I3"},"content":{"rendered":"<p>&nbsp;<\/p>\n<ul>\n<li data-gtm-vis-has-fired-10552706_181=\"1\" data-gtm-vis-first-on-screen-10552706_184=\"4831\" data-gtm-vis-first-on-screen-10552706_192=\"4863\" data-gtm-vis-first-on-screen-10552706_193=\"4900\" data-gtm-vis-first-on-screen-10552706_194=\"4966\" data-gtm-vis-has-fired-10552706_195=\"1\" data-gtm-vis-first-on-screen-10552706_196=\"4992\" data-gtm-vis-first-on-screen-10552706_217=\"5004\" data-gtm-vis-recent-on-screen-10552706_196=\"7266\" data-gtm-vis-total-visible-time-10552706_196=\"100\" data-gtm-vis-has-fired-10552706_196=\"1\" data-gtm-vis-recent-on-screen-10552706_217=\"7268\" data-gtm-vis-total-visible-time-10552706_217=\"100\" data-gtm-vis-has-fired-10552706_217=\"1\" data-gtm-vis-recent-on-screen-10552706_192=\"7270\" data-gtm-vis-total-visible-time-10552706_192=\"100\" data-gtm-vis-has-fired-10552706_192=\"1\" data-gtm-vis-recent-on-screen-10552706_184=\"7271\" data-gtm-vis-total-visible-time-10552706_184=\"100\" data-gtm-vis-has-fired-10552706_184=\"1\" data-gtm-vis-recent-on-screen-10552706_194=\"7272\" data-gtm-vis-total-visible-time-10552706_194=\"100\" data-gtm-vis-has-fired-10552706_194=\"1\" data-gtm-vis-recent-on-screen-10552706_193=\"7279\" data-gtm-vis-total-visible-time-10552706_193=\"100\" data-gtm-vis-has-fired-10552706_193=\"1\">Jusqu\u2019\u00e0 4 canaux flux vid\u00e9o (canal analogique) SMD Plus<\/li>\n<li data-gtm-vis-has-fired-10552706_181=\"1\" data-gtm-vis-first-on-screen-10552706_184=\"4831\" data-gtm-vis-first-on-screen-10552706_192=\"4863\" data-gtm-vis-first-on-screen-10552706_193=\"4900\" data-gtm-vis-first-on-screen-10552706_194=\"4966\" data-gtm-vis-has-fired-10552706_195=\"1\" data-gtm-vis-first-on-screen-10552706_196=\"4992\" data-gtm-vis-first-on-screen-10552706_217=\"5004\" data-gtm-vis-recent-on-screen-10552706_196=\"7266\" data-gtm-vis-total-visible-time-10552706_196=\"100\" data-gtm-vis-has-fired-10552706_196=\"1\" data-gtm-vis-recent-on-screen-10552706_217=\"7268\" data-gtm-vis-total-visible-time-10552706_217=\"100\" data-gtm-vis-has-fired-10552706_217=\"1\" data-gtm-vis-recent-on-screen-10552706_192=\"7270\" data-gtm-vis-total-visible-time-10552706_192=\"100\" data-gtm-vis-has-fired-10552706_192=\"1\" data-gtm-vis-recent-on-screen-10552706_184=\"7271\" data-gtm-vis-total-visible-time-10552706_184=\"100\" data-gtm-vis-has-fired-10552706_184=\"1\" data-gtm-vis-recent-on-screen-10552706_194=\"7272\" data-gtm-vis-total-visible-time-10552706_194=\"100\" data-gtm-vis-has-fired-10552706_194=\"1\" data-gtm-vis-recent-on-screen-10552706_193=\"7279\" data-gtm-vis-total-visible-time-10552706_193=\"100\" data-gtm-vis-has-fired-10552706_193=\"1\">Jusqu\u2019\u00e0 1 canal flux vid\u00e9o (canal analogique) visage humain reconnaissance<\/li>\n<li data-gtm-vis-has-fired-10552706_181=\"1\" data-gtm-vis-first-on-screen-10552706_184=\"4831\" data-gtm-vis-first-on-screen-10552706_192=\"4863\" data-gtm-vis-first-on-screen-10552706_193=\"4900\" data-gtm-vis-first-on-screen-10552706_194=\"4966\" data-gtm-vis-has-fired-10552706_195=\"1\" data-gtm-vis-first-on-screen-10552706_196=\"4992\" data-gtm-vis-first-on-screen-10552706_217=\"5004\" data-gtm-vis-recent-on-screen-10552706_196=\"7266\" data-gtm-vis-total-visible-time-10552706_196=\"100\" data-gtm-vis-has-fired-10552706_196=\"1\" data-gtm-vis-recent-on-screen-10552706_217=\"7268\" data-gtm-vis-total-visible-time-10552706_217=\"100\" data-gtm-vis-has-fired-10552706_217=\"1\" data-gtm-vis-recent-on-screen-10552706_192=\"7270\" data-gtm-vis-total-visible-time-10552706_192=\"100\" data-gtm-vis-has-fired-10552706_192=\"1\" data-gtm-vis-recent-on-screen-10552706_184=\"7271\" data-gtm-vis-total-visible-time-10552706_184=\"100\" data-gtm-vis-has-fired-10552706_184=\"1\" data-gtm-vis-recent-on-screen-10552706_194=\"7272\" data-gtm-vis-total-visible-time-10552706_194=\"100\" data-gtm-vis-has-fired-10552706_194=\"1\" data-gtm-vis-recent-on-screen-10552706_193=\"7279\" data-gtm-vis-total-visible-time-10552706_193=\"100\" data-gtm-vis-has-fired-10552706_193=\"1\">Fonctionnalit\u00e9s IoT &amp; POS<\/li>\n<\/ul>\n<p><strong>Dahua DH-XVR5104HS-4KL-I3 4 canaux Penta-Brid 5MP Compact 1U 1HDD Enregistreur vid\u00e9o num\u00e9rique WizSense<\/strong><\/p>\n<p>Lanc\u00e9 par Dahua Technology, WizSense est une s\u00e9rie de produits et de solutions d\u2019IA qui adoptent une puce d\u2019IA ind\u00e9pendante et un algorithme d\u2019apprentissage en profondeur. Il se concentre sur l\u2019homme et le v\u00e9hicule avec une grande pr\u00e9cision, permettant aux utilisateurs d\u2019agir rapidement sur des cibles d\u00e9finies. Bas\u00e9 sur les technologies avanc\u00e9es de Dahua, WizSense fournit des produits et des solutions intelligents, simples et inclusifs.<\/p>\n<p>Dahua Technology, l\u2019un des principaux fournisseurs mondiaux de solutions et de services IoT intelligents centr\u00e9s sur la vid\u00e9o, a lanc\u00e9 sa nouvelle s\u00e9rie XVR, XVR5000-4KL-I3, dot\u00e9e de SMD Plus \u00e0 canal complet pour b\u00e9n\u00e9ficier des clients de la mise \u00e0 niveau de l\u2019IA. Les s\u00e9ries sont con\u00e7ues pour r\u00e9duire les taux de fausses alarmes et les co\u00fbts de surveillance humaine, apportant ainsi une grande valeur aux clients \u00e0 la recherche de produits avec alarme humaine \/ v\u00e9hicule pr\u00e9cise pour augmenter le niveau de s\u00e9curit\u00e9 de diverses installations int\u00e9rieures et ext\u00e9rieures.<\/p>\n<p><strong>Reconnaissance faciale en temps r\u00e9el<\/strong><\/p>\n<p>Flux vid\u00e9o reconnaissance faciale en temps r\u00e9el. Caract\u00e9ristiques d\u2019analyse des attributs faciaux, y compris le sexe, l\u2019\u00e2ge, l\u2019expression, les lunettes, la moustache, le masque buccal. Identifiez les personnes et capturez, enregistrez \u00e9galement les visages avec des m\u00e9tadonn\u00e9es. Le filtrage des caract\u00e9ristiques faciales lors de l\u2019affichage en temps r\u00e9el n\u2019affiche que les visages avec les caract\u00e9ristiques cibles.*La reconnaissance faciale est en conflit avec SMD Plus et la protection p\u00e9rim\u00e9trique.<\/p>\n<p><strong>Protection p\u00e9rim\u00e9trique<\/strong><\/p>\n<p>Filtrer automatiquement les fausses alarmes caus\u00e9es par les animaux, le bruissement des feuilles, les lumi\u00e8res vives, etc. Permet au syst\u00e8me d\u2019agir en reconnaissance secondaire pour les cibles. Am\u00e9lioration de la pr\u00e9cision des alarmes.<\/p>\n<p><strong>SMD Plus<\/strong><\/p>\n<p>SMD Plus, appel\u00e9 Smart Motion Detection Plus, est une version de mise \u00e0 niveau de SMD qui am\u00e9liore consid\u00e9rablement la pr\u00e9cision des alarmes en chargeant un algorithme d\u2019apprentissage en profondeur. Il analyse les formes des personnes et des v\u00e9hicules en fonction de la d\u00e9tection de mouvement et envoie des alarmes uniquement lorsque la personne et le v\u00e9hicule s\u2019introduisent.<\/p>\n<p><strong>Codage IA<\/strong><\/p>\n<p>Par rapport \u00e0 H.265, le codec AI peut r\u00e9duire jusqu\u2019\u00e0 50% le d\u00e9bit binaire et les besoins de stockage tout en n\u2019ayant aucune perte de compatibilit\u00e9 de d\u00e9codage, fournissant des d\u00e9tails humains et de v\u00e9hicule clairs.<\/p>\n<p><strong>Intelligent H.265+<\/strong><\/p>\n<p>Smart Codec, H.265+ peut r\u00e9duire jusqu\u2019\u00e0 90% le d\u00e9bit binaire et les besoins de stockage par rapport \u00e0 H.264 sans avoir \u00e0 investir dans de nouvelles cam\u00e9ras.<\/p>\n<p><strong>D\u00e9tection automatique HDCVI\/AHD\/TVI\/CVBS<\/strong><\/p>\n<p>Le XVR peut reconna\u00eetre automatiquement le signal de la cam\u00e9ra frontale sans aucun r\u00e9glage. Cela rend l\u2019op\u00e9ration plus conviviale et pratique.<\/p>\n<p><strong>Entr\u00e9e de cam\u00e9ra haute d\u00e9finition<\/strong><\/p>\n<p>Le XVR prend en charge une cam\u00e9ra HDCVI jusqu\u2019\u00e0 4K et une entr\u00e9e de cam\u00e9ra IP 8MP.<\/p>\n<p><strong>Audio coaxial\/Mise \u00e0 niveau\/Alarme<\/strong><\/p>\n<p>La conception int\u00e9gr\u00e9e peut r\u00e9duire les probl\u00e8mes de c\u00e2blage, ce qui la rend beaucoup plus rentable et pratique pour l\u2019installation.<\/p>\n<p><strong>Transmission longue distance<\/strong><\/p>\n<p>Le syst\u00e8me HDCVI prend en charge la transmission longue distance sur c\u00e2ble coaxial et UTP, max. 700 m pour 4K\/4MP, 800 m pour 1080p et 1200 m pour 720p.<\/p>\n<p><strong>Recherche IA<\/strong><\/p>\n<p>Extrayez et classez les personnes et les v\u00e9hicules \u00e0 partir de donn\u00e9es vid\u00e9o massives, permettant aux utilisateurs finaux de retracer et d\u2019analyser facilement les informations historiques. Personne et v\u00e9hicule optonal pour la lecture pour obtenir une recherche rapide de cible, ce qui permet de gagner du temps de r\u00e9cup\u00e9ration d\u2019\u00e9v\u00e9nements.<\/p>\n","protected":false},"excerpt":{"rendered":"<h3>\u00a0caract\u00e9ristiques :<\/h3>\n<ul>\n<li data-gtm-vis-has-fired-10552706_181=\"1\" data-gtm-vis-first-on-screen-10552706_184=\"4831\" data-gtm-vis-first-on-screen-10552706_192=\"4863\" data-gtm-vis-first-on-screen-10552706_193=\"4900\" data-gtm-vis-first-on-screen-10552706_194=\"4966\" data-gtm-vis-has-fired-10552706_195=\"1\" data-gtm-vis-first-on-screen-10552706_196=\"4992\" data-gtm-vis-first-on-screen-10552706_217=\"5004\" data-gtm-vis-recent-on-screen-10552706_196=\"7266\" data-gtm-vis-total-visible-time-10552706_196=\"100\" data-gtm-vis-has-fired-10552706_196=\"1\" data-gtm-vis-recent-on-screen-10552706_217=\"7268\" data-gtm-vis-total-visible-time-10552706_217=\"100\" data-gtm-vis-has-fired-10552706_217=\"1\" data-gtm-vis-recent-on-screen-10552706_192=\"7270\" data-gtm-vis-total-visible-time-10552706_192=\"100\" data-gtm-vis-has-fired-10552706_192=\"1\" data-gtm-vis-recent-on-screen-10552706_184=\"7271\" data-gtm-vis-total-visible-time-10552706_184=\"100\" data-gtm-vis-has-fired-10552706_184=\"1\" data-gtm-vis-recent-on-screen-10552706_194=\"7272\" data-gtm-vis-total-visible-time-10552706_194=\"100\" data-gtm-vis-has-fired-10552706_194=\"1\" data-gtm-vis-recent-on-screen-10552706_193=\"7279\" data-gtm-vis-total-visible-time-10552706_193=\"100\" data-gtm-vis-has-fired-10552706_193=\"1\">Compression vid\u00e9o double flux H.265+\/H.265<\/li>\n<li data-gtm-vis-has-fired-10552706_181=\"1\" data-gtm-vis-first-on-screen-10552706_184=\"4831\" data-gtm-vis-first-on-screen-10552706_192=\"4863\" data-gtm-vis-first-on-screen-10552706_193=\"4900\" data-gtm-vis-first-on-screen-10552706_194=\"4966\" data-gtm-vis-has-fired-10552706_195=\"1\" data-gtm-vis-first-on-screen-10552706_196=\"4992\" data-gtm-vis-first-on-screen-10552706_217=\"5004\" data-gtm-vis-recent-on-screen-10552706_196=\"7266\" data-gtm-vis-total-visible-time-10552706_196=\"100\" data-gtm-vis-has-fired-10552706_196=\"1\" data-gtm-vis-recent-on-screen-10552706_217=\"7268\" data-gtm-vis-total-visible-time-10552706_217=\"100\" data-gtm-vis-has-fired-10552706_217=\"1\" data-gtm-vis-recent-on-screen-10552706_192=\"7270\" data-gtm-vis-total-visible-time-10552706_192=\"100\" data-gtm-vis-has-fired-10552706_192=\"1\" data-gtm-vis-recent-on-screen-10552706_184=\"7271\" data-gtm-vis-total-visible-time-10552706_184=\"100\" data-gtm-vis-has-fired-10552706_184=\"1\" data-gtm-vis-recent-on-screen-10552706_194=\"7272\" data-gtm-vis-total-visible-time-10552706_194=\"100\" data-gtm-vis-has-fired-10552706_194=\"1\" data-gtm-vis-recent-on-screen-10552706_193=\"7279\" data-gtm-vis-total-visible-time-10552706_193=\"100\" data-gtm-vis-has-fired-10552706_193=\"1\">Prise en charge du codage IA \u00e0 canal complet<\/li>\n<li data-gtm-vis-has-fired-10552706_181=\"1\" data-gtm-vis-first-on-screen-10552706_184=\"4831\" data-gtm-vis-first-on-screen-10552706_192=\"4863\" data-gtm-vis-first-on-screen-10552706_193=\"4900\" data-gtm-vis-first-on-screen-10552706_194=\"4966\" data-gtm-vis-has-fired-10552706_195=\"1\" data-gtm-vis-first-on-screen-10552706_196=\"4992\" data-gtm-vis-first-on-screen-10552706_217=\"5004\" data-gtm-vis-recent-on-screen-10552706_196=\"7266\" data-gtm-vis-total-visible-time-10552706_196=\"100\" data-gtm-vis-has-fired-10552706_196=\"1\" data-gtm-vis-recent-on-screen-10552706_217=\"7268\" data-gtm-vis-total-visible-time-10552706_217=\"100\" data-gtm-vis-has-fired-10552706_217=\"1\" data-gtm-vis-recent-on-screen-10552706_192=\"7270\" data-gtm-vis-total-visible-time-10552706_192=\"100\" data-gtm-vis-has-fired-10552706_192=\"1\" data-gtm-vis-recent-on-screen-10552706_184=\"7271\" data-gtm-vis-total-visible-time-10552706_184=\"100\" data-gtm-vis-has-fired-10552706_184=\"1\" data-gtm-vis-recent-on-screen-10552706_194=\"7272\" data-gtm-vis-total-visible-time-10552706_194=\"100\" data-gtm-vis-has-fired-10552706_194=\"1\" data-gtm-vis-recent-on-screen-10552706_193=\"7279\" data-gtm-vis-total-visible-time-10552706_193=\"100\" data-gtm-vis-has-fired-10552706_193=\"1\">Prend en charge les entr\u00e9es vid\u00e9o HDCVI \/ AHD \/ TVI \/ CVBS \/ IP<\/li>\n<li>Max 6 canaux entr\u00e9es de cam\u00e9ra IP, chaque canal jusqu\u2019\u00e0 6MP; Max 32 Bande passante entrante Mbit\/s<\/li>\n<li data-gtm-vis-has-fired-10552706_181=\"1\" data-gtm-vis-first-on-screen-10552706_184=\"4831\" data-gtm-vis-first-on-screen-10552706_192=\"4863\" data-gtm-vis-first-on-screen-10552706_193=\"4900\" data-gtm-vis-first-on-screen-10552706_194=\"4966\" data-gtm-vis-has-fired-10552706_195=\"1\" data-gtm-vis-first-on-screen-10552706_196=\"4992\" data-gtm-vis-first-on-screen-10552706_217=\"5004\" data-gtm-vis-recent-on-screen-10552706_196=\"7266\" data-gtm-vis-total-visible-time-10552706_196=\"100\" data-gtm-vis-has-fired-10552706_196=\"1\" data-gtm-vis-recent-on-screen-10552706_217=\"7268\" data-gtm-vis-total-visible-time-10552706_217=\"100\" data-gtm-vis-has-fired-10552706_217=\"1\" data-gtm-vis-recent-on-screen-10552706_192=\"7270\" data-gtm-vis-total-visible-time-10552706_192=\"100\" data-gtm-vis-has-fired-10552706_192=\"1\" data-gtm-vis-recent-on-screen-10552706_184=\"7271\" data-gtm-vis-total-visible-time-10552706_184=\"100\" data-gtm-vis-has-fired-10552706_184=\"1\" data-gtm-vis-recent-on-screen-10552706_194=\"7272\" data-gtm-vis-total-visible-time-10552706_194=\"100\" data-gtm-vis-has-fired-10552706_194=\"1\" data-gtm-vis-recent-on-screen-10552706_193=\"7279\" data-gtm-vis-total-visible-time-10552706_193=\"100\" data-gtm-vis-has-fired-10552706_193=\"1\">Protection p\u00e9rim\u00e9trique jusqu\u2019\u00e0 2 canaux de flux vid\u00e9o (canal analogique)<\/li>\n<\/ul>\n<p>&nbsp;<\/p>\n<p>&nbsp;<\/p>\n","protected":false},"featured_media":1190,"comment_status":"open","ping_status":"closed","template":"","meta":{"_joinchat":{"telephone":"+237697939281","message_send":"Bonjour, cet article m'int\u00e9resse https:\/\/sodes-shop.com\/index.php\/product\/dh-xvr5104hs-i3\/"}},"product_cat":[52,17],"product_tag":[],"_links":{"self":[{"href":"https:\/\/sodes-shop.com\/index.php\/wp-json\/wp\/v2\/product\/1189"}],"collection":[{"href":"https:\/\/sodes-shop.com\/index.php\/wp-json\/wp\/v2\/product"}],"about":[{"href":"https:\/\/sodes-shop.com\/index.php\/wp-json\/wp\/v2\/types\/product"}],"replies":[{"embeddable":true,"href":"https:\/\/sodes-shop.com\/index.php\/wp-json\/wp\/v2\/comments?post=1189"}],"wp:featuredmedia":[{"embeddable":true,"href":"https:\/\/sodes-shop.com\/index.php\/wp-json\/wp\/v2\/media\/1190"}],"wp:attachment":[{"href":"https:\/\/sodes-shop.com\/index.php\/wp-json\/wp\/v2\/media?parent=1189"}],"wp:term":[{"taxonomy":"product_cat","embeddable":true,"href":"https:\/\/sodes-shop.com\/index.php\/wp-json\/wp\/v2\/product_cat?post=1189"},{"taxonomy":"product_tag","embeddable":true,"href":"https:\/\/sodes-shop.com\/index.php\/wp-json\/wp\/v2\/product_tag?post=1189"}],"curies":[{"name":"wp","href":"https:\/\/api.w.org\/{rel}","templated":true}]}}