{"id":1186,"date":"2023-02-25T23:04:45","date_gmt":"2023-02-25T23:04:45","guid":{"rendered":"https:\/\/sodes-shop.com\/?post_type=product&#038;p=1186"},"modified":"2023-03-06T11:13:34","modified_gmt":"2023-03-06T11:13:34","slug":"dh-xvr1b08-i","status":"publish","type":"product","link":"https:\/\/sodes-shop.com\/index.php\/product\/dh-xvr1b08-i\/","title":{"rendered":"DH-XVR1B08-I"},"content":{"rendered":"<ul>\n<li>\u00a0DVR \u00e0 8 canaux, prise en charge des cam\u00e9ras HDCVI \/ TVI \/ AHD \/ ANALOGIQUE \/ IP<\/li>\n<li>Prise en charge de la norme de compression AI Coding<\/li>\n<li>Prise en charge de jusqu\u2019\u00e0 4 canaux SMD Plus (analogiques).<\/li>\n<li>Norme de compression d\u2019image H265+\/H265 avec deux flux de donn\u00e9es, r\u00e9solution 1080P\/720P@25\/30 ips \u2022 Prise en charge de l\u2019enregistrement de cam\u00e9ra avec 1080N \/ 720P (1 ips &#8211; 15 ips), 960H \/ D1 \/ CIF (1 ips &#8211; 25 \/ 30 ips<br \/>\n), port de sortie vid\u00e9o simultan\u00e9e HDMI \/ VGA<\/li>\n<li>\u00a0Prise en charge de la connexion de plusieurs marques de cam\u00e9ras IP (8 + 2), prise en charge de l\u2019appareil photo jusqu\u2019\u00e0 6MP avec norme compatible Onvif 16.12 \u2022 Prise en charge de 1 disque dur jusqu\u2019\u00e0 6 To, 2 ports USB 2.0, 1 port r\u00e9seau RJ45 (100 Mbps), prise en charge de l\u2019enregistrement intelligent par num\u00e9risation 3D avec<br \/>\nle protocole<\/li>\n<li>Prise en charge de l\u2019examen et direct via le r\u00e9seau informatique mobile, prend en charge la configuration intelligente via P2P, 1 port audio d\u2019entr\u00e9e et de sortie prend en charge la conversation bidirectionnelle, la gestion simultan\u00e9e de 128 comptes connect\u00e9s.<\/li>\n<li>\u00a0Prise en charge de la transmission du son, alarme via c\u00e2ble coaxial<\/li>\n<li>\u00a0Bouton de r\u00e9initialisation mat\u00e9rielle de conception sur la carte m\u00e8re<\/li>\n<\/ul>\n","protected":false},"excerpt":{"rendered":"<h3>caract\u00e9ristiques :<\/h3>\n<p>Le\u00a0<strong>XVR1B08-I\u00a0<\/strong>est un\u00a0DVR\u00a0<strong>Cooper<\/strong>\u00a0avec\u00a0<strong>SMD Plus<\/strong>\u00a0qui\u00a0appartient\u00a0\u00e0 la s\u00e9rie\u00a0<strong>WizSense<\/strong>\u00a0avec\u00a0<strong>intelligence artificielle<\/strong>\u00a0et est con\u00e7u pour r\u00e9duire les taux de fausses alarmes et les co\u00fbts de surveillance humaine, ce qui offre une grande valeur aux clients \u00e0 la recherche de produits avec alarme pr\u00e9cise pour les personnes \/ v\u00e9hicules afin d\u2019augmenter le niveau de s\u00e9curit\u00e9 de diverses installations int\u00e9rieures et\u00a0\u00c9tranger.\u00a0Cet enregistreur prend en charge\u00a08 canaux\u00a0<strong>HDCVI 1080MP Lite<\/strong>\u00a0ms<strong>\u00a02 canaux Ip\u00a0<\/strong>(6Mp mximo) et\u00a0<strong>le codage<\/strong>\u00a0intelligent\u00a0dans ses 8 canaux.<\/p>\n","protected":false},"featured_media":1188,"comment_status":"open","ping_status":"closed","template":"","meta":{"_joinchat":{"message_send":"Bonjour, cet article m'int\u00e9resse"}},"product_cat":[52,17],"product_tag":[],"_links":{"self":[{"href":"https:\/\/sodes-shop.com\/index.php\/wp-json\/wp\/v2\/product\/1186"}],"collection":[{"href":"https:\/\/sodes-shop.com\/index.php\/wp-json\/wp\/v2\/product"}],"about":[{"href":"https:\/\/sodes-shop.com\/index.php\/wp-json\/wp\/v2\/types\/product"}],"replies":[{"embeddable":true,"href":"https:\/\/sodes-shop.com\/index.php\/wp-json\/wp\/v2\/comments?post=1186"}],"wp:featuredmedia":[{"embeddable":true,"href":"https:\/\/sodes-shop.com\/index.php\/wp-json\/wp\/v2\/media\/1188"}],"wp:attachment":[{"href":"https:\/\/sodes-shop.com\/index.php\/wp-json\/wp\/v2\/media?parent=1186"}],"wp:term":[{"taxonomy":"product_cat","embeddable":true,"href":"https:\/\/sodes-shop.com\/index.php\/wp-json\/wp\/v2\/product_cat?post=1186"},{"taxonomy":"product_tag","embeddable":true,"href":"https:\/\/sodes-shop.com\/index.php\/wp-json\/wp\/v2\/product_tag?post=1186"}],"curies":[{"name":"wp","href":"https:\/\/api.w.org\/{rel}","templated":true}]}}