{"id":1184,"date":"2023-02-25T22:57:43","date_gmt":"2023-02-25T22:57:43","guid":{"rendered":"https:\/\/sodes-shop.com\/?post_type=product&#038;p=1184"},"modified":"2023-03-06T11:18:14","modified_gmt":"2023-03-06T11:18:14","slug":"ds-7208hghi-k1","status":"publish","type":"product","link":"https:\/\/sodes-shop.com\/index.php\/product\/ds-7208hghi-k1\/","title":{"rendered":"DS-7208HGHI-K1"},"content":{"rendered":"<p>Le Hikvision DS-7208HGHI-K1 Audio Turbo HD DVR est un enregistreur vid\u00e9o num\u00e9rique noir 8 canaux. Il a \u00e9t\u00e9 con\u00e7u pour fonctionner de mani\u00e8re transparente avec les cam\u00e9ras Hikvision 720p (1.3mp) ou les\u00a0cam\u00e9ras\u00a01080p (2mp).<\/p>\n<p>Ayant un corps enti\u00e8rement m\u00e9tallique, le DVR est con\u00e7u pour \u00eatre durable tout en \u00e9tant tr\u00e8s abordable. L\u2019appareil h\u00e9berge une interface\u00a0One SATA\u00a0qui peut prendre (jusqu\u2019\u00e0 4 To de capacit\u00e9 par disque dur)<\/p>\n<p>Sp\u00e9cification du produit:<\/p>\n<p>Num\u00e9ro de mod\u00e8le: DS-7208HGHI-K1 (S)<\/p>\n<p>D\u00e9tection de mouvement 2.0: analyse humaine \/ v\u00e9hicule, d\u00e9tection de mouvement bas\u00e9e sur l\u2019apprentissage profond 2.0 est activ\u00e9e par d\u00e9faut pour tous les canaux analogiques, elle<br \/>\npeut classer les humains et les v\u00e9hicules, et r\u00e9duire consid\u00e9rablement les fausses alarmes caus\u00e9es par des objets comme les feuilles et les lumi\u00e8res;<br \/>\nCompression vid\u00e9o: H.265 Pro + \/ H.265 Pro \/ H.265 \/ H.264 + \/ H.264 R\u00e9solution d\u2019encodage: Pour un acc\u00e8s au flux 1080p: 1080p Lite \/ 720p Lite \/ WD1 \/ 4CIF \/ VGA \/ CIF Pour un acc\u00e8s au flux 720p: 720p \/ WD1 \/ 4CIF \/ VGA \/ CIF<\/p>\n<p>Type de flux Vid\u00e9o: Vid\u00e9o et audio Compression audio : G.711u<br \/>\nIP Entr\u00e9e vid\u00e9o: 2 canaux (jusqu\u2019\u00e0 10 canaux)<br \/>\nSupport: H.265 + \/ H.265 \/ H.264 + \/ H.264<br \/>\nCam\u00e9ras IP<br \/>\nInterface BNC: (1,0 Vc-c, 75 \u03a9), prise en charge de la connexion<br \/>\nde coalition Sortie HDMI: 1 canaux, 1920 \u00d7 1080 \/ 60Hz, 1280 \u00d7 1024 \/ 60Hz, 1280 \u00d7 720 \/ 60Hz, 1024 \u00d7 768 \/ 60Hz Sortie VGA: 1 canaux, 1920 \u00d7 1080 \/ 60Hz, 1280 \u00d7 1024 \/ 60Hz, 1280 \u00d7 720 \/ 60Hz, 1024 \u00d7 768 \/ 60Hz<\/p>\n<p>Mode de sortie vid\u00e9o: sortie<br \/>\nsimultan\u00e9e HDMI \/ VGA Entr\u00e9e audio: RCA 1 canal (2,0 Vc-c, 1 K\u03a9) 8 canaux via c\u00e2ble coaxial<\/p>\n<p>Protocoles r\u00e9seau: TCP \/ IP, PPPoE, DHCP, Hik-Connect, DNS, DDNS, NTP, SADP, SMTP, NFS, iSCSI, UPnP\u2122, HTTPS Interface r\u00e9seau 1: interface Ethernet auto-adaptative RJ45 10M \/ 100M SATA: 1 interface<\/p>\n<p>SATA Capacit\u00e9 : jusqu\u2019\u00e0 4 To de capacit\u00e9 pour chaque disque Alarme: entr\u00e9e \/ sortie<br \/>\nInterface USB N \/ A<br \/>\nPanneau arri\u00e8re: 2 \u00d7 USB 2.0<br \/>\nAlimentation: 12 VDC<br \/>\nConsommation: (sans disque<br \/>\ndur) \u2264 8 W \u2264 12 W \u2264 20 W<br \/>\nTemp\u00e9rature de fonctionnement: -10 \u00b0C \u00e0 55 \u00b0C (14 \u00b0F \u00e0 131 \u00b0F) Humidit\u00e9 de travail: 10% \u00e0 90%<br \/>\nDimensions: (L \u00d7 P \u00d7 H) 260 \u00d7 222 \u00d7 45 mm (10,2 \u00d7 8,7 \u00d7 1,8 pouce)<\/p>\n<p>Le Hikvision DS-7208HGHI-K1 8CH Turbo 720P DVR est le mod\u00e8le am\u00e9lior\u00e9 du Hikvision DS-7208HGHI-f1 8CH Turbo 720P DVR<\/p>\n","protected":false},"excerpt":{"rendered":"<h3>caract\u00e9ristiques :<\/h3>\n<ul class=\"product_description_item-list\">\n<li class=\" product_description_item\">Deep learning bas\u00e9 sur la classification des cibles humaines et des v\u00e9hicules de la d\u00e9tection de mouvement 2.0<\/li>\n<li class=\" product_description_item\">Compression vid\u00e9o H.265 Pro+\/H.265 Pro\/H.265<\/li>\n<li class=\" product_description_item\">Entr\u00e9e vid\u00e9o HDTVI\/AHD\/CVI\/CVBS\/IP<\/li>\n<li class=\" product_description_item\">Audio via c\u00e2ble coaxial<\/li>\n<li class=\" product_description_item\">Entr\u00e9e cam\u00e9ra IP jusqu\u2019\u00e0 10 canaux (jusqu\u2019\u00e0 5 MP)<\/li>\n<li class=\" product_description_item\">Capacit\u00e9 d\u2019encodage jusqu\u2019\u00e0 1080p Lite@15 ips<\/li>\n<li class=\" product_description_item\">Max. 1200 m pour le signal HDTVI 720p<\/li>\n<\/ul>\n","protected":false},"featured_media":1185,"comment_status":"open","ping_status":"closed","template":"","meta":{"_joinchat":{"message_send":"Bonjour, cet article m'int\u00e9resse https:\/\/sodes-shop.com\/index.php\/product\/ds-7208hghi-k1\/"}},"product_cat":[21,17],"product_tag":[],"_links":{"self":[{"href":"https:\/\/sodes-shop.com\/index.php\/wp-json\/wp\/v2\/product\/1184"}],"collection":[{"href":"https:\/\/sodes-shop.com\/index.php\/wp-json\/wp\/v2\/product"}],"about":[{"href":"https:\/\/sodes-shop.com\/index.php\/wp-json\/wp\/v2\/types\/product"}],"replies":[{"embeddable":true,"href":"https:\/\/sodes-shop.com\/index.php\/wp-json\/wp\/v2\/comments?post=1184"}],"wp:featuredmedia":[{"embeddable":true,"href":"https:\/\/sodes-shop.com\/index.php\/wp-json\/wp\/v2\/media\/1185"}],"wp:attachment":[{"href":"https:\/\/sodes-shop.com\/index.php\/wp-json\/wp\/v2\/media?parent=1184"}],"wp:term":[{"taxonomy":"product_cat","embeddable":true,"href":"https:\/\/sodes-shop.com\/index.php\/wp-json\/wp\/v2\/product_cat?post=1184"},{"taxonomy":"product_tag","embeddable":true,"href":"https:\/\/sodes-shop.com\/index.php\/wp-json\/wp\/v2\/product_tag?post=1184"}],"curies":[{"name":"wp","href":"https:\/\/api.w.org\/{rel}","templated":true}]}}