{"id":1174,"date":"2023-02-25T22:34:52","date_gmt":"2023-02-25T22:34:52","guid":{"rendered":"https:\/\/sodes-shop.com\/?post_type=product&#038;p=1174"},"modified":"2023-03-06T11:30:12","modified_gmt":"2023-03-06T11:30:12","slug":"ids-7216hqhi-m2-s","status":"publish","type":"product","link":"https:\/\/sodes-shop.com\/index.php\/product\/ids-7216hqhi-m2-s\/","title":{"rendered":"iDS-7216HQHI-M2\/S"},"content":{"rendered":"<ul>\n<li><span class=\"tech-specs-items-description__title\">Compression vid\u00e9o:\u00a0<\/span>H.265 Pro + \/ H.265 Pro \/ H.265 \/ H.264\u00a0<span class=\"tech-specs-items-description__title-details\">+ \/ H.264<\/span><\/li>\n<li><span class=\"tech-specs-items-description__title\">Double flux :\u00a0<\/span><span class=\"tech-specs-items-description__title-details\">prise en charge<\/span><\/li>\n<li><span class=\"tech-specs-items-description__title\">Type de flux:\u00a0<\/span>Vid\u00e9o<span class=\"tech-specs-items-description__title-details\">, Vid\u00e9o et audio<\/span><\/li>\n<li><span class=\"tech-specs-items-description__title\">Compression audio:\u00a0<\/span><span class=\"tech-specs-items-description__title-details\">G.711u<\/span><\/li>\n<li><span class=\"tech-specs-items-description__title\">D\u00e9bit binaire audio:\u00a0<\/span><span class=\"tech-specs-items-description__title-details\">64 Kbps<\/span><\/li>\n<\/ul>\n<h5><span class=\"tech-specs-items-description__title--heading\">Vid\u00e9o et audio<\/span><\/h5>\n<ul class=\"tech-specs-items-description\" data-target=\"Video and Audio\">\n<li class=\"tech-specs-items-description-list\"><span class=\"tech-specs-items-description__title\">Entr\u00e9e audio :\u00a0<\/span>1\u00a0<span class=\"tech-specs-items-description__title-details\">canaux, RCA (2,0 Vc-c, 1 K\u03a9)<\/span><\/li>\n<li class=\"tech-specs-items-description-list\"><span class=\"tech-specs-items-description__title\">Sortie audio:\u00a0<\/span>1\u00a0<span class=\"tech-specs-items-description__title-details\">canaux, RCA (lin\u00e9aire, 1 K\u03a9)<\/span><\/li>\n<li class=\"tech-specs-items-description-list\"><span class=\"tech-specs-items-description__title\">Lecture synchrone:\u00a0<\/span><span class=\"tech-specs-items-description__title-details\">16 canaux<\/span><\/li>\n<li class=\"tech-specs-items-description-list\"><span class=\"tech-specs-items-description__title\">Entr\u00e9e vid\u00e9o IP:\u00a0<\/span><span class=\"tech-specs-items-description__title-details\">4 canaux (jusqu\u2019\u00e0 12 canaux); R\u00e9solution jusqu\u2019\u00e0 6 MP; Prise en charge des cam\u00e9ras IP H.265 + \/ H.265 \/ H.264 + \/ H.264<\/span><\/li>\n<li>\n<ul class=\"tech-specs-items-description\" data-target=\"Video and Audio\">\n<li class=\"tech-specs-items-description-list\"><span class=\"tech-specs-items-description__title\">Entr\u00e9e HDTVI :\u00a0<\/span>3 MP, 1080p@30 ips, 1080p@25 ips, 720p@60 ips, 720p@50 ips, 720p@30 ips, 720p@25 ips\n<p class=\"mb-p\">* : L\u2019entr\u00e9e du signal 3 MP n\u2019est disponible que pour le canal 1\/2 de l\u2019iDS-7208HQHI-M2\/S et pour le canal 1\/2\/3\/4 de l\u2019iDS-7216HQHI-M2\/S.<\/p>\n<\/li>\n<li class=\"tech-specs-items-description-list\"><span class=\"tech-specs-items-description__title\">Entr\u00e9e HDCVI:\u00a0<\/span>4 MP, 1080p@25 ips, 1080p@30 ips<span class=\"tech-specs-items-description__title-details\">, 720p@25 ips 720p@30 ips<\/span><\/li>\n<li class=\"tech-specs-items-description-list\"><span class=\"tech-specs-items-description__title\">Entr\u00e9e CVBS:\u00a0<\/span><span class=\"tech-specs-items-description__title-details\">PAL \/ NTSC<\/span><\/li>\n<li class=\"tech-specs-items-description-list\"><span class=\"tech-specs-items-description__title\">Audio bidirectionnel :\u00a0<\/span>1\u00a0<span class=\"tech-specs-items-description__title-details\">canaux, RCA (2,0 Vc-c, 1 K\u03a9) (en utilisant la premi\u00e8re entr\u00e9e audio)<\/span><\/li>\n<li class=\"tech-specs-items-description-list\"><span class=\"tech-specs-items-description__title\">Entr\u00e9e vid\u00e9o analogique:\u00a0<\/span><span class=\"tech-specs-items-description__title-details\">16 canaux; Interface BNC (1,0 Vc-c, 75 \u03a9), prenant en charge la connexion coaxitron<\/span><\/li>\n<li class=\"tech-specs-items-description-list\"><span class=\"tech-specs-items-description__title\">Entr\u00e9e AHD:\u00a0<\/span>4 MP, 1080p@25 ips, 1080p@30 ips, 720p@25 ips<span class=\"tech-specs-items-description__title-details\">, 720p@30 ips<\/span><\/li>\n<li class=\"tech-specs-items-description-list\"><span class=\"tech-specs-items-description__title\">Sortie CVBS\u00a0<\/span>: 1 canaux, BNC (1,0 Vc-c, 75 \u03a9), r\u00e9solution : PAL : 704 \u00d7 576, NTSC : 704 \u00d7 480<\/li>\n<li class=\"tech-specs-items-description-list\">Sortie HDMI \/ VGA: 1 canaux, 1920 \u00d7 1080 \/ 60Hz, 1280 \u00d7 1024 \/ 60Hz, 1280 \u00d7 720 \/ 60Hz, 1024 \u00d7 768 \/ 60Hz, sortie simultan\u00e9e\u00a0<span class=\"tech-specs-items-description__title\">HDMI \/ VGA<\/span><\/li>\n<\/ul>\n<h5><span class=\"tech-specs-items-description__title--heading\">R\u00e9seau<\/span><\/h5>\n<ul class=\"tech-specs-items-description\" data-target=\"Network\">\n<li class=\"tech-specs-items-description-list\"><span class=\"tech-specs-items-description__title\">Protocoles r\u00e9seau:\u00a0<\/span><span class=\"tech-specs-items-description__title-details\">TCP \/ IP, PPPoE, DHCP, Hik-Connect, DNS, DDNS, NTP, SADP, NFS, iSCSI, UPnP\u2122, HTTPS, ONVIF<\/span><\/li>\n<li class=\"tech-specs-items-description-list\"><span class=\"tech-specs-items-description__title\">Connexions \u00e0 distance:\u00a0<\/span><span class=\"tech-specs-items-description__title-details\">128<\/span><\/li>\n<li class=\"tech-specs-items-description-list\"><span class=\"tech-specs-items-description__title\">Interface r\u00e9seau:\u00a0<\/span>1, RJ45 10M \/ 100M \/ 1000M interface Ethernet auto-adaptative<\/li>\n<\/ul>\n<h5><span class=\"tech-specs-items-description__title--heading\">Interface auxiliaire<\/span><\/h5>\n<ul class=\"tech-specs-items-description\" data-target=\"Auxiliary interface\">\n<li class=\"tech-specs-items-description-list\"><span class=\"tech-specs-items-description__title\">Capacit\u00e9 :\u00a0<\/span><span class=\"tech-specs-items-description__title-details\">jusqu\u2019\u00e0 10 To de capacit\u00e9 pour chaque disque<\/span><\/li>\n<li class=\"tech-specs-items-description-list\"><span class=\"tech-specs-items-description__title\">Interface s\u00e9rie:\u00a0<\/span><span class=\"tech-specs-items-description__title-details\">RS-485 (semi-duplex)<\/span><\/li>\n<li class=\"tech-specs-items-description-list\"><span class=\"tech-specs-items-description__title\">USB Interface<\/span>\n<ul class=\"tech-specs-items-description\" data-target=\"Auxiliary interface\">\n<li class=\"tech-specs-items-description-list\">1 \u00d7 USB 2.0<\/li>\n<li class=\"tech-specs-items-description-list\">1 \u00d7 USB 3.0<\/li>\n<\/ul>\n<\/li>\n<\/ul>\n<\/li>\n<\/ul>\n","protected":false},"excerpt":{"rendered":"<h3>\u00a0Caract\u00e9ristiques :<\/h3>\n<ul>\n<li>16 canaux et 2 disques durs 1080p 1U H.265 AcuSense DVR<\/li>\n<li><span class=\"tech-specs-items-description__title\">D\u00e9bit vid\u00e9o :\u00a0<\/span><span class=\"tech-specs-items-description__title-details\">32 Kbps \u00e0 6 Mbps<\/span><\/li>\n<li>R\u00e9duction des fausses alarmes gr\u00e2ce \u00e0 la classification des cibles humaines et des v\u00e9hicules bas\u00e9e sur l\u2019apprentissage profond<\/li>\n<li>Technologie de compression H.265 pro+ efficace<\/li>\n<li>Capacit\u00e9 d\u2019encodage jusqu\u2019\u00e0 1080p @ 15 fps<\/li>\n<li>5 signaux d\u2019entr\u00e9e adaptative (HDTVI\/AHD\/CVI\/CVBS\/IP)<\/li>\n<li>Jusqu\u2019\u00e0 8 cam\u00e9ras r\u00e9seau peuvent \u00eatre connect\u00e9es<\/li>\n<\/ul>\n","protected":false},"featured_media":1177,"comment_status":"open","ping_status":"closed","template":"","meta":{"_joinchat":{"message_send":"Bonjour, cet article m'int\u00e9resse https:\/\/sodes-shop.com\/index.php\/product\/ids-7216hqhi-m2-s\/"}},"product_cat":[21,17],"product_tag":[],"_links":{"self":[{"href":"https:\/\/sodes-shop.com\/index.php\/wp-json\/wp\/v2\/product\/1174"}],"collection":[{"href":"https:\/\/sodes-shop.com\/index.php\/wp-json\/wp\/v2\/product"}],"about":[{"href":"https:\/\/sodes-shop.com\/index.php\/wp-json\/wp\/v2\/types\/product"}],"replies":[{"embeddable":true,"href":"https:\/\/sodes-shop.com\/index.php\/wp-json\/wp\/v2\/comments?post=1174"}],"wp:featuredmedia":[{"embeddable":true,"href":"https:\/\/sodes-shop.com\/index.php\/wp-json\/wp\/v2\/media\/1177"}],"wp:attachment":[{"href":"https:\/\/sodes-shop.com\/index.php\/wp-json\/wp\/v2\/media?parent=1174"}],"wp:term":[{"taxonomy":"product_cat","embeddable":true,"href":"https:\/\/sodes-shop.com\/index.php\/wp-json\/wp\/v2\/product_cat?post=1174"},{"taxonomy":"product_tag","embeddable":true,"href":"https:\/\/sodes-shop.com\/index.php\/wp-json\/wp\/v2\/product_tag?post=1174"}],"curies":[{"name":"wp","href":"https:\/\/api.w.org\/{rel}","templated":true}]}}