{"id":1170,"date":"2023-02-25T22:12:57","date_gmt":"2023-02-25T22:12:57","guid":{"rendered":"https:\/\/sodes-shop.com\/?post_type=product&#038;p=1170"},"modified":"2023-03-06T11:37:25","modified_gmt":"2023-03-06T11:37:25","slug":"1170","status":"publish","type":"product","link":"https:\/\/sodes-shop.com\/index.php\/product\/1170\/","title":{"rendered":"DS-7216HGHI-K1"},"content":{"rendered":"<p>Le DVR (Digital Video Recorder) ou enregistreur de vid\u00e9osurveillance CCTV de Hikvision Turbo HD, est la solution id\u00e9ale pour la s\u00e9curit\u00e9 de la maison, du bureau ou de l\u2019entreprise qui vous permet d\u2019enregistrer des images et de l\u2019audio et de surveiller localement \u00e0 l\u2019aide d\u2019un moniteur \/ TV ou \u00e0 distance depuis votre mobile<\/p>\n","protected":false},"excerpt":{"rendered":"<h3>Caract\u00e9ristiques :<\/h3>\n<ul>\n<li>16 canaux et 2 disques durs DVR 1U<\/li>\n<li>Compression vid\u00e9o 264+ \/ H.264<\/li>\n<li>Capacit\u00e9 d\u2019encodage jusqu\u2019\u00e0 1080p lite @ 25\/30 fps<\/li>\n<li>5 signaux d\u2019entr\u00e9e adaptative (HDTVI\/AHD\/CVI\/CVBS\/IP)<\/li>\n<li>Jusqu\u2019\u00e0 18 cam\u00e9ras r\u00e9seau peuvent \u00eatre connect\u00e9es<\/li>\n<\/ul>\n","protected":false},"featured_media":1171,"comment_status":"open","ping_status":"closed","template":"","meta":{"_joinchat":{"message_send":"Bonjour, cet article m'int\u00e9resse"}},"product_cat":[52,17],"product_tag":[],"_links":{"self":[{"href":"https:\/\/sodes-shop.com\/index.php\/wp-json\/wp\/v2\/product\/1170"}],"collection":[{"href":"https:\/\/sodes-shop.com\/index.php\/wp-json\/wp\/v2\/product"}],"about":[{"href":"https:\/\/sodes-shop.com\/index.php\/wp-json\/wp\/v2\/types\/product"}],"replies":[{"embeddable":true,"href":"https:\/\/sodes-shop.com\/index.php\/wp-json\/wp\/v2\/comments?post=1170"}],"wp:featuredmedia":[{"embeddable":true,"href":"https:\/\/sodes-shop.com\/index.php\/wp-json\/wp\/v2\/media\/1171"}],"wp:attachment":[{"href":"https:\/\/sodes-shop.com\/index.php\/wp-json\/wp\/v2\/media?parent=1170"}],"wp:term":[{"taxonomy":"product_cat","embeddable":true,"href":"https:\/\/sodes-shop.com\/index.php\/wp-json\/wp\/v2\/product_cat?post=1170"},{"taxonomy":"product_tag","embeddable":true,"href":"https:\/\/sodes-shop.com\/index.php\/wp-json\/wp\/v2\/product_tag?post=1170"}],"curies":[{"name":"wp","href":"https:\/\/api.w.org\/{rel}","templated":true}]}}