{"id":1169,"date":"2023-02-25T21:57:29","date_gmt":"2023-02-25T21:57:29","guid":{"rendered":"https:\/\/sodes-shop.com\/?post_type=product&#038;p=1169"},"modified":"2023-03-06T11:42:42","modified_gmt":"2023-03-06T11:42:42","slug":"ds-7608ni-q2","status":"publish","type":"product","link":"https:\/\/sodes-shop.com\/index.php\/product\/ds-7608ni-q2\/","title":{"rendered":"DS-7608NI-Q2"},"content":{"rendered":"<ul>\n<li>Entr\u00e9e vid\u00e9o IP 8 canaux \/ sortie HDMI 1 canal, 4K (3840 \u00d7 2160) \/ 30Hz,<\/li>\n<li>Sortie VGA 1 canal, 1920 \u00d7 1080p \/ 60Hz, 1280 \u00d7 1024 \/ 60Hz, 1280 \u00d7 720 \/ 60Hz,<\/li>\n<li>Bande passante entrante 80 Mbps \/ Bande passante sortante 80 Mbps<\/li>\n<li>Sortie audio 1 canal, RCA (lin\u00e9aire, 1 K\u03a9) \/ Audio bidirectionnel 1 canal, RCA (2,0 Vc-c,)<\/li>\n<li>Format de d\u00e9codage\/H.265+, H.265, H.264+, H.264<\/li>\n<li>D\u00e9codage\/capacit\u00e9 4 canaux 1080p<\/li>\n<li>Lecture synchrone\/8 canaux<\/li>\n<li>R\u00e9solution d\u2019enregistrement \/ 8MP \/ 6MP \/ 5MP \/ 4MP \/ 3MP \/ 1080p \/ UXGA \/ 720p \/ VGA \/<\/li>\n<\/ul>\n","protected":false},"excerpt":{"rendered":"<h3>\u00a0Caract\u00e9ristiques :<\/h3>\n<p>Jusqu\u2019\u00e0 8 cam\u00e9ras IP peuvent \u00eatre connect\u00e9es Prise en charge du d\u00e9codage des formats vid\u00e9o H.265+\/H.265\/H.264+\/H.264 Jusqu\u2019\u00e0 4K haute d\u00e9finition en direct, stockage et lecture Jusqu\u2019\u00e0 4-ch @ 1080p capacit\u00e9 de d\u00e9codage\u2026<\/p>\n","protected":false},"featured_media":1143,"comment_status":"open","ping_status":"closed","template":"","meta":{"_joinchat":{"message_send":"Bonjour, cet article m'int\u00e9resse https:\/\/sodes-shop.com\/index.php\/product\/ds-7608ni-q2\/"}},"product_cat":[53,17],"product_tag":[],"_links":{"self":[{"href":"https:\/\/sodes-shop.com\/index.php\/wp-json\/wp\/v2\/product\/1169"}],"collection":[{"href":"https:\/\/sodes-shop.com\/index.php\/wp-json\/wp\/v2\/product"}],"about":[{"href":"https:\/\/sodes-shop.com\/index.php\/wp-json\/wp\/v2\/types\/product"}],"replies":[{"embeddable":true,"href":"https:\/\/sodes-shop.com\/index.php\/wp-json\/wp\/v2\/comments?post=1169"}],"wp:featuredmedia":[{"embeddable":true,"href":"https:\/\/sodes-shop.com\/index.php\/wp-json\/wp\/v2\/media\/1143"}],"wp:attachment":[{"href":"https:\/\/sodes-shop.com\/index.php\/wp-json\/wp\/v2\/media?parent=1169"}],"wp:term":[{"taxonomy":"product_cat","embeddable":true,"href":"https:\/\/sodes-shop.com\/index.php\/wp-json\/wp\/v2\/product_cat?post=1169"},{"taxonomy":"product_tag","embeddable":true,"href":"https:\/\/sodes-shop.com\/index.php\/wp-json\/wp\/v2\/product_tag?post=1169"}],"curies":[{"name":"wp","href":"https:\/\/api.w.org\/{rel}","templated":true}]}}