{"id":1167,"date":"2023-02-25T21:42:14","date_gmt":"2023-02-25T21:42:14","guid":{"rendered":"https:\/\/sodes-shop.com\/?post_type=product&#038;p=1167"},"modified":"2023-03-06T11:51:38","modified_gmt":"2023-03-06T11:51:38","slug":"dhi-nvr1108hs-8p-s3-h","status":"publish","type":"product","link":"https:\/\/sodes-shop.com\/index.php\/product\/dhi-nvr1108hs-8p-s3-h\/","title":{"rendered":"DHI-NVR1108HS-8P-S3\/H"},"content":{"rendered":"<ul>\n<li>Nouvelle interface utilisateur 4.0<\/li>\n<li>Surveillance \u00e0 distance P2P, lecture vid\u00e9o sur appareil mobile<\/li>\n<li>Prise en charge des cam\u00e9ras conventionnelles \u00e0 protocole ONVIF et RTSP<\/li>\n<li>Smart H.265+ \/ Smart H.264+\/H.265\/H.264<\/li>\n<li>Sortie vid\u00e9o VGA \/ HDMI simultan\u00e9e, r\u00e9solution HDMI maximale de 1080P<\/li>\n<li>Configuration et gestion \u00e0 distance de la PIC, telles que la configuration des param\u00e8tres, l\u2019acquisition d\u2019informations et l\u2019am\u00e9lioration des CIP<\/li>\n<li>Mod\u00e8le de lot<\/li>\n<li>DHCP (Dynamic Host Configuration Protocol), HTTP (Hypertext Transfer<\/li>\n<li>Protocol), NTP (Network Time Protocol) et DDNS (Dynamic Domain Name System)<\/li>\n<\/ul>\n","protected":false},"excerpt":{"rendered":"<h3>Caract\u00e9ristiques :<\/h3>\n<ul>\n<li>8 canaux<\/li>\n<li>80 Mbits\/s pour l\u2019acc\u00e8s, 80 Mbit\/s pour le stockage et 60 Mbit\/s pour le transfert<\/li>\n<li>Smart H.265+ \/ Smart H.264+\/H.265\/H.264<\/li>\n<li>D\u00e9tection de mouvement, masquage de confidentialit\u00e9, perte vid\u00e9o, alarme PIR, alarme IPC<\/li>\n<li>Enregistrement vid\u00e9o, instantan\u00e9, enregistrement, pr\u00e9r\u00e9glage, tourn\u00e9e<\/li>\n<li>1 x port SATA 2.0, jusqu\u2019\u00e0 8 To pour un seul disque dur<\/li>\n<li>1 port USB 2.0 avant, 1 port USB 2.0 arri\u00e8re<\/li>\n<li>Alimentation DC48V\/53V, 2A\/1.8A<\/li>\n<\/ul>\n","protected":false},"featured_media":1168,"comment_status":"open","ping_status":"closed","template":"","meta":{"_joinchat":{"message_send":"Bonjour, cet article m'int\u00e9resse"}},"product_cat":[53,17],"product_tag":[],"_links":{"self":[{"href":"https:\/\/sodes-shop.com\/index.php\/wp-json\/wp\/v2\/product\/1167"}],"collection":[{"href":"https:\/\/sodes-shop.com\/index.php\/wp-json\/wp\/v2\/product"}],"about":[{"href":"https:\/\/sodes-shop.com\/index.php\/wp-json\/wp\/v2\/types\/product"}],"replies":[{"embeddable":true,"href":"https:\/\/sodes-shop.com\/index.php\/wp-json\/wp\/v2\/comments?post=1167"}],"wp:featuredmedia":[{"embeddable":true,"href":"https:\/\/sodes-shop.com\/index.php\/wp-json\/wp\/v2\/media\/1168"}],"wp:attachment":[{"href":"https:\/\/sodes-shop.com\/index.php\/wp-json\/wp\/v2\/media?parent=1167"}],"wp:term":[{"taxonomy":"product_cat","embeddable":true,"href":"https:\/\/sodes-shop.com\/index.php\/wp-json\/wp\/v2\/product_cat?post=1167"},{"taxonomy":"product_tag","embeddable":true,"href":"https:\/\/sodes-shop.com\/index.php\/wp-json\/wp\/v2\/product_tag?post=1167"}],"curies":[{"name":"wp","href":"https:\/\/api.w.org\/{rel}","templated":true}]}}