{"id":1161,"date":"2023-02-25T21:29:00","date_gmt":"2023-02-25T21:29:00","guid":{"rendered":"https:\/\/sodes-shop.com\/?post_type=product&#038;p=1161"},"modified":"2023-03-06T11:56:18","modified_gmt":"2023-03-06T11:56:18","slug":"dhi-nvr4216-16p-4k52-l","status":"publish","type":"product","link":"https:\/\/sodes-shop.com\/index.php\/product\/dhi-nvr4216-16p-4k52-l\/","title":{"rendered":"DHI-NVR4216-16P-4K52\/L"},"content":{"rendered":"<ul>\n<li>Nouvelle interface utilisateur avec une exp\u00e9rience d\u2019exploitation simplifi\u00e9e<\/li>\n<li>Smart H.265+ \/ Smart H.264+<\/li>\n<li>Bande passante r\u00e9seau 128 Mbit\/s pour l\u2019acc\u00e8s, 128 Mbit\/s pour le stockage et 64 Mbit\/s pour le transfert<\/li>\n<li>R\u00e9solution 8MP \/ 5MP \/ 4MP \/ 3MP \/ 1080P \/ 720P \/ D1 \/ CIF<\/li>\n<li>Surveillance \u00e0 distance P2P, lecture vid\u00e9o sur appareil mobile<\/li>\n<li>16 canaux \u00e0 720P (30FPS), capacit\u00e9 de d\u00e9codage auto-adaptatif<\/li>\n<li>Prend en charge les cam\u00e9ras conventionnelles des protocoles ONVIF et RTSP<\/li>\n<li>Sortie vid\u00e9o VGA \/ HDMI simultan\u00e9e, la r\u00e9solution HDMI maximale est de 4K<\/li>\n<li>4 ports d\u2019entr\u00e9e d\u2019alarme, 2 ports de sortie d\u2019alarme<\/li>\n<li>2 ports de disque dur SATA, jusqu\u2019\u00e0 8 To par disque dur<\/li>\n<li>Alimentation 100V \u2013 240V, 47Hz \u2013 63HZ, 3.5A<\/li>\n<li>La consommation \u00e9lectrique est de \u2264 10W (sans disque dur)<\/li>\n<li>La puissance de sortie totale du PoE est de 117W, la puissance maximale<\/li>\n<li>La puissance de sortie \u00e0 port unique est de 25,5 W<\/li>\n<li>Dimensions 375 mm \u00d7 320 mm \u00d7 48,2 mm (largeur \u00d7 longueur \u00d7 hauteur)<\/li>\n<li>Poids net 2,63 kg (sans disque dur)<\/li>\n<\/ul>\n","protected":false},"excerpt":{"rendered":"<h3>\u00a0Caract\u00e9ristiques :<\/h3>\n<p>Lorsque vous travaillez avec des cam\u00e9ras IP compatibles IVS, le NVR reconna\u00eet et enregistre des vid\u00e9os contenant des donn\u00e9es IVS sur tous les canaux IP. Le NVR enregistre des fonctions d\u2019intelligence standard \u00e0 la p\u00e9riph\u00e9rie, ainsi que des fonctionnalit\u00e9s IVS premium qui d\u00e9tectent les objets abandonn\u00e9s ou perdus, les violations Tripwire et les violations d\u2019intrusion. Le NVR est \u00e9galement capable d\u2019enregistrer des analyses commerciales, la d\u00e9tection des visages, le comptage de personnes et les donn\u00e9es de carte thermique \u00e0 partir de cam\u00e9ras IP avec Intelligent Business Analytics int\u00e9gr\u00e9.<\/p>\n<p>&nbsp;<\/p>\n","protected":false},"featured_media":1162,"comment_status":"open","ping_status":"closed","template":"","meta":{"_joinchat":{"message_send":"Bonjour, cet article m'int\u00e9resse https:\/\/sodes-shop.com\/index.php\/product\/dhi-nvr4216-16p-4k52-l\/"}},"product_cat":[53,17],"product_tag":[],"_links":{"self":[{"href":"https:\/\/sodes-shop.com\/index.php\/wp-json\/wp\/v2\/product\/1161"}],"collection":[{"href":"https:\/\/sodes-shop.com\/index.php\/wp-json\/wp\/v2\/product"}],"about":[{"href":"https:\/\/sodes-shop.com\/index.php\/wp-json\/wp\/v2\/types\/product"}],"replies":[{"embeddable":true,"href":"https:\/\/sodes-shop.com\/index.php\/wp-json\/wp\/v2\/comments?post=1161"}],"wp:featuredmedia":[{"embeddable":true,"href":"https:\/\/sodes-shop.com\/index.php\/wp-json\/wp\/v2\/media\/1162"}],"wp:attachment":[{"href":"https:\/\/sodes-shop.com\/index.php\/wp-json\/wp\/v2\/media?parent=1161"}],"wp:term":[{"taxonomy":"product_cat","embeddable":true,"href":"https:\/\/sodes-shop.com\/index.php\/wp-json\/wp\/v2\/product_cat?post=1161"},{"taxonomy":"product_tag","embeddable":true,"href":"https:\/\/sodes-shop.com\/index.php\/wp-json\/wp\/v2\/product_tag?post=1161"}],"curies":[{"name":"wp","href":"https:\/\/api.w.org\/{rel}","templated":true}]}}