{"id":1156,"date":"2023-02-25T21:12:32","date_gmt":"2023-02-25T21:12:32","guid":{"rendered":"https:\/\/sodes-shop.com\/?post_type=product&#038;p=1156"},"modified":"2023-03-06T11:59:46","modified_gmt":"2023-03-06T11:59:46","slug":"dhi-nvr421-4ks2-l","status":"publish","type":"product","link":"https:\/\/sodes-shop.com\/index.php\/product\/dhi-nvr421-4ks2-l\/","title":{"rendered":"DHI-NVR421-4KS2\/L"},"content":{"rendered":"<ul>\n<li data-gtm-vis-has-fired-10552706_181=\"1\" data-gtm-vis-recent-on-screen-10552706_184=\"21972\" data-gtm-vis-first-on-screen-10552706_184=\"21972\" data-gtm-vis-total-visible-time-10552706_184=\"100\" data-gtm-vis-has-fired-10552706_184=\"1\" data-gtm-vis-recent-on-screen-10552706_192=\"21986\" data-gtm-vis-first-on-screen-10552706_192=\"21986\" data-gtm-vis-total-visible-time-10552706_192=\"100\" data-gtm-vis-has-fired-10552706_192=\"1\" data-gtm-vis-recent-on-screen-10552706_193=\"22010\" data-gtm-vis-first-on-screen-10552706_193=\"22010\" data-gtm-vis-total-visible-time-10552706_193=\"100\" data-gtm-vis-has-fired-10552706_193=\"1\" data-gtm-vis-recent-on-screen-10552706_194=\"22034\" data-gtm-vis-first-on-screen-10552706_194=\"22034\" data-gtm-vis-total-visible-time-10552706_194=\"100\" data-gtm-vis-has-fired-10552706_194=\"1\" data-gtm-vis-has-fired-10552706_195=\"1\" data-gtm-vis-recent-on-screen-10552706_196=\"22048\" data-gtm-vis-first-on-screen-10552706_196=\"22048\" data-gtm-vis-total-visible-time-10552706_196=\"100\" data-gtm-vis-has-fired-10552706_196=\"1\" data-gtm-vis-recent-on-screen-10552706_217=\"22065\" data-gtm-vis-first-on-screen-10552706_217=\"22065\" data-gtm-vis-total-visible-time-10552706_217=\"100\" data-gtm-vis-has-fired-10552706_217=\"1\">Nouvelle interface utilisateur 4.0, Base de r\u00e9f\u00e9rence de s\u00e9curit\u00e9 2.1<\/li>\n<li data-gtm-vis-has-fired-10552706_181=\"1\" data-gtm-vis-recent-on-screen-10552706_184=\"21972\" data-gtm-vis-first-on-screen-10552706_184=\"21972\" data-gtm-vis-total-visible-time-10552706_184=\"100\" data-gtm-vis-has-fired-10552706_184=\"1\" data-gtm-vis-recent-on-screen-10552706_192=\"21986\" data-gtm-vis-first-on-screen-10552706_192=\"21986\" data-gtm-vis-total-visible-time-10552706_192=\"100\" data-gtm-vis-has-fired-10552706_192=\"1\" data-gtm-vis-recent-on-screen-10552706_193=\"22010\" data-gtm-vis-first-on-screen-10552706_193=\"22010\" data-gtm-vis-total-visible-time-10552706_193=\"100\" data-gtm-vis-has-fired-10552706_193=\"1\" data-gtm-vis-recent-on-screen-10552706_194=\"22034\" data-gtm-vis-first-on-screen-10552706_194=\"22034\" data-gtm-vis-total-visible-time-10552706_194=\"100\" data-gtm-vis-has-fired-10552706_194=\"1\" data-gtm-vis-has-fired-10552706_195=\"1\" data-gtm-vis-recent-on-screen-10552706_196=\"22048\" data-gtm-vis-first-on-screen-10552706_196=\"22048\" data-gtm-vis-total-visible-time-10552706_196=\"100\" data-gtm-vis-has-fired-10552706_196=\"1\" data-gtm-vis-recent-on-screen-10552706_217=\"22065\" data-gtm-vis-first-on-screen-10552706_217=\"22065\" data-gtm-vis-total-visible-time-10552706_217=\"100\" data-gtm-vis-has-fired-10552706_217=\"1\">H.264, H.265, Smart H.264+ et Smart H.265+. Commutateur automatique H.265<\/li>\n<li data-gtm-vis-has-fired-10552706_181=\"1\" data-gtm-vis-recent-on-screen-10552706_184=\"21972\" data-gtm-vis-first-on-screen-10552706_184=\"21972\" data-gtm-vis-total-visible-time-10552706_184=\"100\" data-gtm-vis-has-fired-10552706_184=\"1\" data-gtm-vis-recent-on-screen-10552706_192=\"21986\" data-gtm-vis-first-on-screen-10552706_192=\"21986\" data-gtm-vis-total-visible-time-10552706_192=\"100\" data-gtm-vis-has-fired-10552706_192=\"1\" data-gtm-vis-recent-on-screen-10552706_193=\"22010\" data-gtm-vis-first-on-screen-10552706_193=\"22010\" data-gtm-vis-total-visible-time-10552706_193=\"100\" data-gtm-vis-has-fired-10552706_193=\"1\" data-gtm-vis-recent-on-screen-10552706_194=\"22034\" data-gtm-vis-first-on-screen-10552706_194=\"22034\" data-gtm-vis-total-visible-time-10552706_194=\"100\" data-gtm-vis-has-fired-10552706_194=\"1\" data-gtm-vis-has-fired-10552706_195=\"1\" data-gtm-vis-recent-on-screen-10552706_196=\"22048\" data-gtm-vis-first-on-screen-10552706_196=\"22048\" data-gtm-vis-total-visible-time-10552706_196=\"100\" data-gtm-vis-has-fired-10552706_196=\"1\" data-gtm-vis-recent-on-screen-10552706_217=\"22065\" data-gtm-vis-first-on-screen-10552706_217=\"22065\" data-gtm-vis-total-visible-time-10552706_217=\"100\" data-gtm-vis-has-fired-10552706_217=\"1\">Max. capacit\u00e9 de d\u00e9codage: 8 \u00d7 1080p@30 fps. Prend en charge l\u2019adaptatif d\u00e9codage<\/li>\n<li data-gtm-vis-has-fired-10552706_181=\"1\" data-gtm-vis-recent-on-screen-10552706_184=\"21972\" data-gtm-vis-first-on-screen-10552706_184=\"21972\" data-gtm-vis-total-visible-time-10552706_184=\"100\" data-gtm-vis-has-fired-10552706_184=\"1\" data-gtm-vis-recent-on-screen-10552706_192=\"21986\" data-gtm-vis-first-on-screen-10552706_192=\"21986\" data-gtm-vis-total-visible-time-10552706_192=\"100\" data-gtm-vis-has-fired-10552706_192=\"1\" data-gtm-vis-recent-on-screen-10552706_193=\"22010\" data-gtm-vis-first-on-screen-10552706_193=\"22010\" data-gtm-vis-total-visible-time-10552706_193=\"100\" data-gtm-vis-has-fired-10552706_193=\"1\" data-gtm-vis-recent-on-screen-10552706_194=\"22034\" data-gtm-vis-first-on-screen-10552706_194=\"22034\" data-gtm-vis-total-visible-time-10552706_194=\"100\" data-gtm-vis-has-fired-10552706_194=\"1\" data-gtm-vis-has-fired-10552706_195=\"1\" data-gtm-vis-recent-on-screen-10552706_196=\"22048\" data-gtm-vis-first-on-screen-10552706_196=\"22048\" data-gtm-vis-total-visible-time-10552706_196=\"100\" data-gtm-vis-has-fired-10552706_196=\"1\" data-gtm-vis-recent-on-screen-10552706_217=\"22065\" data-gtm-vis-first-on-screen-10552706_217=\"22065\" data-gtm-vis-total-visible-time-10552706_217=\"100\" data-gtm-vis-has-fired-10552706_217=\"1\">Prend en charge les cam\u00e9ras grand public des protocoles ONVIF et RTSP<\/li>\n<li data-gtm-vis-has-fired-10552706_181=\"1\" data-gtm-vis-recent-on-screen-10552706_184=\"21972\" data-gtm-vis-first-on-screen-10552706_184=\"21972\" data-gtm-vis-total-visible-time-10552706_184=\"100\" data-gtm-vis-has-fired-10552706_184=\"1\" data-gtm-vis-recent-on-screen-10552706_192=\"21986\" data-gtm-vis-first-on-screen-10552706_192=\"21986\" data-gtm-vis-total-visible-time-10552706_192=\"100\" data-gtm-vis-has-fired-10552706_192=\"1\" data-gtm-vis-recent-on-screen-10552706_193=\"22010\" data-gtm-vis-first-on-screen-10552706_193=\"22010\" data-gtm-vis-total-visible-time-10552706_193=\"100\" data-gtm-vis-has-fired-10552706_193=\"1\" data-gtm-vis-recent-on-screen-10552706_194=\"22034\" data-gtm-vis-first-on-screen-10552706_194=\"22034\" data-gtm-vis-total-visible-time-10552706_194=\"100\" data-gtm-vis-has-fired-10552706_194=\"1\" data-gtm-vis-has-fired-10552706_195=\"1\" data-gtm-vis-recent-on-screen-10552706_196=\"22048\" data-gtm-vis-first-on-screen-10552706_196=\"22048\" data-gtm-vis-total-visible-time-10552706_196=\"100\" data-gtm-vis-has-fired-10552706_196=\"1\" data-gtm-vis-recent-on-screen-10552706_217=\"22065\" data-gtm-vis-first-on-screen-10552706_217=\"22065\" data-gtm-vis-total-visible-time-10552706_217=\"100\" data-gtm-vis-has-fired-10552706_217=\"1\">Surveillance \u00e0 distance P2P, lecture vid\u00e9o sur appareil mobile<\/li>\n<li data-gtm-vis-has-fired-10552706_181=\"1\" data-gtm-vis-recent-on-screen-10552706_184=\"21972\" data-gtm-vis-first-on-screen-10552706_184=\"21972\" data-gtm-vis-total-visible-time-10552706_184=\"100\" data-gtm-vis-has-fired-10552706_184=\"1\" data-gtm-vis-recent-on-screen-10552706_192=\"21986\" data-gtm-vis-first-on-screen-10552706_192=\"21986\" data-gtm-vis-total-visible-time-10552706_192=\"100\" data-gtm-vis-has-fired-10552706_192=\"1\" data-gtm-vis-recent-on-screen-10552706_193=\"22010\" data-gtm-vis-first-on-screen-10552706_193=\"22010\" data-gtm-vis-total-visible-time-10552706_193=\"100\" data-gtm-vis-has-fired-10552706_193=\"1\" data-gtm-vis-recent-on-screen-10552706_194=\"22034\" data-gtm-vis-first-on-screen-10552706_194=\"22034\" data-gtm-vis-total-visible-time-10552706_194=\"100\" data-gtm-vis-has-fired-10552706_194=\"1\" data-gtm-vis-has-fired-10552706_195=\"1\" data-gtm-vis-recent-on-screen-10552706_196=\"22048\" data-gtm-vis-first-on-screen-10552706_196=\"22048\" data-gtm-vis-total-visible-time-10552706_196=\"100\" data-gtm-vis-has-fired-10552706_196=\"1\" data-gtm-vis-recent-on-screen-10552706_217=\"22065\" data-gtm-vis-first-on-screen-10552706_217=\"22065\" data-gtm-vis-total-visible-time-10552706_217=\"100\" data-gtm-vis-has-fired-10552706_217=\"1\">Sortie vid\u00e9o simultan\u00e9e VGA\/HDMI, r\u00e9solution maximale de HDMI est 4K<\/li>\n<li data-gtm-vis-has-fired-10552706_181=\"1\" data-gtm-vis-recent-on-screen-10552706_184=\"21972\" data-gtm-vis-first-on-screen-10552706_184=\"21972\" data-gtm-vis-total-visible-time-10552706_184=\"100\" data-gtm-vis-has-fired-10552706_184=\"1\" data-gtm-vis-recent-on-screen-10552706_192=\"21986\" data-gtm-vis-first-on-screen-10552706_192=\"21986\" data-gtm-vis-total-visible-time-10552706_192=\"100\" data-gtm-vis-has-fired-10552706_192=\"1\" data-gtm-vis-recent-on-screen-10552706_193=\"22010\" data-gtm-vis-first-on-screen-10552706_193=\"22010\" data-gtm-vis-total-visible-time-10552706_193=\"100\" data-gtm-vis-has-fired-10552706_193=\"1\" data-gtm-vis-recent-on-screen-10552706_194=\"22034\" data-gtm-vis-first-on-screen-10552706_194=\"22034\" data-gtm-vis-total-visible-time-10552706_194=\"100\" data-gtm-vis-has-fired-10552706_194=\"1\" data-gtm-vis-has-fired-10552706_195=\"1\" data-gtm-vis-recent-on-screen-10552706_196=\"22048\" data-gtm-vis-first-on-screen-10552706_196=\"22048\" data-gtm-vis-total-visible-time-10552706_196=\"100\" data-gtm-vis-has-fired-10552706_196=\"1\" data-gtm-vis-recent-on-screen-10552706_217=\"22065\" data-gtm-vis-first-on-screen-10552706_217=\"22065\" data-gtm-vis-total-visible-time-10552706_217=\"100\" data-gtm-vis-has-fired-10552706_217=\"1\">AI par cam\u00e9ra: d\u00e9tection de visage, protection p\u00e9rim\u00e9trique, IVS, personnes comptage, carte thermique et DMS<\/li>\n<li data-gtm-vis-has-fired-10552706_181=\"1\" data-gtm-vis-recent-on-screen-10552706_184=\"21972\" data-gtm-vis-first-on-screen-10552706_184=\"21972\" data-gtm-vis-total-visible-time-10552706_184=\"100\" data-gtm-vis-has-fired-10552706_184=\"1\" data-gtm-vis-recent-on-screen-10552706_192=\"21986\" data-gtm-vis-first-on-screen-10552706_192=\"21986\" data-gtm-vis-total-visible-time-10552706_192=\"100\" data-gtm-vis-has-fired-10552706_192=\"1\" data-gtm-vis-recent-on-screen-10552706_193=\"22010\" data-gtm-vis-first-on-screen-10552706_193=\"22010\" data-gtm-vis-total-visible-time-10552706_193=\"100\" data-gtm-vis-has-fired-10552706_193=\"1\" data-gtm-vis-recent-on-screen-10552706_194=\"22034\" data-gtm-vis-first-on-screen-10552706_194=\"22034\" data-gtm-vis-total-visible-time-10552706_194=\"100\" data-gtm-vis-has-fired-10552706_194=\"1\" data-gtm-vis-has-fired-10552706_195=\"1\" data-gtm-vis-recent-on-screen-10552706_196=\"22048\" data-gtm-vis-first-on-screen-10552706_196=\"22048\" data-gtm-vis-total-visible-time-10552706_196=\"100\" data-gtm-vis-has-fired-10552706_196=\"1\" data-gtm-vis-recent-on-screen-10552706_217=\"22065\" data-gtm-vis-first-on-screen-10552706_217=\"22065\" data-gtm-vis-total-visible-time-10552706_217=\"100\" data-gtm-vis-has-fired-10552706_217=\"1\">Prend en charge la configuration et la gestion \u00e0 distance de l\u2019IPC, telles que set ting param\u00e8tres, obtention d\u2019informations et mise \u00e0 niveau IPC de ceux-ci Mod\u00e8le par lots<\/li>\n<\/ul>\n<p>&nbsp;<\/p>\n<p>&nbsp;<\/p>\n","protected":false},"excerpt":{"rendered":"<h3>\u00a0Caract\u00e9ristiques :<\/h3>\n<p>Le NVR est compatible avec de nombreux appareils tiers, ce qui en fait la solution id\u00e9ale pour les syst\u00e8mes de surveillance qui fonctionnent ind\u00e9pendamment du syst\u00e8me de gestion vid\u00e9o (VMS). Il dispose d\u2019une architecture ouverte qui prend en charge l\u2019acc\u00e8s multi-utilisateurs et est compatible avec le protocole ONVIF 2.4, permettant l\u2019interop\u00e9rabilit\u00e9 avec les cam\u00e9ras 4K.<\/p>\n","protected":false},"featured_media":1157,"comment_status":"open","ping_status":"closed","template":"","meta":{"_joinchat":{"message_send":"Bonjour, cet article m'int\u00e9resse https:\/\/sodes-shop.com\/index.php\/product\/dhi-nvr421-4ks2-l\/"}},"product_cat":[53,17],"product_tag":[],"_links":{"self":[{"href":"https:\/\/sodes-shop.com\/index.php\/wp-json\/wp\/v2\/product\/1156"}],"collection":[{"href":"https:\/\/sodes-shop.com\/index.php\/wp-json\/wp\/v2\/product"}],"about":[{"href":"https:\/\/sodes-shop.com\/index.php\/wp-json\/wp\/v2\/types\/product"}],"replies":[{"embeddable":true,"href":"https:\/\/sodes-shop.com\/index.php\/wp-json\/wp\/v2\/comments?post=1156"}],"wp:featuredmedia":[{"embeddable":true,"href":"https:\/\/sodes-shop.com\/index.php\/wp-json\/wp\/v2\/media\/1157"}],"wp:attachment":[{"href":"https:\/\/sodes-shop.com\/index.php\/wp-json\/wp\/v2\/media?parent=1156"}],"wp:term":[{"taxonomy":"product_cat","embeddable":true,"href":"https:\/\/sodes-shop.com\/index.php\/wp-json\/wp\/v2\/product_cat?post=1156"},{"taxonomy":"product_tag","embeddable":true,"href":"https:\/\/sodes-shop.com\/index.php\/wp-json\/wp\/v2\/product_tag?post=1156"}],"curies":[{"name":"wp","href":"https:\/\/api.w.org\/{rel}","templated":true}]}}