{"id":1151,"date":"2023-02-25T20:45:16","date_gmt":"2023-02-25T20:45:16","guid":{"rendered":"https:\/\/sodes-shop.com\/?post_type=product&#038;p=1151"},"modified":"2023-03-06T12:03:04","modified_gmt":"2023-03-06T12:03:04","slug":"nvr-ds-7616ni-q2","status":"publish","type":"product","link":"https:\/\/sodes-shop.com\/index.php\/product\/nvr-ds-7616ni-q2\/","title":{"rendered":"NVR-DS-7616NI-Q2"},"content":{"rendered":"<ul>\n<li>Jusqu\u2019\u00e0 16 cam\u00e9ras IP peuvent \u00eatre connect\u00e9es<\/li>\n<li>Prend en charge le d\u00e9codage des formats vid\u00e9o H.265+\/H.265\/H.264+\/H.264<\/li>\n<li>Affichage, stockage et lecture en direct haute d\u00e9finition jusqu\u2019\u00e0 4K<\/li>\n<li>Capacit\u00e9 de d\u00e9codage jusqu\u2019\u00e0 4 canaux @ 1080p<\/li>\n<li>Une bande passante entrante \u00e9lev\u00e9e allant jusqu\u2019\u00e0 160 Mbps garantit la connexion de cam\u00e9ras IP<\/li>\n<li>1 interface HDMI et 1 interface VGA : les deux interfaces prennent en charge la sortie vid\u00e9o ind\u00e9pendante<\/li>\n<li>2 disques durs pour l\u2019enregistrement vid\u00e9o continu<\/li>\n<li>Compatible avec les cam\u00e9ras r\u00e9seau tierces<\/li>\n<li>Plug &amp;amp; Play avec 16 interfaces Power-over-Ethernet (PoE)<\/li>\n<\/ul>\n","protected":false},"excerpt":{"rendered":"<h3>\u00a0Caract\u00e9ristiques :<\/h3>\n<p>Jusqu\u2019\u00e0 16 cam\u00e9ras IP peuvent \u00eatre connect\u00e9es Prise en charge du d\u00e9codage des formats vid\u00e9o H.265+\/H.265\/H.264+\/H.264 Jusqu\u2019\u00e0 4K haute d\u00e9finition en direct, stockage et lecture Jusqu\u2019\u00e0 4-ch @ 1080p capacit\u00e9 de d\u00e9codage&#8230;<\/p>\n","protected":false},"featured_media":1152,"comment_status":"open","ping_status":"closed","template":"","meta":{"_joinchat":{"message_send":"Bonjour, cet article m'int\u00e9resse"}},"product_cat":[53,17],"product_tag":[],"_links":{"self":[{"href":"https:\/\/sodes-shop.com\/index.php\/wp-json\/wp\/v2\/product\/1151"}],"collection":[{"href":"https:\/\/sodes-shop.com\/index.php\/wp-json\/wp\/v2\/product"}],"about":[{"href":"https:\/\/sodes-shop.com\/index.php\/wp-json\/wp\/v2\/types\/product"}],"replies":[{"embeddable":true,"href":"https:\/\/sodes-shop.com\/index.php\/wp-json\/wp\/v2\/comments?post=1151"}],"wp:featuredmedia":[{"embeddable":true,"href":"https:\/\/sodes-shop.com\/index.php\/wp-json\/wp\/v2\/media\/1152"}],"wp:attachment":[{"href":"https:\/\/sodes-shop.com\/index.php\/wp-json\/wp\/v2\/media?parent=1151"}],"wp:term":[{"taxonomy":"product_cat","embeddable":true,"href":"https:\/\/sodes-shop.com\/index.php\/wp-json\/wp\/v2\/product_cat?post=1151"},{"taxonomy":"product_tag","embeddable":true,"href":"https:\/\/sodes-shop.com\/index.php\/wp-json\/wp\/v2\/product_tag?post=1151"}],"curies":[{"name":"wp","href":"https:\/\/api.w.org\/{rel}","templated":true}]}}