{"id":1141,"date":"2023-02-25T20:09:37","date_gmt":"2023-02-25T20:09:37","guid":{"rendered":"https:\/\/sodes-shop.com\/?post_type=product&#038;p=1141"},"modified":"2023-03-06T12:05:10","modified_gmt":"2023-03-06T12:05:10","slug":"ds-7608ni-q2-8p","status":"publish","type":"product","link":"https:\/\/sodes-shop.com\/index.php\/product\/ds-7608ni-q2-8p\/","title":{"rendered":"DS-7608NI-Q2\/8P"},"content":{"rendered":"<div>\n<div class=\"productDescription_UbV5SNP5Eo\" data-selenium=\"overviewLongDescription\">\n<div class=\"js-injected-html text_UbV5SNP5Eo\">\n<p>nregistrez et g\u00e9rez jusqu\u2019\u00e0 huit cam\u00e9ras avec le\u00a0<b>DS-7608NI-Q2\/8P 8 canaux 4K UHD NVR (pas de disque dur)<\/b>\u00a0de\u00a0<b>Hikvision<\/b>. \u00c9quip\u00e9 de deux ports SATA, ce NVR peut \u00eatre configur\u00e9 pour avoir un stockage interne allant jusqu\u2019\u00e0 12 To (disques durs disponibles s\u00e9par\u00e9ment). Les compressions H.265, H.265+, H.264 et H.264+ permettent de g\u00e9rer la taille des fichiers tout en conservant la meilleure qualit\u00e9 possible. La communication audio bidirectionnelle est prise en charge.<\/p>\n<p>Ce NVR dispose de sorties vid\u00e9o HDMI et VGA. Hik-Connect permet une gestion transparente du r\u00e9seau.<\/p>\n<\/div>\n<\/div>\n<\/div>\n<div class=\"feature_UbV5SNP5Eo\">\n<div class=\"feature_UbV5SNP5Eo\">\n<div>\n<div class=\"feature_UbV5SNP5Eo\">\n<div class=\"descriptionAsTitle_UbV5SNP5Eo\">\n<div class=\"js-injected-html text_UbV5SNP5Eo\">Huit ports PoE<\/div>\n<\/div>\n<\/div>\n<\/div>\n<div>\n<div class=\"feature_UbV5SNP5Eo\">\n<div class=\"descriptionAsTitle_UbV5SNP5Eo\">\n<div class=\"js-injected-html text_UbV5SNP5Eo\">Compatible avec Hikvision et les cam\u00e9ras IP tierces<\/div>\n<\/div>\n<\/div>\n<\/div>\n<div>\n<div class=\"feature_UbV5SNP5Eo\">\n<div class=\"descriptionAsTitle_UbV5SNP5Eo\">\n<div class=\"js-injected-html text_UbV5SNP5Eo\">Transmission de r\u00e9seau longue distance via PoE jusqu\u2019\u00e0 984&#8242;<\/div>\n<\/div>\n<\/div>\n<\/div>\n<div>\n<div class=\"feature_UbV5SNP5Eo\">\n<div class=\"descriptionAsTitle_UbV5SNP5Eo\">\n<div class=\"js-injected-html text_UbV5SNP5Eo\">Deux ports USB 2.0<\/div>\n<\/div>\n<\/div>\n<\/div>\n<div>\n<div class=\"feature_UbV5SNP5Eo\">\n<div class=\"descriptionAsTitle_UbV5SNP5Eo\">\n<div class=\"js-injected-html text_UbV5SNP5Eo\">Port Ethernet auto-adaptatif 1000M<\/div>\n<\/div>\n<\/div>\n<\/div>\n<div>\n<div class=\"feature_UbV5SNP5Eo\">\n<div class=\"descriptionAsTitle_UbV5SNP5Eo\">\n<div class=\"js-injected-html text_UbV5SNP5Eo\">Sortie vid\u00e9o HDMI 4K UHD<\/div>\n<div>\n<div>\n<div class=\"feature_UbV5SNP5Eo\">\n<div class=\"descriptionAsTitle_UbV5SNP5Eo\">\n<div class=\"js-injected-html text_UbV5SNP5Eo\">Affichage en direct, stockage et lecture jusqu\u2019\u00e0 8 MP<\/div>\n<\/div>\n<\/div>\n<\/div>\n<div>\n<div class=\"feature_UbV5SNP5Eo\">\n<div class=\"descriptionAsTitle_UbV5SNP5Eo\">\n<div class=\"js-injected-html text_UbV5SNP5Eo\">Bande passante entrante et sortante de 80 Mb\/s<\/div>\n<\/div>\n<\/div>\n<\/div>\n<div>\n<div class=\"feature_UbV5SNP5Eo\">\n<div class=\"descriptionAsTitle_UbV5SNP5Eo\">\n<div class=\"js-injected-html text_UbV5SNP5Eo\">Entr\u00e9e et sortie d\u2019alarme<\/div>\n<\/div>\n<\/div>\n<\/div>\n<div>\n<div class=\"feature_UbV5SNP5Eo\">\n<div class=\"descriptionAsTitle_UbV5SNP5Eo\">\n<div class=\"js-injected-html text_UbV5SNP5Eo\">Conforme ONVIF<\/div>\n<\/div>\n<\/div>\n<\/div>\n<div>\n<div class=\"feature_UbV5SNP5Eo\">\n<div class=\"descriptionAsTitle_UbV5SNP5Eo\">\n<div class=\"js-injected-html text_UbV5SNP5Eo\">Certifi\u00e9 FCC, CE et cUL<\/div>\n<\/div>\n<\/div>\n<\/div>\n<\/div>\n<\/div>\n<\/div>\n<\/div>\n<\/div>\n<\/div>\n","protected":false},"excerpt":{"rendered":"<h3>Caract\u00e9ristiques :<\/h3>\n<ul>\n<li class=\"col-xs-4 font-compact-12 font-bold no-margin no-padding text-muted-41\">Gamme de produits : Hikvision<\/li>\n<li class=\"col-xs-4 font-compact-12 font-bold no-margin no-padding text-muted-41\">Marque : Hikvision<\/li>\n<li class=\"col-xs-4 font-compact-12 font-bold no-margin no-padding text-muted-41\">Mod\u00e8le : DS-7608NI-Q2\/8P<\/li>\n<li class=\"col-xs-4 font-compact-12 font-bold no-margin no-padding text-muted-41\">Cha\u00eenes vid\u00e9o : 8<\/li>\n<li class=\"col-xs-4 font-compact-12 font-bold no-margin no-padding text-muted-41\">Montage en rack : Montage en rack<\/li>\n<li class=\"col-xs-4 font-compact-12 font-bold no-margin no-padding text-muted-41\">Type d\u2019appareil : NVR autonome<\/li>\n<li class=\"col-xs-4 font-compact-12 font-bold no-margin no-padding text-muted-41\">Dimensions et poids Hauteur : 5,2 cm<\/li>\n<li class=\"col-xs-4 font-compact-12 font-bold no-margin no-padding text-muted-41\">Largeur : 38,5 cm<\/li>\n<li class=\"col-xs-4 font-compact-12 font-bold no-margin no-padding text-muted-41\">Poids : 3 kg<\/li>\n<li class=\"col-xs-4 font-compact-12 font-bold no-margin no-padding text-muted-41\">Profondeur : 31,5 cm<\/li>\n<li class=\"col-xs-4 font-compact-12 font-bold no-margin no-padding text-muted-41\">DVR de s\u00e9curit\u00e9 Interconnect\u00e9 : Oui<\/li>\n<li class=\"col-xs-4 font-compact-12 font-bold no-margin no-padding text-muted-41\">Disque dur DVR Interface : Serial ATA<\/li>\n<\/ul>\n","protected":false},"featured_media":1142,"comment_status":"open","ping_status":"closed","template":"","meta":{"_joinchat":{"message_send":"Bonjour, cet article m'int\u00e9resse https:\/\/sodes-shop.com\/index.php\/product\/ds-7608ni-q2-8p\/"}},"product_cat":[53,17],"product_tag":[],"_links":{"self":[{"href":"https:\/\/sodes-shop.com\/index.php\/wp-json\/wp\/v2\/product\/1141"}],"collection":[{"href":"https:\/\/sodes-shop.com\/index.php\/wp-json\/wp\/v2\/product"}],"about":[{"href":"https:\/\/sodes-shop.com\/index.php\/wp-json\/wp\/v2\/types\/product"}],"replies":[{"embeddable":true,"href":"https:\/\/sodes-shop.com\/index.php\/wp-json\/wp\/v2\/comments?post=1141"}],"wp:featuredmedia":[{"embeddable":true,"href":"https:\/\/sodes-shop.com\/index.php\/wp-json\/wp\/v2\/media\/1142"}],"wp:attachment":[{"href":"https:\/\/sodes-shop.com\/index.php\/wp-json\/wp\/v2\/media?parent=1141"}],"wp:term":[{"taxonomy":"product_cat","embeddable":true,"href":"https:\/\/sodes-shop.com\/index.php\/wp-json\/wp\/v2\/product_cat?post=1141"},{"taxonomy":"product_tag","embeddable":true,"href":"https:\/\/sodes-shop.com\/index.php\/wp-json\/wp\/v2\/product_tag?post=1141"}],"curies":[{"name":"wp","href":"https:\/\/api.w.org\/{rel}","templated":true}]}}