{"id":1138,"date":"2023-02-25T19:41:15","date_gmt":"2023-02-25T19:41:15","guid":{"rendered":"https:\/\/sodes-shop.com\/?post_type=product&#038;p=1138"},"modified":"2023-03-06T12:08:33","modified_gmt":"2023-03-06T12:08:33","slug":"disque-dur-pour-videosurveillance-8tb-scha710","status":"publish","type":"product","link":"https:\/\/sodes-shop.com\/index.php\/product\/disque-dur-pour-videosurveillance-8tb-scha710\/","title":{"rendered":"Disque dur pour vid\u00e9osurveillance 8TB SCHA710"},"content":{"rendered":"<p>Con\u00e7u sp\u00e9cifiquement pour le syst\u00e8me de surveillance NVR (et r\u00e9trocompatible avec les syst\u00e8mes<br \/>\nDVR Prise en charge de plus de 8 baies de surveillance NVR avec jusqu\u2019\u00e0 64 cam\u00e9ras HD Nombre<br \/>\naccru de charges de travail (To \/ an) avec consommation<br \/>\nd\u2019\u00e9nergie optimis\u00e9e Le package comprend un disque dur uniquement &#8211; pas de vis, c\u00e2bles, manuels inclus. Veuillez acheter le mat\u00e9riel de montage et les c\u00e2bles s\u00e9par\u00e9ment si n\u00e9cessaire.<\/p>\n","protected":false},"excerpt":{"rendered":"<h3>Caract\u00e9ristiques :<\/h3>\n<ul>\n<li>Taille de la m\u00e9moire cache install\u00e9e :\u00a0 8 To<\/li>\n<li>Capacit\u00e9 de stockage num\u00e9rique : 8000 Go<\/li>\n<li>Taille du disque dur 8,00 To<\/li>\n<li>Facteur de forme du disque dur 3,50 pouces<\/li>\n<li>Interface mat\u00e9rielle ATA<\/li>\n<li>Poids de l\u2019article 1,65 lb<\/li>\n<\/ul>\n","protected":false},"featured_media":1140,"comment_status":"open","ping_status":"closed","template":"","meta":{"_joinchat":{"message_send":"Bonjour, cet article m'int\u00e9resse https:\/\/sodes-shop.com\/index.php\/product\/disque-dur-pour-videosurveillance-8tb-scha710\/"}},"product_cat":[47,17],"product_tag":[],"_links":{"self":[{"href":"https:\/\/sodes-shop.com\/index.php\/wp-json\/wp\/v2\/product\/1138"}],"collection":[{"href":"https:\/\/sodes-shop.com\/index.php\/wp-json\/wp\/v2\/product"}],"about":[{"href":"https:\/\/sodes-shop.com\/index.php\/wp-json\/wp\/v2\/types\/product"}],"replies":[{"embeddable":true,"href":"https:\/\/sodes-shop.com\/index.php\/wp-json\/wp\/v2\/comments?post=1138"}],"wp:featuredmedia":[{"embeddable":true,"href":"https:\/\/sodes-shop.com\/index.php\/wp-json\/wp\/v2\/media\/1140"}],"wp:attachment":[{"href":"https:\/\/sodes-shop.com\/index.php\/wp-json\/wp\/v2\/media?parent=1138"}],"wp:term":[{"taxonomy":"product_cat","embeddable":true,"href":"https:\/\/sodes-shop.com\/index.php\/wp-json\/wp\/v2\/product_cat?post=1138"},{"taxonomy":"product_tag","embeddable":true,"href":"https:\/\/sodes-shop.com\/index.php\/wp-json\/wp\/v2\/product_tag?post=1138"}],"curies":[{"name":"wp","href":"https:\/\/api.w.org\/{rel}","templated":true}]}}