{"id":1137,"date":"2023-02-25T19:30:18","date_gmt":"2023-02-25T19:30:18","guid":{"rendered":"https:\/\/sodes-shop.com\/?post_type=product&#038;p=1137"},"modified":"2023-03-06T12:11:28","modified_gmt":"2023-03-06T12:11:28","slug":"disque-dur-pour-videosurveillance-4tb","status":"publish","type":"product","link":"https:\/\/sodes-shop.com\/index.php\/product\/disque-dur-pour-videosurveillance-4tb\/","title":{"rendered":"Disque dur pour vid\u00e9osurveillance 4TB"},"content":{"rendered":"<p>ENCORE PLUS DE CAM\u00c9RAS. DES IMAGES PLUS NETTES. UNE VID\u00c9OSURVEILLANCE RENFORC\u00c9E.. Con\u00e7us pour un fonctionnement continu, 24 h\/24 et 7 j\/7, dans des syst\u00e8mes de vid\u00e9osurveillance haute d\u00e9finition. Avec un taux de charge de travail atteignant jusqu&#8217;\u00e0 180 To\/an et la prise en charge d&#8217;un maximum de 64 cam\u00e9ras, les disques WD Purple sont optimis\u00e9s pour les syst\u00e8mes de surveillance. \u00c0 chaque besoin son disque. Les disques WD Purple ont \u00e9t\u00e9 con\u00e7us tout sp\u00e9cialement pour r\u00e9pondre aux contraintes extr\u00eames de temp\u00e9rature \u00e9lev\u00e9e des syst\u00e8mes de vid\u00e9osurveillance fonctionnant 24 h\/24 et 7 j\/7. Des performances toujours au rendez-vous. Cr\u00e9\u00e9s par le leader mondial du stockage, les disques WD Purple garantissent une lecture vid\u00e9o de qualit\u00e9 lorsque vous en avez le plus besoin. Jusqu&#8217;\u00e0 64 cam\u00e9ras pour une surveillance accrue. Les disques WD Purple sont optimis\u00e9s pour prendre en charge jusqu&#8217;\u00e0 64 cam\u00e9ras, ce qui vous laisse la possibilit\u00e9 de faire \u00e9voluer votre syst\u00e8me de s\u00e9curit\u00e9 en fonction de vos besoins.<\/p>\n","protected":false},"excerpt":{"rendered":"<h3>\u00a0Caract\u00e9ristiques :<\/h3>\n<ul>\n<li>Capacit\u00e9 du stockage num\u00e9rique 4 To<\/li>\n<li>Compatibilit\u00e9 du p\u00e9riph\u00e9rique Disque dur<\/li>\n<li>Interface du disque dur Serial ATA<\/li>\n<li>Marque SCHA500<\/li>\n<li>Type de connecteur SATA<\/li>\n<li>Caract\u00e9ristique sp\u00e9ciale Temp\u00e9rature maximale de 5 \u00e0 70 \u00b0C.<\/li>\n<li>Facteur de forme du disque dur 3.5 Pouces<\/li>\n<li>Disque dur 4000 GB Disque dur m\u00e9canique<\/li>\n<li>Facteur de forme 3,5 pouce<\/li>\n<\/ul>\n","protected":false},"featured_media":1134,"comment_status":"open","ping_status":"closed","template":"","meta":{"_joinchat":{"message_send":"Bonjour, cet article m'int\u00e9resse https:\/\/sodes-shop.com\/index.php\/product\/disque-dur-pour-videosurveillance-4tb\/"}},"product_cat":[47,17],"product_tag":[],"_links":{"self":[{"href":"https:\/\/sodes-shop.com\/index.php\/wp-json\/wp\/v2\/product\/1137"}],"collection":[{"href":"https:\/\/sodes-shop.com\/index.php\/wp-json\/wp\/v2\/product"}],"about":[{"href":"https:\/\/sodes-shop.com\/index.php\/wp-json\/wp\/v2\/types\/product"}],"replies":[{"embeddable":true,"href":"https:\/\/sodes-shop.com\/index.php\/wp-json\/wp\/v2\/comments?post=1137"}],"wp:featuredmedia":[{"embeddable":true,"href":"https:\/\/sodes-shop.com\/index.php\/wp-json\/wp\/v2\/media\/1134"}],"wp:attachment":[{"href":"https:\/\/sodes-shop.com\/index.php\/wp-json\/wp\/v2\/media?parent=1137"}],"wp:term":[{"taxonomy":"product_cat","embeddable":true,"href":"https:\/\/sodes-shop.com\/index.php\/wp-json\/wp\/v2\/product_cat?post=1137"},{"taxonomy":"product_tag","embeddable":true,"href":"https:\/\/sodes-shop.com\/index.php\/wp-json\/wp\/v2\/product_tag?post=1137"}],"curies":[{"name":"wp","href":"https:\/\/api.w.org\/{rel}","templated":true}]}}