{"id":1133,"date":"2023-02-25T19:15:06","date_gmt":"2023-02-25T19:15:06","guid":{"rendered":"https:\/\/sodes-shop.com\/?post_type=product&#038;p=1133"},"modified":"2023-03-06T12:15:26","modified_gmt":"2023-03-06T12:15:26","slug":"disque-dur-pour-videosurveillance-2tb","status":"publish","type":"product","link":"https:\/\/sodes-shop.com\/index.php\/product\/disque-dur-pour-videosurveillance-2tb\/","title":{"rendered":"Disque dur pour vid\u00e9osurveillance 2TB"},"content":{"rendered":"<h2><strong>Comparaison entre le stockage de surveillance des disques de bureau<\/strong><\/h2>\n<p>Ces lecteurs sont con\u00e7us pour remplacer disques de bureau standard qui n&#8217;ont pas \u00e9t\u00e9 con\u00e7us pour le dur 24\/7 environnement de surveillance haute d\u00e9finition toujours actif. Ces lecteurs de bureau sont con\u00e7us pour ne fonctionner que pendant de courts intervalles et ne sont pas con\u00e7us pour r\u00e9sister aux fluctuations de temp\u00e9rature \u00e9lev\u00e9e et aux vibrations des \u00e9quipements rencontr\u00e9s dans application de surveillance typique.<\/p>\n<ul>\n<li><strong>Type du produit<\/strong>: Disque dur<\/li>\n<li><strong>Marque<\/strong>: WD Purle<\/li>\n<li><strong>Conformit\u00e9 RoHS<\/strong>: Oui<\/li>\n<li><strong>Interface<\/strong>: S\u00e9rie ATA III<\/li>\n<li><strong>Cycles d\u00e9marrage \/ arr\u00eat:<\/strong>\u00a0300000<\/li>\n<li><strong>Capacit\u00e9:<\/strong>\u00a02000 Go<\/li>\n<li><strong>Taille du tampon de lecteur de stockage<\/strong>: 64 Mo<\/li>\n<li><strong>Vitesse de transfert soutenu de l&#8217;interface de disque dur:<\/strong>\u00a0210 MiB\/s<\/li>\n<li><strong>Transfert de l&#8217;interface de disque dur<\/strong>: 6 Gbit \/ s<\/li>\n<li><strong>Temp\u00e9rature d&#8217;op\u00e9ration<\/strong>: 0 &#8211; 65 \u00b0 C<\/li>\n<li><strong>Temp\u00e9rature hors fonctionnement:<\/strong>\u00a0-40 &#8211; 70 \u00b0C<\/li>\n<li><strong>Vitesse de rotation du disque dur:\u00a0<\/strong>5400 tr\/min<\/li>\n<li><strong>Taille du disque dur<\/strong>: 3.5 pouces<\/li>\n<\/ul>\n","protected":false},"excerpt":{"rendered":"<h3>\u00a0Caract\u00e9ristiques :<\/h3>\n<p>Con\u00e7u pour une surveillance permanente 24h \/ 24 et 7j \/ 7 dans les syst\u00e8mes de s\u00e9curit\u00e9 haute d\u00e9finition qui utilisent jusqu&#8217;\u00e0 huit disques durs et jusqu&#8217;\u00e0 32 cam\u00e9ras. La technologie exclusive AllFrame fonctionne avec le streaming ATA pour r\u00e9duire la pixellisation des erreurs et les interruptions vid\u00e9o qui se produisent lorsque des disques durs de bureau ne sont pas utilis\u00e9s correctement comme stockage dans des syst\u00e8mes de s\u00e9curit\u00e9.<\/p>\n<h2><\/h2>\n","protected":false},"featured_media":1136,"comment_status":"open","ping_status":"closed","template":"","meta":{"_joinchat":{"message_send":"Bonjour, cet article m'int\u00e9resse https:\/\/sodes-shop.com\/index.php\/product\/disque-dur-pour-videosurveillance-2tb\/"}},"product_cat":[47,17],"product_tag":[],"_links":{"self":[{"href":"https:\/\/sodes-shop.com\/index.php\/wp-json\/wp\/v2\/product\/1133"}],"collection":[{"href":"https:\/\/sodes-shop.com\/index.php\/wp-json\/wp\/v2\/product"}],"about":[{"href":"https:\/\/sodes-shop.com\/index.php\/wp-json\/wp\/v2\/types\/product"}],"replies":[{"embeddable":true,"href":"https:\/\/sodes-shop.com\/index.php\/wp-json\/wp\/v2\/comments?post=1133"}],"wp:featuredmedia":[{"embeddable":true,"href":"https:\/\/sodes-shop.com\/index.php\/wp-json\/wp\/v2\/media\/1136"}],"wp:attachment":[{"href":"https:\/\/sodes-shop.com\/index.php\/wp-json\/wp\/v2\/media?parent=1133"}],"wp:term":[{"taxonomy":"product_cat","embeddable":true,"href":"https:\/\/sodes-shop.com\/index.php\/wp-json\/wp\/v2\/product_cat?post=1133"},{"taxonomy":"product_tag","embeddable":true,"href":"https:\/\/sodes-shop.com\/index.php\/wp-json\/wp\/v2\/product_tag?post=1133"}],"curies":[{"name":"wp","href":"https:\/\/api.w.org\/{rel}","templated":true}]}}