{"id":1126,"date":"2023-02-25T16:36:18","date_gmt":"2023-02-25T16:36:18","guid":{"rendered":"https:\/\/sodes-shop.com\/?post_type=product&#038;p=1126"},"modified":"2023-03-06T12:20:07","modified_gmt":"2023-03-06T12:20:07","slug":"centrale-dalarme-incendie-2a-cmsi","status":"publish","type":"product","link":"https:\/\/sodes-shop.com\/index.php\/product\/centrale-dalarme-incendie-2a-cmsi\/","title":{"rendered":"Centrale d\u2019alarme incendie 2A-CMSI"},"content":{"rendered":"<div><strong>C.M.S.I (Centralisateur de Mise en S\u00e9curit\u00e9 Incendie)<\/strong>\u00a0est une centrale de d\u00e9tection incendie qui, \u00e0 partir d&#8217;informations ou ordre de commande manuelle, \u00e9met des ordres \u00e9lectriques de commande des mat\u00e9riels<\/div>\n<div>assurant les fonctions n\u00e9cessaires \u00e0 la mise en s\u00e9curit\u00e9 d&#8217;un b\u00e2timent en cas\u00a0d&#8217;incendie<\/div>\n<div>Il\u00a0dispose de 2 fonctions de mise en s\u00e9curit\u00e9 :<\/div>\n<div><strong>Evacuation :\u00a0<\/strong>une\u00a0UGA (Unit\u00e9 de Gestion d&#8217;Alarme)\u00a0ayant pour mission de collecter les informations en provenance des DM\u00a0ou\u00a0du\u00a0SDI (Syst\u00e8me de D\u00e9tection Incendie), de les g\u00e9rer et de d\u00e9clencher le processus d&#8217;alarme<\/div>\n<div><strong>D\u00e9senfumage ou Compartimentage :\u00a0<\/strong>permettant la commande de DAS (Dispositifs Actionn\u00e9s de S\u00e9curit\u00e9) ou l&#8217;Arr\u00eat d&#8217;Installations Techniques (AIT)<\/div>\n<div>Normes : EN54-4, NF S 61-936 (U.G.A. de type 2), NF S 61-934 et NF S\u00a061-940<\/div>\n<div>Indice\u00a0de protection : IP\u00a030<\/div>\n<div>Alimentation\u00a0principale EAE et AES : 230V~ 50\/60Hz<\/div>\n<div>Alimentation secondaire EAE : 1 accumulateur \u00e9tanche au plomb de 12V \/ 7Ah<\/div>\n<div>Alimentation secondaire EAE (extension) : 1 accumulateur \u00e9tanche au plomb de 12V\/7Ah<\/div>\n<div>ou 10Ah par tranche de 24 zones de d\u00e9tection\u00a0suppl\u00e9mentaires<\/div>\n<div>Capacit\u00e9 ligne de t\u00e9l\u00e9commande (alim. interne) : 24 V \/ 15 W<\/div>\n<div>Autonomie\u00a0: 12h en veille + 1h en\u00a0alarme<\/div>\n<div>Dur\u00e9e\u00a0de l\u2019alarme g\u00e9n\u00e9rale\u00a0: 5\u00a0mn<\/div>\n<div>Source auxiliaire assur\u00e9e par la batterie ayant une autonomie\u00a0: 1h<\/div>\n<div>Longueur max. d\u2019une boucle : 1000 m &#8211; c\u00e2ble 8\/10e<\/div>\n<div>Nombre de fonction \u00e9vacuation : 1<\/div>\n<div>Nombre\u00a0de lignes de diffuseurs : 2<\/div>\n<div>Nombre de mise en s\u00e9curit\u00e9 : 2<\/div>\n<div>Capacit\u00e9 ligne de diffuseurs (A.E.S. interne) : 24 V \/ 0,625 A<\/div>\n<div>Contact\u00a0sec [alarme G\u00e9n\u00e9ral \/ auxiliaire] : 1 A &#8211; 50 Vcc<\/div>\n<div>Temp\u00e9rature\u00a0de fonctionnement : 0 \u00e0\u00a050\u00b0C<\/div>\n<div>Temp\u00e9rature\u00a0de stockage\u00a0:\u00a0-5\u00b0C, +40\u00b0C<\/div>\n<div>HR\u00a0fonctionnement :\u00a0 \u2264 85% sans condensation<\/div>\n<div>Humidit\u00e9\u00a0relative admissible : &lt;90%<\/div>\n<div>Dimensions\u00a0L x H x P : Coffret\u00a0C3\u00a0(4\u00a0et 8\u00a0zones\u00a0:\u00a0455 x 288 x 83mm<\/div>\n<div>Dimensions\u00a0L x H x P : Coffret C9 (16 \u2264 72\u00a0zones)\u00a0:\u00a0530 x 480 x 170mm<\/div>\n<div>Coloris bo\u00eetier ABS gris clair RAL 7035<\/div>\n<div>Poids\u00a0en coffret C3 : 12kg (avec les batteries)<\/div>\n<div>Poids\u00a0en coffret C9 : 15,5kg (avec les batteries)<\/div>\n","protected":false},"excerpt":{"rendered":"<h3>\u00a0Caract\u00e9ristiques :<\/h3>\n<ul>\n<li>Cat\u00e9gorie de type 1 : S.S.I \/ C.M.S.I de cat\u00e9gorie A<\/li>\n<li>Alimentation principale : 230V, 50Hz<\/li>\n<li>Autonomie : &gt;12h en veille 5min en alarme g\u00e9n\u00e9rale<\/li>\n<li>Nombre de zone de d\u00e9tection : 4<\/li>\n<li>Nombre de points max par boucle : 32<\/li>\n<li>Longueur max. d&#8217;une boucle : 1000m &#8211; c\u00e2ble 8\/10e<\/li>\n<li>Nombre de fonction fonction \u00e9vacuation : 1<\/li>\n<li>Nombre de lignes de diffuseurs : 2<\/li>\n<li>Capacit\u00e9 ligne de diffuseurs : 24V \/ 0,625A<\/li>\n<li>Nombre de fonction de mise en s\u00e9curit\u00e9 : 2<\/li>\n<li>Protection : IP30<\/li>\n<li>Temp\u00e9rature de fonctionnement : -5\u00b0 \u00e0 40\u00b0C<\/li>\n<li>Dimensions : 445 x 288 x 83mm<\/li>\n<\/ul>\n","protected":false},"featured_media":1127,"comment_status":"open","ping_status":"closed","template":"","meta":{"_joinchat":{"message_send":"Bonjour, cet article m'int\u00e9resse https:\/\/sodes-shop.com\/index.php\/product\/centrale-dalarme-incendie-2a-cmsi\/"}},"product_cat":[38],"product_tag":[],"_links":{"self":[{"href":"https:\/\/sodes-shop.com\/index.php\/wp-json\/wp\/v2\/product\/1126"}],"collection":[{"href":"https:\/\/sodes-shop.com\/index.php\/wp-json\/wp\/v2\/product"}],"about":[{"href":"https:\/\/sodes-shop.com\/index.php\/wp-json\/wp\/v2\/types\/product"}],"replies":[{"embeddable":true,"href":"https:\/\/sodes-shop.com\/index.php\/wp-json\/wp\/v2\/comments?post=1126"}],"wp:featuredmedia":[{"embeddable":true,"href":"https:\/\/sodes-shop.com\/index.php\/wp-json\/wp\/v2\/media\/1127"}],"wp:attachment":[{"href":"https:\/\/sodes-shop.com\/index.php\/wp-json\/wp\/v2\/media?parent=1126"}],"wp:term":[{"taxonomy":"product_cat","embeddable":true,"href":"https:\/\/sodes-shop.com\/index.php\/wp-json\/wp\/v2\/product_cat?post=1126"},{"taxonomy":"product_tag","embeddable":true,"href":"https:\/\/sodes-shop.com\/index.php\/wp-json\/wp\/v2\/product_tag?post=1126"}],"curies":[{"name":"wp","href":"https:\/\/api.w.org\/{rel}","templated":true}]}}