{"id":1075,"date":"2023-02-24T13:37:04","date_gmt":"2023-02-24T13:37:04","guid":{"rendered":"https:\/\/sodes-shop.com\/?post_type=product&#038;p=1075"},"modified":"2023-03-06T12:22:53","modified_gmt":"2023-03-06T12:22:53","slug":"gache-electrique-ms-sl285multistar","status":"publish","type":"product","link":"https:\/\/sodes-shop.com\/index.php\/product\/gache-electrique-ms-sl285multistar\/","title":{"rendered":"GACHE ELECTRIQUE MS-SL285\tMULTISTAR"},"content":{"rendered":"<p><strong>Serrure \u00e0 boulon \u00e9lectrique<\/strong>:<br \/>\nalliage de zinc, mont\u00e9 en surface, pas besoin de creuser un trou sur le cadre. C\u2019est un boulon \u00e9lectrique de construction enti\u00e8rement m\u00e9tallique. Le dispositif de s\u00e9curit\u00e9 int\u00e9gr\u00e9e est verrouill\u00e9 lorsqu\u2019il est sous tension. Adopter des pi\u00e8ces de haute qualit\u00e9; Contact de sortie du signal d\u2019\u00e9tat de la porte (NC \/ NC \/ COM), r\u00e9glage du temporisation; Consommation d\u2019\u00e9nergie r\u00e9duite, s\u00fbr et durable, convient pour la porte en bois, la porte en verre, la porte en m\u00e9tal, la porte coupe-feu.<\/p>\n","protected":false},"excerpt":{"rendered":"<h3>\u00a0Caract\u00e9ristiques :<\/h3>\n<p><strong>Serrure \u00e0 boulon \u00e9lectrique<\/strong>:<br \/>\nalliage de zinc, mont\u00e9 en surface, pas besoin de creuser un trou sur le cadre. C\u2019est un boulon \u00e9lectrique de construction enti\u00e8rement m\u00e9tallique. Le dispositif de s\u00e9curit\u00e9 int\u00e9gr\u00e9e est verrouill\u00e9 lorsqu\u2019il est sous tension. Adopter des pi\u00e8ces de haute qualit\u00e9; Contact de sortie du signal d\u2019\u00e9tat de la porte (NC \/ NC \/ COM), r\u00e9glage du temporisation; Consommation d\u2019\u00e9nergie r\u00e9duite, s\u00fbr et durable, convient pour la porte en bois, la porte en verre, la porte en m\u00e9tal, la porte coupe-feu.<\/p>\n","protected":false},"featured_media":1076,"comment_status":"open","ping_status":"closed","template":"","meta":{"_joinchat":{"message_send":"Bonjour, cet article m'int\u00e9resse https:\/\/sodes-shop.com\/index.php\/product\/gache-electrique-ms-sl285multistar\/"}},"product_cat":[39,40],"product_tag":[],"_links":{"self":[{"href":"https:\/\/sodes-shop.com\/index.php\/wp-json\/wp\/v2\/product\/1075"}],"collection":[{"href":"https:\/\/sodes-shop.com\/index.php\/wp-json\/wp\/v2\/product"}],"about":[{"href":"https:\/\/sodes-shop.com\/index.php\/wp-json\/wp\/v2\/types\/product"}],"replies":[{"embeddable":true,"href":"https:\/\/sodes-shop.com\/index.php\/wp-json\/wp\/v2\/comments?post=1075"}],"wp:featuredmedia":[{"embeddable":true,"href":"https:\/\/sodes-shop.com\/index.php\/wp-json\/wp\/v2\/media\/1076"}],"wp:attachment":[{"href":"https:\/\/sodes-shop.com\/index.php\/wp-json\/wp\/v2\/media?parent=1075"}],"wp:term":[{"taxonomy":"product_cat","embeddable":true,"href":"https:\/\/sodes-shop.com\/index.php\/wp-json\/wp\/v2\/product_cat?post=1075"},{"taxonomy":"product_tag","embeddable":true,"href":"https:\/\/sodes-shop.com\/index.php\/wp-json\/wp\/v2\/product_tag?post=1075"}],"curies":[{"name":"wp","href":"https:\/\/api.w.org\/{rel}","templated":true}]}}