{"id":1073,"date":"2023-02-24T13:31:12","date_gmt":"2023-02-24T13:31:12","guid":{"rendered":"https:\/\/sodes-shop.com\/?post_type=product&#038;p=1073"},"modified":"2023-03-06T12:25:18","modified_gmt":"2023-03-06T12:25:18","slug":"ds-k4h258s","status":"publish","type":"product","link":"https:\/\/sodes-shop.com\/index.php\/product\/ds-k4h258s\/","title":{"rendered":"DS-K4H258S"},"content":{"rendered":"<table>\n<tbody>\n<tr>\n<th colspan=\"3\">G\u00e9n\u00e9ralit\u00e9s<\/th>\n<\/tr>\n<tr>\n<td class=\"td1\">Pouss\u00e9e maximale:<\/td>\n<td class=\"td2\"><\/td>\n<td>280kg (550Lbs) de pouss\u00e9e lin\u00e9aire<\/td>\n<\/tr>\n<tr>\n<td class=\"td1\">Tension de fonctionnement:<\/td>\n<td class=\"td2\"><\/td>\n<td>12 V CC<\/td>\n<\/tr>\n<tr>\n<td class=\"td1\">Courant de travail:<\/td>\n<td class=\"td2\"><\/td>\n<td>340mA<\/td>\n<\/tr>\n<tr>\n<td class=\"td1\">Dimension du corps de verrouillage:<\/td>\n<td class=\"td2\"><\/td>\n<td>238mm \u00d7 45mm \u00d7 25mm (9.4\u00a0\u00bb \u00d7 1.8\u00a0\u00bb \u00d71.0\u00a0\u00bb)<\/td>\n<\/tr>\n<tr>\n<td class=\"td1\">Dimension de la plaque d\u2019induit:<\/td>\n<td class=\"td2\"><\/td>\n<td>182mm \u00d7 38mm \u00d7 12.5mm (7.2\u00a0\u00bb \u00d7 1.5\u00a0\u00bb \u00d7 0.5\u00a0\u00bb)<\/td>\n<\/tr>\n<tr>\n<td class=\"td1\">Portes appropri\u00e9es:<\/td>\n<td class=\"td2\"><\/td>\n<td>Porte en bois, porte vitr\u00e9e, porte m\u00e9tallique, porte ignifuge<\/td>\n<\/tr>\n<tr>\n<td class=\"td1\">Indicateur LED:<\/td>\n<td class=\"td2\"><\/td>\n<td>Vert (statut de travail)<\/td>\n<\/tr>\n<tr>\n<td class=\"td1\">Corps de verrouillage:<\/td>\n<td class=\"td2\"><\/td>\n<td>\u00c9lectrod\u00e9position de zinc \u00e9cologique<\/td>\n<\/tr>\n<tr>\n<td class=\"td1\">Coquille:<\/td>\n<td class=\"td2\"><\/td>\n<td>\u00c9lectrod\u00e9position d\u2019anodisation dure<\/td>\n<\/tr>\n<tr>\n<td class=\"td1\">Plaque d\u2019induit:<\/td>\n<td class=\"td2\"><\/td>\n<td>\u00c9lectrod\u00e9position de zinc \u00e9cologique<\/td>\n<\/tr>\n<tr>\n<td class=\"td1\">Humidit\u00e9 de travail:<\/td>\n<td class=\"td2\"><\/td>\n<td>0 \u00e0 95 % (humidit\u00e9 relative)<\/td>\n<\/tr>\n<tr>\n<td class=\"td1\">Temp\u00e9rature de fonctionnement :<\/td>\n<td class=\"td2\"><\/td>\n<td>-10 \u00b0C \u00e0 55 \u00b0C (14 \u00b0F \u00e0 131 \u00b0F)<\/td>\n<\/tr>\n<tr>\n<td class=\"td1\">Poids:<\/td>\n<td class=\"td2\"><\/td>\n<td>2,1 kg (4,63 lb)<\/td>\n<\/tr>\n<\/tbody>\n<\/table>\n","protected":false},"excerpt":{"rendered":"<h3>\u00a0Caract\u00e9ristiques :<\/h3>\n<p>\u2022 La serrure prend en charge une pouss\u00e9e lin\u00e9aire de 280 kg (600 lb) \u2022 La tension par d\u00e9faut est de 12 VCC<br \/>\n\u2022 Il est \u00e9quip\u00e9 d\u2019une r\u00e9sistance d\u00e9pendante de la tension interne (MOV)<\/p>\n<p>\u2022 Il est appliqu\u00e9 sur une porte en bois, une porte en verre, une porte m\u00e9tallique \u2022 L\u2019indicateur LED affiche l\u2019\u00e9tat de la serrure<br \/>\nde la porte \u2022 Mat\u00e9riaux<br \/>\nr\u00e9sistants \u00e0 l\u2019abrasion \u2022 La coque est compos\u00e9e d\u2019aldural et est une<br \/>\nanodisation dure galvanis\u00e9e<br \/>\n\u2022 Aucune d\u00e9faillance m\u00e9canique.<\/p>\n","protected":false},"featured_media":1074,"comment_status":"open","ping_status":"closed","template":"","meta":{"_joinchat":{"message_send":"Bonjour, cet article m'int\u00e9resse https:\/\/sodes-shop.com\/index.php\/product\/ds-k4h258s\/"}},"product_cat":[39],"product_tag":[],"_links":{"self":[{"href":"https:\/\/sodes-shop.com\/index.php\/wp-json\/wp\/v2\/product\/1073"}],"collection":[{"href":"https:\/\/sodes-shop.com\/index.php\/wp-json\/wp\/v2\/product"}],"about":[{"href":"https:\/\/sodes-shop.com\/index.php\/wp-json\/wp\/v2\/types\/product"}],"replies":[{"embeddable":true,"href":"https:\/\/sodes-shop.com\/index.php\/wp-json\/wp\/v2\/comments?post=1073"}],"wp:featuredmedia":[{"embeddable":true,"href":"https:\/\/sodes-shop.com\/index.php\/wp-json\/wp\/v2\/media\/1074"}],"wp:attachment":[{"href":"https:\/\/sodes-shop.com\/index.php\/wp-json\/wp\/v2\/media?parent=1073"}],"wp:term":[{"taxonomy":"product_cat","embeddable":true,"href":"https:\/\/sodes-shop.com\/index.php\/wp-json\/wp\/v2\/product_cat?post=1073"},{"taxonomy":"product_tag","embeddable":true,"href":"https:\/\/sodes-shop.com\/index.php\/wp-json\/wp\/v2\/product_tag?post=1073"}],"curies":[{"name":"wp","href":"https:\/\/api.w.org\/{rel}","templated":true}]}}