{"id":1071,"date":"2023-02-24T13:22:46","date_gmt":"2023-02-24T13:22:46","guid":{"rendered":"https:\/\/sodes-shop.com\/?post_type=product&#038;p=1071"},"modified":"2023-02-24T13:27:15","modified_gmt":"2023-02-24T13:27:15","slug":"ventouse-eml878-280kg-12v-24v","status":"publish","type":"product","link":"https:\/\/sodes-shop.com\/index.php\/product\/ventouse-eml878-280kg-12v-24v\/","title":{"rendered":"VENTOUSE EML878 280KG 12V\/24V"},"content":{"rendered":"<p>VENTOUSE A CISAILLEMENT 500KG (r\u00e9f. V1200) Ventouse pour porte \u00e0 simple battant. La ventouse \u00e0 cisaillement r\u00e9unit les avantages d\u2019une serrure \u00e9lectrique et ceux d\u2019une ventouse \u00e9lectrique magn\u00e9tique. Avec son syst\u00e8me d\u2019alignement automatique, elle assurera un verrouillage m\u00eame si la porte n\u2019est pas parfaitement en position.<\/p>\n<p>Signalisation de l\u2019\u00e9tat de la porte par relais reed. Alimentation 12Vcc 300mA Le shearlock : Est une ventouse hybride qui tient \u00e0 la fois de la ventouse magn\u00e9tique classique et de la serrure \u00e9lectrique. Le shearlock est la seule solution pour l\u2019utilisation d\u2019une ventouse encastr\u00e9e sur une porte battante. La plus performante de la gamme.<\/p>\n<p>D\u00e9velopp\u00e9e pour r\u00e9pondre aux applications ext\u00e9rieures lourdes telles que portes blind\u00e9es, portes de hangars ou portails coulissants, elle est enti\u00e8rement \u00e9tanche et construite en acier inoxydable de qualit\u00e9<\/p>\n","protected":false},"excerpt":{"rendered":"<h3>Principales caract\u00e9ristiques :<\/h3>\n<p>La ventouse \u00e9lectromagn\u00e9tique remplace une g\u00e2che \u00e9lectrique pour assurer la fermeture d&#8217;une porte.<br \/>\nUn \u00e9lectroaimant est fix\u00e9 sur le b\u00e2ti de l&#8217;issue et une plaque m\u00e9tallique est solidaire de ma porte. Quand la porte est ferm\u00e9e, la plaque m\u00e9tallique est appliqu\u00e9e sur l&#8217;\u00e9lectroaimant. Si ce dernier est aliment\u00e9, la plaque est attir\u00e9e par l&#8217;aimant avec une force de plusieurs centaines de kilos. La porte peut s&#8217;ouvrir normalement quand l&#8217;\u00e9lectroaimant n&#8217;est pas sous tension.<br \/>\nLes ventouses \u00e9lectromagn\u00e9tiques sont id\u00e9ales pour compl\u00e9ter un dispositif de contr\u00f4le d&#8217;acc\u00e8s, un syst\u00e8me de d\u00e9tection incendie, un automatisme de portail etc..<\/p>\n<p>La disparition de l\u2019alimentation en 12Vcc ou 24Vcc permet de d\u00e9bloquer la ventouse. Ventouse rectangulaire en applique \u00e9tanche + LED de position. Elle est livr\u00e9e avec sa contre plaque.<\/p>\n","protected":false},"featured_media":1072,"comment_status":"open","ping_status":"closed","template":"","meta":{"_joinchat":[]},"product_cat":[39],"product_tag":[],"_links":{"self":[{"href":"https:\/\/sodes-shop.com\/index.php\/wp-json\/wp\/v2\/product\/1071"}],"collection":[{"href":"https:\/\/sodes-shop.com\/index.php\/wp-json\/wp\/v2\/product"}],"about":[{"href":"https:\/\/sodes-shop.com\/index.php\/wp-json\/wp\/v2\/types\/product"}],"replies":[{"embeddable":true,"href":"https:\/\/sodes-shop.com\/index.php\/wp-json\/wp\/v2\/comments?post=1071"}],"wp:featuredmedia":[{"embeddable":true,"href":"https:\/\/sodes-shop.com\/index.php\/wp-json\/wp\/v2\/media\/1072"}],"wp:attachment":[{"href":"https:\/\/sodes-shop.com\/index.php\/wp-json\/wp\/v2\/media?parent=1071"}],"wp:term":[{"taxonomy":"product_cat","embeddable":true,"href":"https:\/\/sodes-shop.com\/index.php\/wp-json\/wp\/v2\/product_cat?post=1071"},{"taxonomy":"product_tag","embeddable":true,"href":"https:\/\/sodes-shop.com\/index.php\/wp-json\/wp\/v2\/product_tag?post=1071"}],"curies":[{"name":"wp","href":"https:\/\/api.w.org\/{rel}","templated":true}]}}