{"id":1065,"date":"2023-02-24T12:58:23","date_gmt":"2023-02-24T12:58:23","guid":{"rendered":"https:\/\/sodes-shop.com\/?post_type=product&#038;p=1065"},"modified":"2023-02-24T13:05:37","modified_gmt":"2023-02-24T13:05:37","slug":"villa-analog-kit-ds-kis203y","status":"publish","type":"product","link":"https:\/\/sodes-shop.com\/index.php\/product\/villa-analog-kit-ds-kis203y\/","title":{"rendered":"Villa analog kit DS-KIS203Y"},"content":{"rendered":"<ul class=\"product_description_item-list\">\n<li>Dispositif d\u2019enr\u00f4lement d\u2019empreintes digitales USB<\/li>\n<li class=\" product_description_item\">USB plug-and-play avec technologie sans pilote, USB 2.0<\/li>\n<li class=\" product_description_item\">Capteur optique d\u2019empreintes digitales con\u00e7u avec un mat\u00e9riau r\u00e9sistant aux rayures<\/li>\n<li class=\" product_description_item\">Fonctionne avec les syst\u00e8mes d\u2019exploitation Windows XP, Windows 7 et Windows 10<\/li>\n<li>Fonctionne avec iVMS-4200 et d\u2019autres logiciels Hikvision<\/li>\n<li>Utilis\u00e9 pour inscrire les empreintes digitales des utilisateurs \u00e0 un appareil de contr\u00f4le d\u2019acc\u00e8s \/ interphone Hikvision qui prend en charge la lecture des empreintes digitales<\/li>\n<\/ul>\n","protected":false},"excerpt":{"rendered":"<h3>Principales caract\u00e9ristiques :<\/h3>\n<ul>\n<li>Cam\u00e9ra : CMOS 1\/4 \u00bb<\/li>\n<li>R\u00e9solution : 720 \u00d7 576<\/li>\n<li>Fr\u00e9quence D\u2019images Vid\u00e9o : PAL : 25 ips<\/li>\n<li>Entr\u00e9e Audio : Microphone omnidirectionnel int\u00e9gr\u00e9<\/li>\n<li>Sortie Audio : Haut-parleur int\u00e9gr\u00e9<\/li>\n<li>Qualit\u00e9 Audio : Suppression du bruit et annulation de l\u2019\u00e9cho<\/li>\n<li>\u00c9cran D\u2019affichage : LCD TFT color\u00e9 de 7 pouces<\/li>\n<li>R\u00e9solution D\u2019affichage : 800 \u00d7 480<\/li>\n<li>M\u00e9thode De Fonctionnement : Bouton physique<\/li>\n<\/ul>\n","protected":false},"featured_media":1066,"comment_status":"open","ping_status":"closed","template":"","meta":{"_joinchat":[]},"product_cat":[39],"product_tag":[],"_links":{"self":[{"href":"https:\/\/sodes-shop.com\/index.php\/wp-json\/wp\/v2\/product\/1065"}],"collection":[{"href":"https:\/\/sodes-shop.com\/index.php\/wp-json\/wp\/v2\/product"}],"about":[{"href":"https:\/\/sodes-shop.com\/index.php\/wp-json\/wp\/v2\/types\/product"}],"replies":[{"embeddable":true,"href":"https:\/\/sodes-shop.com\/index.php\/wp-json\/wp\/v2\/comments?post=1065"}],"wp:featuredmedia":[{"embeddable":true,"href":"https:\/\/sodes-shop.com\/index.php\/wp-json\/wp\/v2\/media\/1066"}],"wp:attachment":[{"href":"https:\/\/sodes-shop.com\/index.php\/wp-json\/wp\/v2\/media?parent=1065"}],"wp:term":[{"taxonomy":"product_cat","embeddable":true,"href":"https:\/\/sodes-shop.com\/index.php\/wp-json\/wp\/v2\/product_cat?post=1065"},{"taxonomy":"product_tag","embeddable":true,"href":"https:\/\/sodes-shop.com\/index.php\/wp-json\/wp\/v2\/product_tag?post=1065"}],"curies":[{"name":"wp","href":"https:\/\/api.w.org\/{rel}","templated":true}]}}