{"id":1062,"date":"2023-02-24T12:50:14","date_gmt":"2023-02-24T12:50:14","guid":{"rendered":"https:\/\/sodes-shop.com\/?post_type=product&#038;p=1062"},"modified":"2023-03-08T09:26:46","modified_gmt":"2023-03-08T09:26:46","slug":"video-intercom-kit-ds-kis602","status":"publish","type":"product","link":"https:\/\/sodes-shop.com\/index.php\/product\/video-intercom-kit-ds-kis602\/","title":{"rendered":"Video intercom kit DS-KIS602"},"content":{"rendered":"<ul>\n<li>Fonction d\u2019interphone vid\u00e9o HD 2 MP<\/li>\n<li>Fonction de contr\u00f4le d\u2019acc\u00e8s<\/li>\n<li>Suppression du bruit et annulation de l\u2019\u00e9cho<\/li>\n<li>Compression vid\u00e9o H.264<\/li>\n<li>Faible \u00e9clairage<\/li>\n<li>Alarme de sabotage<\/li>\n<li>Cam\u00e9ra fisheye avec lumi\u00e8re de suppl\u00e9ment IR<\/li>\n<li>Prise en charge de l\u2019acc\u00e8s aux sous-modules (max. 8)<\/li>\n<li>Personnalisation du Nametag<\/li>\n<li>Facile \u00e0 \u00e9tendre<\/li>\n<\/ul>\n","protected":false},"excerpt":{"rendered":"<h3>\u00a0Caract\u00e9ristiques :<\/h3>\n<p>Le kit Hikvision DS-KIS602 est facilement connect\u00e9 et vous permet d\u2019acc\u00e9der au syst\u00e8me via votre appareil mobile (Android, iOS, PC) \u00e0 l\u2019aide de l\u2019application smartphone, du logiciel gratuit ou de l\u2019interface Web. Cette fonctionnalit\u00e9 offre la possibilit\u00e9 de r\u00e9pondre aux appels et d\u2019ouvrir la porte o\u00f9 que vous soyez, ainsi que de visualiser en direct les cam\u00e9ras IP connect\u00e9es au cam\u00e9scope.<\/p>\n","protected":false},"featured_media":1063,"comment_status":"open","ping_status":"closed","template":"","meta":{"_joinchat":{"message_send":"Bonjour, cet article m'int\u00e9resse https:\/\/sodes-shop.com\/index.php\/product\/video-intercom-kit-ds-kis602\/"}},"product_cat":[39,23],"product_tag":[],"_links":{"self":[{"href":"https:\/\/sodes-shop.com\/index.php\/wp-json\/wp\/v2\/product\/1062"}],"collection":[{"href":"https:\/\/sodes-shop.com\/index.php\/wp-json\/wp\/v2\/product"}],"about":[{"href":"https:\/\/sodes-shop.com\/index.php\/wp-json\/wp\/v2\/types\/product"}],"replies":[{"embeddable":true,"href":"https:\/\/sodes-shop.com\/index.php\/wp-json\/wp\/v2\/comments?post=1062"}],"wp:featuredmedia":[{"embeddable":true,"href":"https:\/\/sodes-shop.com\/index.php\/wp-json\/wp\/v2\/media\/1063"}],"wp:attachment":[{"href":"https:\/\/sodes-shop.com\/index.php\/wp-json\/wp\/v2\/media?parent=1062"}],"wp:term":[{"taxonomy":"product_cat","embeddable":true,"href":"https:\/\/sodes-shop.com\/index.php\/wp-json\/wp\/v2\/product_cat?post=1062"},{"taxonomy":"product_tag","embeddable":true,"href":"https:\/\/sodes-shop.com\/index.php\/wp-json\/wp\/v2\/product_tag?post=1062"}],"curies":[{"name":"wp","href":"https:\/\/api.w.org\/{rel}","templated":true}]}}