{"id":1059,"date":"2023-02-24T12:40:54","date_gmt":"2023-02-24T12:40:54","guid":{"rendered":"https:\/\/sodes-shop.com\/?post_type=product&#038;p=1059"},"modified":"2023-02-24T12:45:17","modified_gmt":"2023-02-24T12:45:17","slug":"lecteur-dempreinte-digital-fr1200","status":"publish","type":"product","link":"https:\/\/sodes-shop.com\/index.php\/product\/lecteur-dempreinte-digital-fr1200\/","title":{"rendered":"LECTEUR D\u2019EMPREINTE DIGITAL FR1200"},"content":{"rendered":"<p data-spm-anchor-id=\"a2700.details.0.i7.3b6b3305tZh2wE\">FR1200 est un lecteur d&#8217;empreintes digitales avec RS485 l&#8217;interface de communication fonctionne avec biom\u00e9trique contr\u00f4leurs d&#8217;acc\u00e8s et contr\u00f4le d&#8217;acc\u00e8s autonome d&#8217;empreintes digitales, Y compris inBIO s\u00e9rie contr\u00f4leurs, F8 et ainsi de suite. Il offre la fonction de collecte et de transfert d&#8217;empreinte digitale \u00e9chantillons \u00e0 panneau de contr\u00f4le d&#8217;acc\u00e8s. Avec ses IP65 structure robuste certifi\u00e9e, FR1200 offre une durabilit\u00e9 suppl\u00e9mentaire dans toutes les conditions m\u00e9t\u00e9orologiques, y compris les environnements ext\u00e9rieurs..<\/p>\n<p align=\"left\">Caract\u00e9ristiques:<\/p>\n<p>FR1200 fonctionne avec inBIO s\u00e9rie panneau de commande ou appareil autonome par RS485 ou travailler avec F18\/F19 d&#8217;acc\u00e8s d&#8217;empreinte digitale contr\u00f4le lecteur esclave.<\/p>\n<p>IP65 certifi\u00e9 pour l&#8217;environnement de travail ext\u00e9rieur<\/p>\n<p>FR1200 a standard 125Khz Carte D&#8217;IDENTIT\u00c9 module<\/p>\n","protected":false},"excerpt":{"rendered":"<h3>Principales caract\u00e9ristiques :<\/h3>\n<ul>\n<li>Mod\u00e8le : FR1200<\/li>\n<li>CPU : 324 MHz<\/li>\n<li>Capteur d&#8217;empreintes digitales : ZK Capteur De Petite Taille<\/li>\n<li>Algorithme Version : Doigt VX10.0<\/li>\n<li>Communication : RS485<\/li>\n<li>Fonction Standard : Carte D&#8217;IDENTIT\u00c9 Module<\/li>\n<li>Fonction optionnelle : MF Carte Module<\/li>\n<li>Alimentation : DC 12V<\/li>\n<li>Temp\u00e9rature de fonctionnement : 0 ~ 45 \u00b0C (32 \u00b0 ~ 113 \u00b0F)<\/li>\n<li>Dimension(L x L x H) : 102x50x37mm<\/li>\n<li>Cat\u00e9gorie De Protection : IP65<\/li>\n<\/ul>\n","protected":false},"featured_media":1060,"comment_status":"open","ping_status":"closed","template":"","meta":{"_joinchat":[]},"product_cat":[39,45],"product_tag":[],"_links":{"self":[{"href":"https:\/\/sodes-shop.com\/index.php\/wp-json\/wp\/v2\/product\/1059"}],"collection":[{"href":"https:\/\/sodes-shop.com\/index.php\/wp-json\/wp\/v2\/product"}],"about":[{"href":"https:\/\/sodes-shop.com\/index.php\/wp-json\/wp\/v2\/types\/product"}],"replies":[{"embeddable":true,"href":"https:\/\/sodes-shop.com\/index.php\/wp-json\/wp\/v2\/comments?post=1059"}],"wp:featuredmedia":[{"embeddable":true,"href":"https:\/\/sodes-shop.com\/index.php\/wp-json\/wp\/v2\/media\/1060"}],"wp:attachment":[{"href":"https:\/\/sodes-shop.com\/index.php\/wp-json\/wp\/v2\/media?parent=1059"}],"wp:term":[{"taxonomy":"product_cat","embeddable":true,"href":"https:\/\/sodes-shop.com\/index.php\/wp-json\/wp\/v2\/product_cat?post=1059"},{"taxonomy":"product_tag","embeddable":true,"href":"https:\/\/sodes-shop.com\/index.php\/wp-json\/wp\/v2\/product_tag?post=1059"}],"curies":[{"name":"wp","href":"https:\/\/api.w.org\/{rel}","templated":true}]}}