{"id":1056,"date":"2023-02-24T12:30:35","date_gmt":"2023-02-24T12:30:35","guid":{"rendered":"https:\/\/sodes-shop.com\/?post_type=product&#038;p=1056"},"modified":"2025-11-03T21:07:22","modified_gmt":"2025-11-03T21:07:22","slug":"1056","status":"publish","type":"product","link":"https:\/\/sodes-shop.com\/index.php\/product\/1056\/","title":{"rendered":"Lecteur Biometrique ZKTeco F18"},"content":{"rendered":"<p>F18 est un lecteur d\u2019empreintes digitales biom\u00e9trique innovant pour contr\u00f4le d\u2019acc\u00e8s. Avec ses fonctions de firmware tr\u00e8s performantes et son design compact, il est devenu l\u2019un des appareils les plus populaires de ZKTeco. Il s\u2019utilise avec le tout dernier firmware de ZKTeco, accompagn\u00e9 d\u2019une interface conviviale et de param\u00e8tres d\u2019autorisation d\u2019utilisateurs flexible pour une gestion multi-niveau. La nouvelle plateforme mat\u00e9rielle utilise un core-board\u00a0ZMM210 avec CPU 1,2Ghz. Avec l\u2019optimisation \u00e0 la fois de la plateforme mat\u00e9rielle et du firmware, le nouveau f18 est capable de v\u00e9rifier les empreintes digitales de mani\u00e8re encore plus efficace. L\u2019appareil offre une flexibilit\u00e9 d\u2019installation avec tous les panneaux de contr\u00f4le d\u2019acc\u00e8s de tiers qui prennent en charge le signal Wiegand standard. Les modules TCP\/IP et RS485 sont \u00e9galement disponibles pour permettre d\u2019appliquer F18 sur un r\u00e9seau diff\u00e9rent.<\/p>\n","protected":false},"excerpt":{"rendered":"<h3>caract\u00e9ristiques :<\/h3>\n<ul>\n<li>Indication sonore et visuelle d\u2019acceptation et de rejet des empreintes digitales valides\/non valides<\/li>\n<li>Le hardware ZMM210 avec CPU 1,2GHz am\u00e9liore le temps de traitement<\/li>\n<li>Interface r\u00e9seau par TCP\/IP ou RS485<\/li>\n<li>Serveur web<\/li>\n<li>Mod\u00e8le\u00a0tr\u00e8s fin et \u00e9l\u00e9gant<\/li>\n<li>Fonctionnalit\u00e9s de contr\u00f4le d\u2019acc\u00e8s<\/li>\n<\/ul>\n","protected":false},"featured_media":1057,"comment_status":"open","ping_status":"closed","template":"","meta":{"_joinchat":{"message_send":"Bonjour, cet article m'int\u00e9resse https:\/\/sodes-shop.com\/index.php\/product\/1056\/"}},"product_cat":[39,45,23],"product_tag":[],"_links":{"self":[{"href":"https:\/\/sodes-shop.com\/index.php\/wp-json\/wp\/v2\/product\/1056"}],"collection":[{"href":"https:\/\/sodes-shop.com\/index.php\/wp-json\/wp\/v2\/product"}],"about":[{"href":"https:\/\/sodes-shop.com\/index.php\/wp-json\/wp\/v2\/types\/product"}],"replies":[{"embeddable":true,"href":"https:\/\/sodes-shop.com\/index.php\/wp-json\/wp\/v2\/comments?post=1056"}],"wp:featuredmedia":[{"embeddable":true,"href":"https:\/\/sodes-shop.com\/index.php\/wp-json\/wp\/v2\/media\/1057"}],"wp:attachment":[{"href":"https:\/\/sodes-shop.com\/index.php\/wp-json\/wp\/v2\/media?parent=1056"}],"wp:term":[{"taxonomy":"product_cat","embeddable":true,"href":"https:\/\/sodes-shop.com\/index.php\/wp-json\/wp\/v2\/product_cat?post=1056"},{"taxonomy":"product_tag","embeddable":true,"href":"https:\/\/sodes-shop.com\/index.php\/wp-json\/wp\/v2\/product_tag?post=1056"}],"curies":[{"name":"wp","href":"https:\/\/api.w.org\/{rel}","templated":true}]}}