{"id":1049,"date":"2023-02-24T11:29:15","date_gmt":"2023-02-24T11:29:15","guid":{"rendered":"https:\/\/sodes-shop.com\/?post_type=product&#038;p=1049"},"modified":"2025-11-03T21:23:36","modified_gmt":"2025-11-03T21:23:36","slug":"pointeuse-biometrique-v30-multistar","status":"publish","type":"product","link":"https:\/\/sodes-shop.com\/index.php\/product\/pointeuse-biometrique-v30-multistar\/","title":{"rendered":"POINTEUSE BIOMETRIQUE V30 MULTISTAR"},"content":{"rendered":"<p>Le Lecteur Contr\u00f4le d&#8217;acc\u00e8s et Syst\u00e8me de pointage biom\u00e9trique Multistar V30 est un syst\u00e8me de contr\u00f4le d&#8217;acc\u00e8s professionnel d\u00e9velopp\u00e9 pour les petites et moyennes entreprises pour leurs s\u00e9curit\u00e9s. Il int\u00e8gre l&#8217;identification par empreintes digitales, par carte RFID, par mot de passe et contr\u00f4le \u00e9galement \u00a0les entr\u00e9es et sorties du personnel \u00a0etc\u2026 Avec un design \u00e9l\u00e9gant et \u00e0 la mode et une qualit\u00e9 fiable. Il dispose d&#8217;une sonnerie musicale de haute qualit\u00e9, d&#8217;un affichage multilingue, d&#8217;une interface conviviale et d&#8217;une puissante fonction de communication adapt\u00e9e \u00e0 la gestion des donn\u00e9es dans divers environnements. Il est livr\u00e9 avec un logiciel de gestion fonctionnel, compatible avec diff\u00e9rents types de bases de donn\u00e9es. Il est polyvalent, pratique et multifonctionnel<\/p>\n","protected":false},"excerpt":{"rendered":"<h3>Principales caract\u00e9ristiques :<\/h3>\n<ul>\n<li>CAPACIT\u00c9 D\u2019EMPREINTE DIGITALE :3000<\/li>\n<li>TEMPS DE R\u00c9PONSE : \u22640.85<\/li>\n<li>EMPREINTE DIGITALE, MOT DE PASSE, CARTE D\u2019IDENTIT\u00c9, DISQUE RS485 \/ USB DC12V<\/li>\n<li>AFFICHAGE: 2.4 \u00ab\u00a0LCD<\/li>\n<li>T\u00c9L\u00c9CHARGEMENT\/TCP\/IP\/CLOUD<\/li>\n<li>GRADE IMPERM\u00c9ABLE \u00c0 L\u2019EAU: IP66<\/li>\n<li>CAPACIT\u00c9 D\u2019ENREGISTREMENT: 100000<\/li>\n<\/ul>\n","protected":false},"featured_media":1051,"comment_status":"open","ping_status":"closed","template":"","meta":{"_joinchat":[]},"product_cat":[39,45],"product_tag":[],"_links":{"self":[{"href":"https:\/\/sodes-shop.com\/index.php\/wp-json\/wp\/v2\/product\/1049"}],"collection":[{"href":"https:\/\/sodes-shop.com\/index.php\/wp-json\/wp\/v2\/product"}],"about":[{"href":"https:\/\/sodes-shop.com\/index.php\/wp-json\/wp\/v2\/types\/product"}],"replies":[{"embeddable":true,"href":"https:\/\/sodes-shop.com\/index.php\/wp-json\/wp\/v2\/comments?post=1049"}],"wp:featuredmedia":[{"embeddable":true,"href":"https:\/\/sodes-shop.com\/index.php\/wp-json\/wp\/v2\/media\/1051"}],"wp:attachment":[{"href":"https:\/\/sodes-shop.com\/index.php\/wp-json\/wp\/v2\/media?parent=1049"}],"wp:term":[{"taxonomy":"product_cat","embeddable":true,"href":"https:\/\/sodes-shop.com\/index.php\/wp-json\/wp\/v2\/product_cat?post=1049"},{"taxonomy":"product_tag","embeddable":true,"href":"https:\/\/sodes-shop.com\/index.php\/wp-json\/wp\/v2\/product_tag?post=1049"}],"curies":[{"name":"wp","href":"https:\/\/api.w.org\/{rel}","templated":true}]}}