{"id":1046,"date":"2023-02-24T11:21:00","date_gmt":"2023-02-24T11:21:00","guid":{"rendered":"https:\/\/sodes-shop.com\/?post_type=product&#038;p=1046"},"modified":"2023-03-08T09:35:14","modified_gmt":"2023-03-08T09:35:14","slug":"zkteco-x-face-pro","status":"publish","type":"product","link":"https:\/\/sodes-shop.com\/index.php\/product\/zkteco-x-face-pro\/","title":{"rendered":"ZKTeco X FACE PRO"},"content":{"rendered":"<ul>\n<li>Produit: Multi-Bio Time Attendance &amp; Access Control Terminal<\/li>\n<li>Mod\u00e8le: X Face Pro<\/li>\n<li>Dimensions: 173x159x36.1mm<\/li>\n<li>Affichage: \u00e9cran TFT de 2,8 pouces<\/li>\n<li>Interface de contr\u00f4le d\u2019acc\u00e8s pour: serrure, capteur de porte, bouton de sortie, alarme<\/li>\n<li>Capacit\u00e9 faciale : 3 000<\/li>\n<li>Capacit\u00e9 d\u2019empreintes digitales: 5,000<\/li>\n<li>Capacit\u00e9 de la carte d\u2019identit\u00e9 : 20 000<\/li>\n<li>Capacit\u00e9 record : 100 000<\/li>\n<li>Alimentation: DC 12V, 1.5A<\/li>\n<\/ul>\n","protected":false},"excerpt":{"rendered":"<h3>Caract\u00e9ristiques :<\/h3>\n<p>ZKTeco X FACE PRO Multi-Bio Time Attendance &amp; Access Control Terminal associ\u00e9 aux fonctions de lecteur d\u2019empreintes digitales SilkID, de reconnaissance faciale et de carte RFID. Avec le nouveau lecteur d\u2019empreintes digitales SilkID, le fonctionnement reste stable sous une source lumineuse forte et une grande pr\u00e9cision de v\u00e9rification des doigts mouill\u00e9s et rugueux. Avec le dernier algorithme facial<br \/>\net les fonctionnalit\u00e9s d\u2019innovation, X Face Pro vous apporte une toute nouvelle exp\u00e9rience.<\/p>\n","protected":false},"featured_media":1048,"comment_status":"open","ping_status":"closed","template":"","meta":{"_joinchat":{"message_send":"Bonjour, cet article m'int\u00e9resse https:\/\/sodes-shop.com\/index.php\/product\/zkteco-x-face-pro\/"}},"product_cat":[39,45,23],"product_tag":[],"_links":{"self":[{"href":"https:\/\/sodes-shop.com\/index.php\/wp-json\/wp\/v2\/product\/1046"}],"collection":[{"href":"https:\/\/sodes-shop.com\/index.php\/wp-json\/wp\/v2\/product"}],"about":[{"href":"https:\/\/sodes-shop.com\/index.php\/wp-json\/wp\/v2\/types\/product"}],"replies":[{"embeddable":true,"href":"https:\/\/sodes-shop.com\/index.php\/wp-json\/wp\/v2\/comments?post=1046"}],"wp:featuredmedia":[{"embeddable":true,"href":"https:\/\/sodes-shop.com\/index.php\/wp-json\/wp\/v2\/media\/1048"}],"wp:attachment":[{"href":"https:\/\/sodes-shop.com\/index.php\/wp-json\/wp\/v2\/media?parent=1046"}],"wp:term":[{"taxonomy":"product_cat","embeddable":true,"href":"https:\/\/sodes-shop.com\/index.php\/wp-json\/wp\/v2\/product_cat?post=1046"},{"taxonomy":"product_tag","embeddable":true,"href":"https:\/\/sodes-shop.com\/index.php\/wp-json\/wp\/v2\/product_tag?post=1046"}],"curies":[{"name":"wp","href":"https:\/\/api.w.org\/{rel}","templated":true}]}}