{"id":1043,"date":"2023-02-24T11:12:04","date_gmt":"2023-02-24T11:12:04","guid":{"rendered":"https:\/\/sodes-shop.com\/?post_type=product&#038;p=1043"},"modified":"2025-05-17T11:29:25","modified_gmt":"2025-05-17T11:29:25","slug":"ds-k1a8503mf-b","status":"publish","type":"product","link":"https:\/\/sodes-shop.com\/index.php\/product\/ds-k1a8503mf-b\/","title":{"rendered":"DS-K1A8503MF-B"},"content":{"rendered":"<ul>\n<li>\u00c9cran LCD de 2,4 pouces pour afficher l\u2019heure, la date, la semaine et les informations de pr\u00e9sence<\/li>\n<li>Fonctionnement autonome (prend en charge l\u2019ajout de personnes, de cartes et d\u2019empreintes digitales localement)<\/li>\n<li>Jusqu\u2019\u00e0 32 quarts de travail normaux, 32 quarts de travail et 32 horaires de vacances de pr\u00e9sence peuvent \u00eatre configur\u00e9s<\/li>\n<li>Prend en charge 6 statuts de pr\u00e9sence, y compris l\u2019enregistrement, le d\u00e9part, l\u2019enregistrement, le d\u00e9part, l\u2019enregistrement suppl\u00e9mentaire et le d\u00e9part suppl\u00e9mentaire<\/li>\n<li>G\u00e9n\u00e9rer automatiquement des rapports<\/li>\n<li>Prend en charge plusieurs langues: anglais, vietnamien, portugais br\u00e9silien, espagnol, fran\u00e7ais, italien, arabe, tha\u00ef, turc, indon\u00e9sien et ukrainien<\/li>\n<li>Prend en charge les protocoles ISAPI et ISUP 5.0<\/li>\n<li>Type de carte: Carte Mifare 1<\/li>\n<li>Distance de lecture de la carte: 5cm<\/li>\n<li>Avec batterie<\/li>\n<\/ul>\n","protected":false},"excerpt":{"rendered":"<h3>Caract\u00e9ristiques :<\/h3>\n<p>Terminal de contr\u00f4le d\u2019acc\u00e8s avec \u00e9cran LCD 2,4 \u00ab\u00a0, lecteur d\u2019empreintes digitales, module de lecture de carte M1 int\u00e9gr\u00e9, clavier num\u00e9rique. Communication: TCP\/IP, EHome; 1000 utilisateurs, 1000 empreintes digitales, 1000 cartes et Max. 100 000 \u00e9v\u00e9nements. 1x USB2.0, 1 buzzer, 1 haut-parleur. Prise en charge du contr\u00f4le d\u2019acc\u00e8s et de la fonction d\u2019enregistrement du temps, module d\u2019empreintes digitales optique; Prend en charge 6 \u00e9tats de pr\u00e9sence, y compris le d\u00e9but \/ fin du travail, la pause \/ d\u00e9but \/ fin, le d\u00e9but \/ la fin des heures suppl\u00e9mentaires.<\/p>\n","protected":false},"featured_media":1044,"comment_status":"open","ping_status":"closed","template":"","meta":{"_joinchat":{"message_send":"Bonjour, cet article m'int\u00e9resse https:\/\/sodes-shop.com\/index.php\/product\/ds-k1a8503mf-b\/"}},"product_cat":[39,45,23],"product_tag":[],"_links":{"self":[{"href":"https:\/\/sodes-shop.com\/index.php\/wp-json\/wp\/v2\/product\/1043"}],"collection":[{"href":"https:\/\/sodes-shop.com\/index.php\/wp-json\/wp\/v2\/product"}],"about":[{"href":"https:\/\/sodes-shop.com\/index.php\/wp-json\/wp\/v2\/types\/product"}],"replies":[{"embeddable":true,"href":"https:\/\/sodes-shop.com\/index.php\/wp-json\/wp\/v2\/comments?post=1043"}],"wp:featuredmedia":[{"embeddable":true,"href":"https:\/\/sodes-shop.com\/index.php\/wp-json\/wp\/v2\/media\/1044"}],"wp:attachment":[{"href":"https:\/\/sodes-shop.com\/index.php\/wp-json\/wp\/v2\/media?parent=1043"}],"wp:term":[{"taxonomy":"product_cat","embeddable":true,"href":"https:\/\/sodes-shop.com\/index.php\/wp-json\/wp\/v2\/product_cat?post=1043"},{"taxonomy":"product_tag","embeddable":true,"href":"https:\/\/sodes-shop.com\/index.php\/wp-json\/wp\/v2\/product_tag?post=1043"}],"curies":[{"name":"wp","href":"https:\/\/api.w.org\/{rel}","templated":true}]}}