{"id":1037,"date":"2023-02-24T10:56:48","date_gmt":"2023-02-24T10:56:48","guid":{"rendered":"https:\/\/sodes-shop.com\/?post_type=product&#038;p=1037"},"modified":"2025-08-07T20:05:31","modified_gmt":"2025-08-07T20:05:31","slug":"ds-k1t804bmf","status":"publish","type":"product","link":"https:\/\/sodes-shop.com\/index.php\/product\/ds-k1t804bmf\/","title":{"rendered":"DS-K1T804BMF"},"content":{"rendered":"<p>DS-K1T804BMF Terminal de contr\u00f4le d\u2019acc\u00e8s par empreinte digitale . 3 000 empreintes digitales, 3 000 cartes et 100 000 \u00e9v\u00e9nements de stockage .Lecteur de carte int\u00e9gr\u00e9 pour carte Mifare1 . Communication via TCP\/TP et Wi-Fi .Prend en charge l\u2019interface Wiegand . Interface d\u2019entr\u00e9e et de sortie d\u2019alarme . ISUP5.0,ISAPI . Sp\u00e9cification Syst\u00e8me Syst\u00e8me d\u2019exploitation Linux Montrer Taille 2,4 pouces R\u00e9solution 320 x 240 Type \u00e9cran d\u2019affichage LCD-TFT Audio Sortie audio 1 haut-parleur, 1 buzzer R\u00e9seau R\u00e9seau c\u00e2bl\u00e9 TCP\/IP, 10\/100Mbps, auto-adaptatif Prise en charge Wi-Fi Interface Interface r\u00e9seau 1 Wiegand 1 Verrouiller la sortie 1 Bouton de sortie 1 Entr\u00e9e de contact de porte 1 Entr\u00e9e E\/S 1 Sortie E\/S 1 TAMPER 1 USB 1 Capacit\u00e9 Capacit\u00e9 de la carte 3000 Capacit\u00e9 d\u2019empreinte digitale 3000 Capacit\u00e9 \u00e9v\u00e9nementielle 100 000 Authentification Type de carte Carte Mifare 1 Distance de lecture de carte 0 \u00e0 4,5 cm Dur\u00e9e de lecture de la carte &lt; 1 s Module d\u2019empreintes digitales Module optique d\u2019empreintes digitales Mode de comparaison d\u2019empreintes digitales 1:1 et 1:N Dur\u00e9e de reconnaissance des empreintes digitales &lt; 1 s Empreintes digitales Fa&#8230;<\/p>\n","protected":false},"excerpt":{"rendered":"<h3>Principales caract\u00e9ristiques :<\/h3>\n<ul>\n<li>Stockage de 3 000 empreintes digitales, 3 000 cartes et 100 000 \u00e9v\u00e9nements<\/li>\n<li>Lecteur de carte int\u00e9gr\u00e9 pour carte Mifare1<\/li>\n<li>Communication via TCP\/TP et Wi-Fi<\/li>\n<li>Prend en charge l&#8217;interface Wiegand<\/li>\n<li>Interface d&#8217;entr\u00e9e et de sortie d&#8217;alarme \uf06e ISUP5.0\uff0cISAPI<\/li>\n<\/ul>\n<p>&nbsp;<\/p>\n","protected":false},"featured_media":1041,"comment_status":"open","ping_status":"closed","template":"","meta":{"_joinchat":[]},"product_cat":[39,45],"product_tag":[],"_links":{"self":[{"href":"https:\/\/sodes-shop.com\/index.php\/wp-json\/wp\/v2\/product\/1037"}],"collection":[{"href":"https:\/\/sodes-shop.com\/index.php\/wp-json\/wp\/v2\/product"}],"about":[{"href":"https:\/\/sodes-shop.com\/index.php\/wp-json\/wp\/v2\/types\/product"}],"replies":[{"embeddable":true,"href":"https:\/\/sodes-shop.com\/index.php\/wp-json\/wp\/v2\/comments?post=1037"}],"wp:featuredmedia":[{"embeddable":true,"href":"https:\/\/sodes-shop.com\/index.php\/wp-json\/wp\/v2\/media\/1041"}],"wp:attachment":[{"href":"https:\/\/sodes-shop.com\/index.php\/wp-json\/wp\/v2\/media?parent=1037"}],"wp:term":[{"taxonomy":"product_cat","embeddable":true,"href":"https:\/\/sodes-shop.com\/index.php\/wp-json\/wp\/v2\/product_cat?post=1037"},{"taxonomy":"product_tag","embeddable":true,"href":"https:\/\/sodes-shop.com\/index.php\/wp-json\/wp\/v2\/product_tag?post=1037"}],"curies":[{"name":"wp","href":"https:\/\/api.w.org\/{rel}","templated":true}]}}