{"id":1030,"date":"2023-02-24T10:34:40","date_gmt":"2023-02-24T10:34:40","guid":{"rendered":"https:\/\/sodes-shop.com\/?post_type=product&#038;p=1030"},"modified":"2023-03-08T11:51:35","modified_gmt":"2023-03-08T11:51:35","slug":"cable-coaxial-rg59-305m","status":"publish","type":"product","link":"https:\/\/sodes-shop.com\/index.php\/product\/cable-coaxial-rg59-305m\/","title":{"rendered":"Cable Coaxial RG59  305m"},"content":{"rendered":"","protected":false},"excerpt":{"rendered":"<h3>\u00a0Caract\u00e9ristiques :<\/h3>\n<ul>\n<li><strong>Rouleau de c\u00e2ble coaxial \u201c2 en 1\u201d combinant la transmission de la vid\u00e9o et l\u2019alimentation de la cam\u00e9ra de surveillance RG59 + 2\u00d70,81<\/strong><\/li>\n<li><strong>Ce c\u00e2ble est destin\u00e9 aux installations de vid\u00e9o surveillance analogiques et HDCVI.<\/strong><\/li>\n<li><strong>Rouleau de 100 m\u00e8tres. Couleur noir.<br \/>\n<\/strong><\/li>\n<li><strong>Vendu sans connectique.<\/strong><\/li>\n<\/ul>\n","protected":false},"featured_media":1031,"comment_status":"open","ping_status":"closed","template":"","meta":{"_joinchat":{"message_send":"Bonjour, cet article m'int\u00e9resse https:\/\/sodes-shop.com\/index.php\/product\/cable-coaxial-rg59-305m\/"}},"product_cat":[41],"product_tag":[],"_links":{"self":[{"href":"https:\/\/sodes-shop.com\/index.php\/wp-json\/wp\/v2\/product\/1030"}],"collection":[{"href":"https:\/\/sodes-shop.com\/index.php\/wp-json\/wp\/v2\/product"}],"about":[{"href":"https:\/\/sodes-shop.com\/index.php\/wp-json\/wp\/v2\/types\/product"}],"replies":[{"embeddable":true,"href":"https:\/\/sodes-shop.com\/index.php\/wp-json\/wp\/v2\/comments?post=1030"}],"wp:featuredmedia":[{"embeddable":true,"href":"https:\/\/sodes-shop.com\/index.php\/wp-json\/wp\/v2\/media\/1031"}],"wp:attachment":[{"href":"https:\/\/sodes-shop.com\/index.php\/wp-json\/wp\/v2\/media?parent=1030"}],"wp:term":[{"taxonomy":"product_cat","embeddable":true,"href":"https:\/\/sodes-shop.com\/index.php\/wp-json\/wp\/v2\/product_cat?post=1030"},{"taxonomy":"product_tag","embeddable":true,"href":"https:\/\/sodes-shop.com\/index.php\/wp-json\/wp\/v2\/product_tag?post=1030"}],"curies":[{"name":"wp","href":"https:\/\/api.w.org\/{rel}","templated":true}]}}