{"id":1027,"date":"2023-02-24T10:27:37","date_gmt":"2023-02-24T10:27:37","guid":{"rendered":"https:\/\/sodes-shop.com\/?post_type=product&#038;p=1027"},"modified":"2023-02-24T10:29:52","modified_gmt":"2023-02-24T10:29:52","slug":"cable-rg59-100-metres","status":"publish","type":"product","link":"https:\/\/sodes-shop.com\/index.php\/product\/cable-rg59-100-metres\/","title":{"rendered":"C\u00e2ble RG59 100 m\u00e8tres"},"content":{"rendered":"<p>Les c\u00e2bles coaxiaux Premax (PM-CCP59) sont des c\u00e2bles de haute vitesse utilis\u00e9s pour les applications de vid\u00e9osurveillance.\u00a0Donc, si vous voulez un r\u00e9seau sup\u00e9rieur et plus rapide pour la transmission de vos vid\u00e9o, alors Cat6 PM-CCP59 est la meilleure solution.\u00a0Avec l\u2019\u00e8re des transmissions plus rapides, les r\u00e9seaux \u00e0 plein r\u00e9gime, le c\u00e2ble coaxial Premax, vous donneront certainement l\u2019avantage de durer plus longtemps.\u00a0Ce c\u00e2ble est constitu\u00e9 de PVC noir blind\u00e9 de haute qualit\u00e9.<\/p>\n","protected":false},"excerpt":{"rendered":"<h3>Principales caract\u00e9ristiques :<\/h3>\n<ul>\n<li>Type C\u00e2ble coaxial RG59 CCS avec alimentation<\/li>\n<li>Couleur Noir<\/li>\n<li>Longueur de c\u00e2ble 305m et 100m<\/li>\n<li>Compatible avec Cam\u00e9ras CCTV, applications vid\u00e9o<\/li>\n<li>Connecteur \u00e0 la premi\u00e8re extr\u00e9mit\u00e9 Aucun<\/li>\n<li>Connecteur \u00e0 la deuxi\u00e8me extr\u00e9mit\u00e9 Aucun<\/li>\n<li>Veste PVC et bouclier<\/li>\n<li>Type de conducteur 0.8mm CCS<\/li>\n<li>Marqu\u00e9 Oui m<\/li>\n<\/ul>\n","protected":false},"featured_media":1028,"comment_status":"open","ping_status":"closed","template":"","meta":{"_joinchat":[]},"product_cat":[41],"product_tag":[],"_links":{"self":[{"href":"https:\/\/sodes-shop.com\/index.php\/wp-json\/wp\/v2\/product\/1027"}],"collection":[{"href":"https:\/\/sodes-shop.com\/index.php\/wp-json\/wp\/v2\/product"}],"about":[{"href":"https:\/\/sodes-shop.com\/index.php\/wp-json\/wp\/v2\/types\/product"}],"replies":[{"embeddable":true,"href":"https:\/\/sodes-shop.com\/index.php\/wp-json\/wp\/v2\/comments?post=1027"}],"wp:featuredmedia":[{"embeddable":true,"href":"https:\/\/sodes-shop.com\/index.php\/wp-json\/wp\/v2\/media\/1028"}],"wp:attachment":[{"href":"https:\/\/sodes-shop.com\/index.php\/wp-json\/wp\/v2\/media?parent=1027"}],"wp:term":[{"taxonomy":"product_cat","embeddable":true,"href":"https:\/\/sodes-shop.com\/index.php\/wp-json\/wp\/v2\/product_cat?post=1027"},{"taxonomy":"product_tag","embeddable":true,"href":"https:\/\/sodes-shop.com\/index.php\/wp-json\/wp\/v2\/product_tag?post=1027"}],"curies":[{"name":"wp","href":"https:\/\/api.w.org\/{rel}","templated":true}]}}