{"id":1025,"date":"2023-02-24T10:23:07","date_gmt":"2023-02-24T10:23:07","guid":{"rendered":"https:\/\/sodes-shop.com\/?post_type=product&#038;p=1025"},"modified":"2023-02-24T10:24:02","modified_gmt":"2023-02-24T10:24:02","slug":"lecxo-cat-6e-utp","status":"publish","type":"product","link":"https:\/\/sodes-shop.com\/index.php\/product\/lecxo-cat-6e-utp\/","title":{"rendered":"LECXO CAT 6E UTP"},"content":{"rendered":"","protected":false},"excerpt":{"rendered":"<h3>Principales caract\u00e9ristiques :<\/h3>\n<ul>\n<li>C\u00c2BLE CAT 6 E UTP<\/li>\n<li>\u00a0GIGABIT\u00a0 ETHERNET<\/li>\n<li>C\u00e2ble \u00e0 paire torsad\u00e9e non blind\u00e9e (UTP) 23 AWG X 4 paires<\/li>\n<li>Guichet automatique 100Mbps<\/li>\n<li>IEEE 802.5<\/li>\n<li>RNIS<\/li>\n<li><span>VOIXGE<\/span><\/li>\n<\/ul>\n<p>&nbsp;<\/p>\n","protected":false},"featured_media":1026,"comment_status":"open","ping_status":"closed","template":"","meta":{"_joinchat":[]},"product_cat":[41],"product_tag":[],"_links":{"self":[{"href":"https:\/\/sodes-shop.com\/index.php\/wp-json\/wp\/v2\/product\/1025"}],"collection":[{"href":"https:\/\/sodes-shop.com\/index.php\/wp-json\/wp\/v2\/product"}],"about":[{"href":"https:\/\/sodes-shop.com\/index.php\/wp-json\/wp\/v2\/types\/product"}],"replies":[{"embeddable":true,"href":"https:\/\/sodes-shop.com\/index.php\/wp-json\/wp\/v2\/comments?post=1025"}],"wp:featuredmedia":[{"embeddable":true,"href":"https:\/\/sodes-shop.com\/index.php\/wp-json\/wp\/v2\/media\/1026"}],"wp:attachment":[{"href":"https:\/\/sodes-shop.com\/index.php\/wp-json\/wp\/v2\/media?parent=1025"}],"wp:term":[{"taxonomy":"product_cat","embeddable":true,"href":"https:\/\/sodes-shop.com\/index.php\/wp-json\/wp\/v2\/product_cat?post=1025"},{"taxonomy":"product_tag","embeddable":true,"href":"https:\/\/sodes-shop.com\/index.php\/wp-json\/wp\/v2\/product_tag?post=1025"}],"curies":[{"name":"wp","href":"https:\/\/api.w.org\/{rel}","templated":true}]}}