{"id":1022,"date":"2023-02-24T10:08:50","date_gmt":"2023-02-24T10:08:50","guid":{"rendered":"https:\/\/sodes-shop.com\/?post_type=product&#038;p=1022"},"modified":"2023-02-24T10:20:04","modified_gmt":"2023-02-24T10:20:04","slug":"cable-ethernet-rj45-cat-6-hst-sftp","status":"publish","type":"product","link":"https:\/\/sodes-shop.com\/index.php\/product\/cable-ethernet-rj45-cat-6-hst-sftp\/","title":{"rendered":"Cable ethernet rj45 cat 6 HST SFTP"},"content":{"rendered":"<p>Ce c\u00e2ble RJ45 SFTP permet de relier votre modem ou votre routeur ADSL \u00e0 votre ordinateur ou \u00e0 un switch. Il est compatible avec la norme cat\u00e9gorie 6 GIGA ETHERNET pour assurer un d\u00e9bit jusqu&#8217;\u00e0 1000 Mbps ou 1 Gigabit. Il est blind\u00e9 par feuillard en aluminium avec une tresse de protection pour chacune des paires torsad\u00e9es pour garantir une protection efficace contre les perturbations \u00e9lectromagn\u00e9tiques et un d\u00e9bit \u00e0 1 Gigabit.<\/p>\n","protected":false},"excerpt":{"rendered":"<h3>Principales caract\u00e9ristiques :<\/h3>\n<ul>\n<li>Marque Connectland<\/li>\n<li>Type de connecteur RJ45<\/li>\n<li>Type de c\u00e2ble Ethernet<\/li>\n<li>Compatibilit\u00e9 du p\u00e9riph\u00e9rique Ordinateur, Routeur, Modem<\/li>\n<li>Caract\u00e9ristique sp\u00e9ciale Compatible<\/li>\n<li>Couleur blanc<\/li>\n<li>D\u00e9bit de transfert de donn\u00e9es 1 Gigabits Per Second<\/li>\n<li>Type de colis emballage traditionnel<\/li>\n<\/ul>\n","protected":false},"featured_media":1023,"comment_status":"open","ping_status":"closed","template":"","meta":{"_joinchat":[]},"product_cat":[41],"product_tag":[],"_links":{"self":[{"href":"https:\/\/sodes-shop.com\/index.php\/wp-json\/wp\/v2\/product\/1022"}],"collection":[{"href":"https:\/\/sodes-shop.com\/index.php\/wp-json\/wp\/v2\/product"}],"about":[{"href":"https:\/\/sodes-shop.com\/index.php\/wp-json\/wp\/v2\/types\/product"}],"replies":[{"embeddable":true,"href":"https:\/\/sodes-shop.com\/index.php\/wp-json\/wp\/v2\/comments?post=1022"}],"wp:featuredmedia":[{"embeddable":true,"href":"https:\/\/sodes-shop.com\/index.php\/wp-json\/wp\/v2\/media\/1023"}],"wp:attachment":[{"href":"https:\/\/sodes-shop.com\/index.php\/wp-json\/wp\/v2\/media?parent=1022"}],"wp:term":[{"taxonomy":"product_cat","embeddable":true,"href":"https:\/\/sodes-shop.com\/index.php\/wp-json\/wp\/v2\/product_cat?post=1022"},{"taxonomy":"product_tag","embeddable":true,"href":"https:\/\/sodes-shop.com\/index.php\/wp-json\/wp\/v2\/product_tag?post=1022"}],"curies":[{"name":"wp","href":"https:\/\/api.w.org\/{rel}","templated":true}]}}