{"id":1019,"date":"2023-02-24T10:03:35","date_gmt":"2023-02-24T10:03:35","guid":{"rendered":"https:\/\/sodes-shop.com\/?post_type=product&#038;p=1019"},"modified":"2023-02-24T10:03:35","modified_gmt":"2023-02-24T10:03:35","slug":"cable-ethernet-rj45-cat-6-utp","status":"publish","type":"product","link":"https:\/\/sodes-shop.com\/index.php\/product\/cable-ethernet-rj45-cat-6-utp\/","title":{"rendered":"Cable ethernet rj45 cat 6 UTP"},"content":{"rendered":"<p>Ce c\u00e2ble cat\u00e9gorie CAT. 6 Classe E, est destin\u00e9 \u00e0 la fabrication de cordons patch et vous permet de transmettre des donn\u00e9es \u00e0 des fr\u00e9quences jusqu&#8217;\u00e0 250 MHz, et \u00e0 des d\u00e9bits jusqu&#8217;\u00e0 1 Gbps (voire jusqu&#8217;\u00e0 5 Gbps avec des \u00e9quipements actifs conformes IEEE 802.3bz).<\/p>\n<p>L&#8217;expression F\/UTP indique qu&#8217;il dispose d&#8217;un blindage g\u00e9n\u00e9ral pour l&#8217;ensemble des 4 paires, par une<br \/>\nfeuille d&#8217;aluminium. Ce type de c\u00e2ble offre une immunit\u00e9 aux perturbations ext\u00e9rieures assez satisfaisante.<\/p>\n<p>Son conducteur est exclusivement compos\u00e9 de cuivre, et sa conductivit\u00e9 est donc optimale, garant de performances les plus \u00e9lev\u00e9es. Ce type de c\u00e2bles est pr\u00e9conis\u00e9 pour les applications PoE jusqu&#8217;\u00e0 30 W (PoE+).<\/p>\n<p>La gaine de ce c\u00e2ble est en PVC, pour un usage int\u00e9rieur exclusivement.<\/p>\n","protected":false},"excerpt":{"rendered":"<h3>Principales caract\u00e9ristiques :<\/h3>\n<ul>\n<li>4 paires<\/li>\n<li>\u00a0Cat\u00e9gorie : CAT. 6<\/li>\n<li>\u00a0Fr\u00e9quence : 250 MHz<\/li>\n<li>Imp\u00e9dance : 100 ohms<\/li>\n<li>Conducteur : 100% cuivre<\/li>\n<li>\u00a0AWG : 26\/7 brins<\/li>\n<li>\u00a0Blindage : g\u00e9n\u00e9ral par feuille d&#8217;aluminium + drain de masse<\/li>\n<li>Taux de couverture du blindage : &gt;125%<\/li>\n<li>\u00a0Croix s\u00e9parateur de paires<\/li>\n<li>Diam\u00e8tre ext\u00e9rieur du c\u00e2ble : 6,2 mm<\/li>\n<li>Diam\u00e8tre ext\u00e9rieur des fils : 0,9 mm<\/li>\n<li>Isolant des paires : HDPE (poly\u00e9thyl\u00e8ne haute densit\u00e9)<\/li>\n<li>Norme de c\u00e2blage : EIA \/ TIA 568 C2 &#8211; ISO \/IEC 11801 &#8211; EN 50173<\/li>\n<li>Gaine : PVC<\/li>\n<li>Couleur : vert<\/li>\n<li>Temp\u00e9ratures de stockage et d&#8217;utilisation : -20\u00b0 \u00e0 +60\u00b0C<\/li>\n<li>NOTE : un c\u00e2ble multibrin n&#8217;est pas destin\u00e9 \u00e0 la r\u00e9alisation d&#8217;un c\u00e2blage permanent dans les cloisons d&#8217;un b\u00e2timent<\/li>\n<\/ul>\n","protected":false},"featured_media":1021,"comment_status":"open","ping_status":"closed","template":"","meta":{"_joinchat":[]},"product_cat":[41],"product_tag":[],"_links":{"self":[{"href":"https:\/\/sodes-shop.com\/index.php\/wp-json\/wp\/v2\/product\/1019"}],"collection":[{"href":"https:\/\/sodes-shop.com\/index.php\/wp-json\/wp\/v2\/product"}],"about":[{"href":"https:\/\/sodes-shop.com\/index.php\/wp-json\/wp\/v2\/types\/product"}],"replies":[{"embeddable":true,"href":"https:\/\/sodes-shop.com\/index.php\/wp-json\/wp\/v2\/comments?post=1019"}],"wp:featuredmedia":[{"embeddable":true,"href":"https:\/\/sodes-shop.com\/index.php\/wp-json\/wp\/v2\/media\/1021"}],"wp:attachment":[{"href":"https:\/\/sodes-shop.com\/index.php\/wp-json\/wp\/v2\/media?parent=1019"}],"wp:term":[{"taxonomy":"product_cat","embeddable":true,"href":"https:\/\/sodes-shop.com\/index.php\/wp-json\/wp\/v2\/product_cat?post=1019"},{"taxonomy":"product_tag","embeddable":true,"href":"https:\/\/sodes-shop.com\/index.php\/wp-json\/wp\/v2\/product_tag?post=1019"}],"curies":[{"name":"wp","href":"https:\/\/api.w.org\/{rel}","templated":true}]}}