{"id":1017,"date":"2023-02-24T09:56:41","date_gmt":"2023-02-24T09:56:41","guid":{"rendered":"https:\/\/sodes-shop.com\/?post_type=product&#038;p=1017"},"modified":"2025-11-03T21:12:17","modified_gmt":"2025-11-03T21:12:17","slug":"cable-ethernet-rj45-cat-6-ftp","status":"publish","type":"product","link":"https:\/\/sodes-shop.com\/index.php\/product\/cable-ethernet-rj45-cat-6-ftp\/","title":{"rendered":"Cable ethernet rj45 cat 6 FTP"},"content":{"rendered":"","protected":false},"excerpt":{"rendered":"<h3>Principales caract\u00e9ristiques :<\/h3>\n<ul>\n<li>BOBINE R\u00c9SEAU &#8211; 305m M\u00e8tre Cat6 AWG23 Ethernet LAN FTP Roll C\u00e2ble CCA en vrac \/ 1000ft Networking \/ Gris<\/li>\n<li>C\u00c2BLE 305M &#8211; Le c\u00e2ble RJ45 Local Area Network est un c\u00e2ble de raccordement &#8211; utilis\u00e9 pour relier les PC aux concentrateurs, Commutateurs r\u00e9seau, routeurs, modems DSL et ADSL<\/li>\n<li>R\u00c9SEAUX LOCAUX &#8211; Ce c\u00e2ble RJ45 associe toutes les destinations mat\u00e9rielles sur un r\u00e9seau local (LAN). Un appareil id\u00e9al \u00e0 utiliser avec 20 r\u00e9seaux Base-T, 100 Base-T<\/li>\n<li>NORMES DE CONFORMIT\u00c9 &#8211; Compatible avec CAT5 \/ 5E \/ CAT6, EIA \/ TIA-568 Cat\u00e9gorie 6<\/li>\n<li>COMPATIBILIT\u00c9 RJ45 &#8211; Ajoutez des connecteurs RJ45 aux deux extr\u00e9mit\u00e9s du c\u00e2ble, ce qui vous permet de connecter universellement des ordinateurs, des ordinateurs portables, des serveurs \u00e0 un routeur ou \u00e0 un r\u00e9seau local (LAN) c\u00e2bl\u00e9. Xbox, PS5, PS4, HDTV, commutateurs et imprimantes.<\/li>\n<\/ul>\n","protected":false},"featured_media":1018,"comment_status":"open","ping_status":"closed","template":"","meta":{"_joinchat":[]},"product_cat":[41],"product_tag":[],"_links":{"self":[{"href":"https:\/\/sodes-shop.com\/index.php\/wp-json\/wp\/v2\/product\/1017"}],"collection":[{"href":"https:\/\/sodes-shop.com\/index.php\/wp-json\/wp\/v2\/product"}],"about":[{"href":"https:\/\/sodes-shop.com\/index.php\/wp-json\/wp\/v2\/types\/product"}],"replies":[{"embeddable":true,"href":"https:\/\/sodes-shop.com\/index.php\/wp-json\/wp\/v2\/comments?post=1017"}],"wp:featuredmedia":[{"embeddable":true,"href":"https:\/\/sodes-shop.com\/index.php\/wp-json\/wp\/v2\/media\/1018"}],"wp:attachment":[{"href":"https:\/\/sodes-shop.com\/index.php\/wp-json\/wp\/v2\/media?parent=1017"}],"wp:term":[{"taxonomy":"product_cat","embeddable":true,"href":"https:\/\/sodes-shop.com\/index.php\/wp-json\/wp\/v2\/product_cat?post=1017"},{"taxonomy":"product_tag","embeddable":true,"href":"https:\/\/sodes-shop.com\/index.php\/wp-json\/wp\/v2\/product_tag?post=1017"}],"curies":[{"name":"wp","href":"https:\/\/api.w.org\/{rel}","templated":true}]}}