{"id":1015,"date":"2023-02-24T09:36:13","date_gmt":"2023-02-24T09:36:13","guid":{"rendered":"https:\/\/sodes-shop.com\/?post_type=product&#038;p=1015"},"modified":"2025-11-03T21:11:34","modified_gmt":"2025-11-03T21:11:34","slug":"cable-abonne-int-ext-4-3mm-g657a2-4fo-x-500m","status":"publish","type":"product","link":"https:\/\/sodes-shop.com\/index.php\/product\/cable-abonne-int-ext-4-3mm-g657a2-4fo-x-500m\/","title":{"rendered":"C\u00e2ble abonn\u00e9 int\/ext 4.3mm G657A2 4FO x 500m."},"content":{"rendered":"<p>Le c\u00e2ble abonn\u00e9 int\u00e9rieur\/ext\u00e9rieur est utilis\u00e9 pour le raccordement des pavillons permet de faire le raccordement terminal des abonn\u00e9es des r\u00e9seaux d\u2019acc\u00e8s FTTH du point de branchement optique ext\u00e9rieur jusqu\u2019\u00e0 la prise terminale optique.<\/p>\n<p>Gaine de diam\u00e8tre 4.3mm.<\/p>\n<p>Longueur de 500 m\u00e8tres.<\/p>\n","protected":false},"excerpt":{"rendered":"<h3>\u00a0Caract\u00e9ristiques :<\/h3>\n<div class=\"row col-xs-offset-bottom-1\">\n<ul>\n<li class=\"col-xs-2\"><strong>R\u00e9f. : <\/strong>FX 0101-03<\/li>\n<li class=\"col-xs-2\"><strong>Couleur : <\/strong>Noir<\/li>\n<li class=\"col-xs-2\"><strong>Longueur : <\/strong>Non<\/li>\n<li class=\"col-xs-2\"><strong>Marque : <\/strong>Non<\/li>\n<li class=\"col-xs-2\"><strong>Capacit\u00e9 : <\/strong>4<\/li>\n<\/ul>\n<\/div>\n","protected":false},"featured_media":1016,"comment_status":"open","ping_status":"closed","template":"","meta":{"_joinchat":{"message_send":"Bonjour, cet article m'int\u00e9resse https:\/\/sodes-shop.com\/index.php\/product\/cable-abonne-int-ext-4-3mm-g657a2-4fo-x-500m\/"}},"product_cat":[41],"product_tag":[],"_links":{"self":[{"href":"https:\/\/sodes-shop.com\/index.php\/wp-json\/wp\/v2\/product\/1015"}],"collection":[{"href":"https:\/\/sodes-shop.com\/index.php\/wp-json\/wp\/v2\/product"}],"about":[{"href":"https:\/\/sodes-shop.com\/index.php\/wp-json\/wp\/v2\/types\/product"}],"replies":[{"embeddable":true,"href":"https:\/\/sodes-shop.com\/index.php\/wp-json\/wp\/v2\/comments?post=1015"}],"wp:featuredmedia":[{"embeddable":true,"href":"https:\/\/sodes-shop.com\/index.php\/wp-json\/wp\/v2\/media\/1016"}],"wp:attachment":[{"href":"https:\/\/sodes-shop.com\/index.php\/wp-json\/wp\/v2\/media?parent=1015"}],"wp:term":[{"taxonomy":"product_cat","embeddable":true,"href":"https:\/\/sodes-shop.com\/index.php\/wp-json\/wp\/v2\/product_cat?post=1015"},{"taxonomy":"product_tag","embeddable":true,"href":"https:\/\/sodes-shop.com\/index.php\/wp-json\/wp\/v2\/product_tag?post=1015"}],"curies":[{"name":"wp","href":"https:\/\/api.w.org\/{rel}","templated":true}]}}