{"id":1008,"date":"2023-02-24T09:10:41","date_gmt":"2023-02-24T09:10:41","guid":{"rendered":"https:\/\/sodes-shop.com\/?post_type=product&#038;p=1008"},"modified":"2026-04-15T00:42:30","modified_gmt":"2026-04-15T00:42:30","slug":"connecteur-bnc","status":"publish","type":"product","link":"https:\/\/sodes-shop.com\/index.php\/product\/connecteur-bnc\/","title":{"rendered":"Connecteur BNC"},"content":{"rendered":"<h4 id=\"title\" class=\"a-size-large a-spacing-none\">Connecteur BNC de c\u00e2ble de vid\u00e9osurveillance coaxial \u00e0 Compression m\u00e2le \/ Connecteur d\u2019isolation BNC pour Kit de syst\u00e8me de Surveillance de cam\u00e9ra de vid\u00e9osurveillance<\/h4>\n","protected":false},"excerpt":{"rendered":"<h3>Principales caract\u00e9ristiques :<\/h3>\n<ul class=\"product-specs-list util-clearfix\">\n<li class=\"product-prop line-limit-length\"><span class=\"property-title\" data-spm-anchor-id=\"a2g0o.detail.0.i8.1c155e1f7NXD6W\">Type D\u2019article:\u00a0<\/span><span class=\"property-desc line-limit-length\" title=\"Video Converter\">Video Converter<\/span><\/li>\n<li class=\"product-prop line-limit-length\"><span class=\"property-title\">Type de prise:\u00a0<\/span><span class=\"property-desc line-limit-length\" title=\"EU\">EU<\/span><\/li>\n<li class=\"product-prop line-limit-length\"><span class=\"property-title\">Num\u00e9ro de Mod\u00e8le:\u00a0<\/span><span class=\"property-desc line-limit-length\" title=\"WX-BNC10\">WX-BNC10<\/span><\/li>\n<li class=\"product-prop line-limit-length\"><span class=\"property-title\">Taille:\u00a0<\/span><span class=\"property-desc line-limit-length\" title=\"8cm\">8cm<\/span><\/li>\n<li class=\"product-prop line-limit-length\"><span class=\"property-title\">Nom de marque:\u00a0<\/span><span class=\"property-desc line-limit-length\" title=\"LOFAM\">LOFAM<\/span><\/li>\n<\/ul>\n<p>&nbsp;<\/p>\n","protected":false},"featured_media":1009,"comment_status":"open","ping_status":"closed","template":"","meta":{"_joinchat":[]},"product_cat":[41],"product_tag":[],"_links":{"self":[{"href":"https:\/\/sodes-shop.com\/index.php\/wp-json\/wp\/v2\/product\/1008"}],"collection":[{"href":"https:\/\/sodes-shop.com\/index.php\/wp-json\/wp\/v2\/product"}],"about":[{"href":"https:\/\/sodes-shop.com\/index.php\/wp-json\/wp\/v2\/types\/product"}],"replies":[{"embeddable":true,"href":"https:\/\/sodes-shop.com\/index.php\/wp-json\/wp\/v2\/comments?post=1008"}],"wp:featuredmedia":[{"embeddable":true,"href":"https:\/\/sodes-shop.com\/index.php\/wp-json\/wp\/v2\/media\/1009"}],"wp:attachment":[{"href":"https:\/\/sodes-shop.com\/index.php\/wp-json\/wp\/v2\/media?parent=1008"}],"wp:term":[{"taxonomy":"product_cat","embeddable":true,"href":"https:\/\/sodes-shop.com\/index.php\/wp-json\/wp\/v2\/product_cat?post=1008"},{"taxonomy":"product_tag","embeddable":true,"href":"https:\/\/sodes-shop.com\/index.php\/wp-json\/wp\/v2\/product_tag?post=1008"}],"curies":[{"name":"wp","href":"https:\/\/api.w.org\/{rel}","templated":true}]}}